{"id":7607,"date":"2020-11-14T08:32:14","date_gmt":"2020-11-14T08:32:14","guid":{"rendered":"http:\/\/ailana.eu\/new\/?page_id=7607"},"modified":"2023-06-05T10:44:38","modified_gmt":"2023-06-05T10:44:38","slug":"krakmolas-is-grudu","status":"publish","type":"page","link":"https:\/\/ailana.eu\/lt\/produktai\/krakmolas-is-grudu\/","title":{"rendered":"Krakmolas i\u0161 gr\u016bd\u0173"},"content":{"rendered":"<section class=\"wpb-content-wrapper\"><p>[vc_row css=&#8221;.vc_custom_1534409531541{padding-top: 45px !important;padding-bottom: 45px !important;}&#8221;][vc_column align=&#8221;text-center&#8221; offset=&#8221;vc_col-md-offset-2 vc_col-md-8&#8243;]<style>.ld_fancy_heading_69e6331833d87 h6{font-size:12px;letter-spacing:0.1em;color:rgb(167, 169, 184);}.ld_fancy_heading_69e6331833d87 .lqd-highlight-inner{height:0.275em;bottom:0px;}<\/style><div class=\"ld-fancy-heading text-uppercase ld_fancy_heading_69e6331833d87\">\n\t<h6 class=\"lqd-highlight-underline lqd-highlight-grow-left\" ><span class=\"ld-fh-txt\"> Produktai<\/span><\/h6><\/div><style>.ld_fancy_heading_69e633183459b h1{font-size:30px;line-height:1.15em;}.ld_fancy_heading_69e633183459b .lqd-highlight-inner{height:0.275em;bottom:0px;}<\/style><div class=\"ld-fancy-heading ld_fancy_heading_69e633183459b\">\n\t<h1 class=\"lqd-highlight-underline lqd-highlight-grow-left\" data-fittext=\"true\" data-fittext-options='{\"compressor\":0.65,\"maxFontSize\":\"currentFontSize\",\"minFontSize\":\"32px\"}'><span class=\"ld-fh-txt\"> Krakmolas i\u0161 gr\u016bd\u0173<\/span><\/h1><\/div><style>.ld_spacer_69e633183461d{height:12px;}<\/style>\n<div class=\"ld-empty-space ld_spacer_69e633183461d\"><span class=\"liquid_empty_space_inner\"><\/span><\/div>[\/vc_column][vc_column][vc_separator color=&#8221;custom&#8221; border_width=&#8221;3&#8243; accent_color=&#8221;#181b31&#8243;][vc_row_inner gap=&#8221;30&#8243;][vc_column_inner][vc_column_text]<\/p>\n<p style=\"text-align: justify;\">Patobulinkite savo pagrindinius atskyrimo procesus naudodami \u201eAilana\u201c gr\u016bd\u0173 perdirbimo ferment\u0173 asortiment\u0105. M\u016bs\u0173 fermentai naudojami pramoniniame kvie\u010di\u0173 krakmolo perdirbimo procese, siekiant pagerinti krakmolo atskyrim\u0105. Kvie\u010di\u0173 atskyrimo bandymai parod\u0117 s\u0117kmingai atskirt\u0105 did\u017ei\u0105j\u0105 dal\u012f modifikuoto glitimo kiek\u012f, naudojant \u201eAilana\u201c krakmolo perdirbimo fermentus kvie\u010di\u0173 atskyrimo procesuose.<\/p>\n<p>[\/vc_column_text][\/vc_column_inner][\/vc_row_inner]<style>.ld_spacer_69e633183472f{height:30px;}<\/style>\n<div class=\"ld-empty-space ld_spacer_69e633183472f\"><span class=\"liquid_empty_space_inner\"><\/span><\/div>[vc_row_inner gap=&#8221;30&#8243;][vc_column_inner width=&#8221;1\/2&#8243;]<div id=\"ld_content_box_69e63318347bc\" class=\"fancy-box fancy-box-case-study scheme-light ld_content_box_69e63318347bc\" data-hover3d=\"true\">\n\n\t<div class=\"fancy-box-contents border-radius-5\" data-stacking-factor=\"0.5\">\n\n\t\t<div class=\"cb-img-container border-radius-5\">\n\n\t\t\t<figure class=\"fancy-box-image border-radius-5\" style=\"background-image: url(https:\/\/ailana.eu\/lt\/wp-content\/uploads\/2023\/06\/agroprocessing-plant-processing-storage-agricultural-products-flour-cereals-grain-scaled.jpg);\">\n\t\t\t\t<img decoding=\"async\" width=\"2560\" height=\"1707\" src=\"data:image\/svg+xml;charset=utf-8,&lt;svg xmlns%3D&#039;http%3A%2F%2Fwww.w3.org%2F2000%2Fsvg&#039; viewBox%3D&#039;0 0 2560 1707&#039;%2F&gt;\" class=\"invisible ld-lazyload\" alt=\"\" srcset=\"\" sizes=\"(max-width: 2560px) 100vw, 2560px\" data-src=\"https:\/\/ailana.eu\/lt\/wp-content\/uploads\/2023\/06\/agroprocessing-plant-processing-storage-agricultural-products-flour-cereals-grain-scaled.jpg\" data-srcset=\"https:\/\/ailana.eu\/lt\/wp-content\/uploads\/2023\/06\/agroprocessing-plant-processing-storage-agricultural-products-flour-cereals-grain-scaled.jpg 2560w, https:\/\/ailana.eu\/lt\/wp-content\/uploads\/2023\/06\/agroprocessing-plant-processing-storage-agricultural-products-flour-cereals-grain-300x200.jpg 300w, https:\/\/ailana.eu\/lt\/wp-content\/uploads\/2023\/06\/agroprocessing-plant-processing-storage-agricultural-products-flour-cereals-grain-1024x683.jpg 1024w\" data-aspect=\"1.4997070884593\" \/>\t\t\t<\/figure>\n\n\t\t<\/div><!-- \/.cb-img-container -->\n\t\t<div class=\"fancy-box-header\">\n\t\t\t\n\t\t\t<span class=\"ld-cb-icon\"><i class=\"icon-arrows_circle_left\"><\/i><\/span>\t\t\t\t\t\t\n\t\t<\/div><!-- \/.fancy-box-header -->\n\n\t<\/div><!-- \/.fancy-box-contents -->\n\n\t<a href=\"#\" class=\"liquid-overlay-link\"><\/a>\n<\/div><!-- \/.fancy-box fancy-box-classes -->[\/vc_column_inner][vc_column_inner width=&#8221;1\/2&#8243;]<style>.ld_spacer_69e633187e210{height:20px;}<\/style>\n<div class=\"ld-empty-space ld_spacer_69e633187e210\"><span class=\"liquid_empty_space_inner\"><\/span><\/div>[vc_column_text]<\/p>\n<p style=\"text-align: justify;\">M\u016bs\u0173 ferment\u0173 produkt\u0173 asortimentas leid\u017eia optimizuoti krakmolo ir gr\u016bd\u0173 atskyrim\u0105, kur\u012f galite naudoti:<\/p>\n<ul>\n<li>Suskystinimas pritaikant fermentus prie beveik bet kokios pH terp\u0117s<\/li>\n<li>Cukrinimas<\/li>\n<li>I\u0161skirtinis klampumo ma\u017einimas<\/li>\n<li>Baltym\u0173 hidroliz\u0117<\/li>\n<li>Padid\u0117j\u0119s pralaidumas ir ypatingas \u0161iluminis stabilumas<\/li>\n<li>Nereikalingas kalcis ir suma\u017eintas sieros r\u016bg\u0161ties naudojimas<\/li>\n<\/ul>\n<p>[\/vc_column_text][\/vc_column_inner][\/vc_row_inner][\/vc_column][\/vc_row][vc_row][vc_column][vc_column_text]<\/p>\n<blockquote class=\"wp-block-quote\">\n<p style=\"text-align: justify;\">\u201eAilana\u201c gali tiekti \u012fvairius fermentus pagal j\u016bs\u0173 poreikius. Mes taip pat turime galimyb\u0119 pritaikyti ir modifikuoti ferment\u0173 aktyvum\u0105 pagal j\u016bs\u0173 gamybos proces\u0105. Galime gaminti ferment\u0173 mi\u0161inius \/ kokteilius. Jei turite galimyb\u0119 patys gaminti ferment\u0173 mi\u0161inius, mes galime perduoti savo \u017einias ir i\u0161mokyti juos gaminti.<\/p>\n<p style=\"text-align: justify;\"><strong>Nor\u0117dami gauti daugiau informacijos, <a href=\"https:\/\/ailana.eu\/lt\/susisiekite-su-mumis\/\">susisiekite su mumis<\/a> ir mes suteiksime jums i\u0161sami\u0105 informacij\u0105.<\/strong><\/p>\n<\/blockquote>\n<p>[\/vc_column_text][\/vc_column][\/vc_row][vc_row content_placement=&#8221;bottom&#8221; css=&#8221;.vc_custom_1532682998561{padding-top: 80px !important;padding-bottom: 110px !important;}&#8221;][vc_column enable_content_animation=&#8221;yes&#8221; ca_init_scale_x=&#8221;1&#8243; ca_init_scale_y=&#8221;1&#8243; ca_init_scale_z=&#8221;1&#8243; ca_init_opacity=&#8221;0&#8243; ca_an_scale_x=&#8221;1&#8243; ca_an_scale_y=&#8221;1&#8243; ca_an_scale_z=&#8221;1&#8243; ca_an_opacity=&#8221;1&#8243; offset=&#8221;vc_col-md-8&#8243; ca_duration=&#8221;1200&#8243; ca_delay=&#8221;150&#8243; ca_init_translate_y=&#8221;40&#8243; css=&#8221;.vc_custom_1536842469386{margin-bottom: 20px !important;}&#8221; responsive_css=&#8221;margin_bottom_medium:0px&#8221;]<style>.ld_fancy_heading_69e633187e320 h3{font-size:20px;line-height:1.8em;}.ld_fancy_heading_69e633187e320 .lqd-highlight-inner{height:0.275em;bottom:0px;}<\/style><div class=\"ld-fancy-heading ld_fancy_heading_69e633187e320\">\n\t<h3 class=\"lqd-highlight-underline lqd-highlight-grow-left\" data-split-text=\"true\" data-custom-animations=\"true\" data-ca-options='{\"triggerHandler\":\"inview\",\"animationTarget\":\".lqd-lines .split-inner\",\"duration\":700,\"delay\":100,\"easing\":\"easeOutQuint\",\"direction\":\"forward\",\"initValues\":{\"scale\":1},\"animations\":{\"scale\":1}}' data-split-options='{\"type\":\"lines\"}'><span class=\"ld-fh-txt\"> Atraskite \u201eAilana\u201c si\u016blom\u0105 i\u0161skirtin\u012f produkt\u0173 asortiment\u0105, pagr\u012fst\u0105 i\u0161samiais<br \/>\ntyrimais ir naujov\u0117mis, kuris s\u0117kmingai patenkina nuolat besikei\u010dian\u010dius klient\u0173<br \/>\nporeikius.<\/span><\/h3><\/div>[\/vc_column][vc_column enable_content_animation=&#8221;yes&#8221; ca_init_scale_x=&#8221;1&#8243; ca_init_scale_y=&#8221;1&#8243; ca_init_scale_z=&#8221;1&#8243; ca_init_opacity=&#8221;0&#8243; ca_an_scale_x=&#8221;1&#8243; ca_an_scale_y=&#8221;1&#8243; ca_an_scale_z=&#8221;1&#8243; ca_an_opacity=&#8221;1&#8243; align=&#8221;text-left&#8221; offset=&#8221;vc_col-md-4&#8243; responsive_align=&#8221;text-md-right&#8221; ca_duration=&#8221;1200&#8243; ca_start_delay=&#8221;200&#8243; ca_init_translate_y=&#8221;43&#8243;]<style>.ld_button_69e633187e97e.btn-icon-solid .btn-icon{background:rgb(79, 218, 145);}.ld_button_69e633187e97e.btn-icon-circle.btn-icon-ripple .btn-icon:before{border-color:rgb(79, 218, 145);}.ld_button_69e633187e97e.btn-icon-solid:hover .btn-icon{background:rgb(52, 219, 197);}.ld_button_69e633187e97e{background-color:rgb(79, 218, 145);border-color:rgb(79, 218, 145);line-height:1.111em !important;font-size:14px !important;letter-spacing:0.1em !important;box-shadow:0px 8px 15px 0px rgba(48,198,168,0.32);}.ld_button_69e633187e97e:hover{background-color:rgb(52, 219, 197);border-color:rgb(52, 219, 197);}.ld_button_69e633187e97e .btn-gradient-bg{background:-webkit-linear-gradient(to right, rgb(79, 218, 145) 0%, rgb(52, 219, 197) 100%);background:linear-gradient(to right, rgb(79, 218, 145) 0%, rgb(52, 219, 197) 100%);}.ld_button_69e633187e97e .btn-gradient-bg-hover{background:-webkit-linear-gradient(to right, rgb(52, 219, 197) 0%, rgb(52, 219, 197) 100%);background:linear-gradient(to right, rgb(52, 219, 197) 0%, rgb(52, 219, 197) 100%);}.ld_button_69e633187e97e .btn-gradient-border defs stop:first-child{stop-color:rgb(79, 218, 145);}.ld_button_69e633187e97e .btn-gradient-border defs stop:last-child{stop-color:rgb(52, 219, 197);}.ld_button_69e633187e97e:hover .btn-gradient-border defs stop:first-child{stop-color:rgb(52, 219, 197);}.ld_button_69e633187e97e:hover .btn-gradient-border defs stop:last-child{stop-color:rgb(52, 219, 197);}<\/style><a href=\"http:\/\/ailana.eu\/lt\/produktai\/\" title=\"Produktai\" class=\"btn btn-solid text-uppercase circle btn-bordered border-thin btn-gradient ld_button_69e633187e97e vc_custom_1610802996588\">\n\t<span>\n\t<span class=\"btn-gradient-bg\"><\/span>\t\n\t\t\t\t\t<span class=\"btn-txt\">PRODUKTAI<\/span>\n\t\t\t\n\t\t<span class=\"btn-gradient-bg btn-gradient-bg-hover\"><\/span>\t<svg xmlns=\"http:\/\/www.w3.org\/2000\/svg\" xmlns:xlink=\"http:\/\/www.w3.org\/1999\/xlink\" xml:space=\"preserve\" class=\"btn-gradient-border\" width=\"100%\" height=\"100%\">\n\t\t\t      <defs>\n\t\t\t        <linearGradient id=\"svg-border-69e633187ef97\" x1=\"0%\" y1=\"0%\" x2=\"100%\" y2=\"0%\">\n\t\t\t          <stop offset=\"0%\" \/>\n\t\t\t          <stop offset=\"100%\" \/>\n\t\t\t        <\/linearGradient>\n\t\t\t      <\/defs>\n\t\t\t      <rect x=\"0.5\" y=\"0.5\" rx=\"17%\" ry=\"50%\" width=\"100%\" height=\"100%\" stroke=\"url(#svg-border-69e633187ef97)\"\/>\n\t\t\t    <\/svg>\t<\/span>\n<\/a>\n<style>.ld_spacer_69e633187efc7{height:20px;}<\/style>\n<div class=\"ld-empty-space ld_spacer_69e633187efc7\"><span class=\"liquid_empty_space_inner\"><\/span><\/div>[\/vc_column][\/vc_row]<\/p>\n<\/section>","protected":false},"excerpt":{"rendered":"<p>[vc_row css=&#8221;.vc_custom_1534409531541{padding-top: 45px !important;padding-bottom: 45px !important;}&#8221;][vc_column align=&#8221;text-center&#8221; offset=&#8221;vc_col-md-offset-2 vc_col-md-8&#8243;][\/vc_column][vc_column][vc_separator color=&#8221;custom&#8221; border_width=&#8221;3&#8243; accent_color=&#8221;#181b31&#8243;][vc_row_inner gap=&#8221;30&#8243;][vc_column_inner][vc_column_text] Patobulinkite savo&#8230;<\/p>\n","protected":false},"author":1,"featured_media":0,"parent":7598,"menu_order":0,"comment_status":"closed","ping_status":"closed","template":"","meta":{"footnotes":""},"class_list":["post-7607","page","type-page","status-publish","hentry"],"_links":{"self":[{"href":"https:\/\/ailana.eu\/lt\/wp-json\/wp\/v2\/pages\/7607","targetHints":{"allow":["GET"]}}],"collection":[{"href":"https:\/\/ailana.eu\/lt\/wp-json\/wp\/v2\/pages"}],"about":[{"href":"https:\/\/ailana.eu\/lt\/wp-json\/wp\/v2\/types\/page"}],"author":[{"embeddable":true,"href":"https:\/\/ailana.eu\/lt\/wp-json\/wp\/v2\/users\/1"}],"replies":[{"embeddable":true,"href":"https:\/\/ailana.eu\/lt\/wp-json\/wp\/v2\/comments?post=7607"}],"version-history":[{"count":9,"href":"https:\/\/ailana.eu\/lt\/wp-json\/wp\/v2\/pages\/7607\/revisions"}],"predecessor-version":[{"id":8031,"href":"https:\/\/ailana.eu\/lt\/wp-json\/wp\/v2\/pages\/7607\/revisions\/8031"}],"up":[{"embeddable":true,"href":"https:\/\/ailana.eu\/lt\/wp-json\/wp\/v2\/pages\/7598"}],"wp:attachment":[{"href":"https:\/\/ailana.eu\/lt\/wp-json\/wp\/v2\/media?parent=7607"}],"curies":[{"name":"wp","href":"https:\/\/api.w.org\/{rel}","templated":true}]}}