{"id":7604,"date":"2020-11-14T08:31:26","date_gmt":"2020-11-14T08:31:26","guid":{"rendered":"http:\/\/ailana.eu\/new\/?page_id=7604"},"modified":"2023-06-05T10:38:46","modified_gmt":"2023-06-05T10:38:46","slug":"alus","status":"publish","type":"page","link":"https:\/\/ailana.eu\/lt\/produktai\/alus\/","title":{"rendered":"Alus"},"content":{"rendered":"<section class=\"wpb-content-wrapper\"><p>[vc_row css=&#8221;.vc_custom_1534409531541{padding-top: 45px !important;padding-bottom: 45px !important;}&#8221;][vc_column align=&#8221;text-center&#8221; offset=&#8221;vc_col-md-offset-2 vc_col-md-8&#8243;]<style>.ld_fancy_heading_6a05a37cd8abe h6{font-size:12px;letter-spacing:0.1em;color:rgb(167, 169, 184);}.ld_fancy_heading_6a05a37cd8abe .lqd-highlight-inner{height:0.275em;bottom:0px;}<\/style><div class=\"ld-fancy-heading text-uppercase ld_fancy_heading_6a05a37cd8abe\">\n\t<h6 class=\"lqd-highlight-underline lqd-highlight-grow-left\" ><span class=\"ld-fh-txt\"> Produktai<\/span><\/h6><\/div><style>.ld_fancy_heading_6a05a37cd8fe9 h1{font-size:30px;line-height:1.15em;}.ld_fancy_heading_6a05a37cd8fe9 .lqd-highlight-inner{height:0.275em;bottom:0px;}<\/style><div class=\"ld-fancy-heading ld_fancy_heading_6a05a37cd8fe9\">\n\t<h1 class=\"lqd-highlight-underline lqd-highlight-grow-left\" data-fittext=\"true\" data-fittext-options='{\"compressor\":0.65,\"maxFontSize\":\"currentFontSize\",\"minFontSize\":\"32px\"}'><span class=\"ld-fh-txt\"> Alus<\/span><\/h1><\/div><style>.ld_spacer_6a05a37cd9084{height:12px;}<\/style>\n<div class=\"ld-empty-space ld_spacer_6a05a37cd9084\"><span class=\"liquid_empty_space_inner\"><\/span><\/div>[\/vc_column][vc_column][vc_separator color=&#8221;custom&#8221; border_width=&#8221;3&#8243; accent_color=&#8221;#181b31&#8243;][vc_row_inner gap=&#8221;30&#8243;][vc_column_inner width=&#8221;1\/2&#8243;]<div id=\"ld_content_box_6a05a37cd9157\" class=\"fancy-box fancy-box-case-study scheme-light ld_content_box_6a05a37cd9157\" data-hover3d=\"true\">\n\n\t<div class=\"fancy-box-contents border-radius-5\" data-stacking-factor=\"0.5\">\n\n\t\t<div class=\"cb-img-container border-radius-5\">\n\n\t\t\t<figure class=\"fancy-box-image border-radius-5\" style=\"background-image: url(https:\/\/ailana.eu\/lt\/wp-content\/uploads\/2023\/06\/young-brewer-wearing-leather-apron-is-testing-beer-modern-brewery-scaled.jpg);\">\n\t\t\t\t<img decoding=\"async\" width=\"2560\" height=\"1709\" src=\"data:image\/svg+xml;charset=utf-8,&lt;svg xmlns%3D&#039;http%3A%2F%2Fwww.w3.org%2F2000%2Fsvg&#039; viewBox%3D&#039;0 0 2560 1709&#039;%2F&gt;\" class=\"invisible ld-lazyload\" alt=\"\" srcset=\"\" sizes=\"(max-width: 2560px) 100vw, 2560px\" data-src=\"https:\/\/ailana.eu\/lt\/wp-content\/uploads\/2023\/06\/young-brewer-wearing-leather-apron-is-testing-beer-modern-brewery-scaled.jpg\" data-srcset=\"https:\/\/ailana.eu\/lt\/wp-content\/uploads\/2023\/06\/young-brewer-wearing-leather-apron-is-testing-beer-modern-brewery-scaled.jpg 2560w, https:\/\/ailana.eu\/lt\/wp-content\/uploads\/2023\/06\/young-brewer-wearing-leather-apron-is-testing-beer-modern-brewery-300x200.jpg 300w, https:\/\/ailana.eu\/lt\/wp-content\/uploads\/2023\/06\/young-brewer-wearing-leather-apron-is-testing-beer-modern-brewery-1024x684.jpg 1024w\" data-aspect=\"1.4979520187244\" \/>\t\t\t<\/figure>\n\n\t\t<\/div><!-- \/.cb-img-container -->\n\t\t<div class=\"fancy-box-header\">\n\t\t\t\n\t\t\t<span class=\"ld-cb-icon\"><i class=\"icon-arrows_circle_left\"><\/i><\/span>\t\t\t\t\t\t\n\t\t<\/div><!-- \/.fancy-box-header -->\n\n\t<\/div><!-- \/.fancy-box-contents -->\n\n\t<a href=\"#\" class=\"liquid-overlay-link\"><\/a>\n<\/div><!-- \/.fancy-box fancy-box-classes -->[\/vc_column_inner][vc_column_inner width=&#8221;1\/2&#8243;][vc_column_text]<\/p>\n<p style=\"text-align: justify;\">\u201eAilana\u201c alaus fermentai yra labai lengvai naudojami ir juos galima lengvai ir greitai pritaikyti prie j\u016bs\u0173 dabartinio gamybos proceso. M\u016bs\u0173 alaus ferment\u0173 asortimento na\u0161um\u0105 patvirtina atlikti i\u0161sam\u016bs tyrimai bei nuolatos gaunami teigiami klient\u0173 atsiliepimai. M\u016bs\u0173 fermentai yra pagalbin\u0117 perdirbimo priemon\u0117, kuri suteikia funkcin\u0119 proceso naud\u0105: greitesn\u0119 alaus gamyb\u0105, kuri yra paprastesn\u0117, ekonomi\u0161kesn\u0117 ir tvaresn\u0117. Naudodami \u201eAilana\u201c fermentus, galite geriau kontroliuoti savo alaus gamybos proces\u0105, nepaisant to, kokius gamybinius procesus atliekate ar kokias \u017ealiavas naudojate.<\/p>\n<p>[\/vc_column_text]<style>.ld_spacer_6a05a37d2a832{height:10px;}<\/style>\n<div class=\"ld-empty-space ld_spacer_6a05a37d2a832\"><span class=\"liquid_empty_space_inner\"><\/span><\/div>[vc_column_text]Tik naudodami \u201eAilana\u201c fermentus, galite pagerinti savo al\u0173:<\/p>\n<ul>\n<li>Klampumo ma\u017einimas<\/li>\n<li>Skystinimas<\/li>\n<li>Nuos\u0117d\u0173 ma\u017einimas<\/li>\n<li>Itin auk\u0161to sedimentacijos laipsnio pasiekimas<\/li>\n<li>Filtravimo gerinimas<\/li>\n<li>Produkto i\u0161eigos didinimas<\/li>\n<\/ul>\n<p>[\/vc_column_text][\/vc_column_inner][\/vc_row_inner]<style>.ld_spacer_6a05a37d2a89b{height:50px;}<\/style>\n<div class=\"ld-empty-space ld_spacer_6a05a37d2a89b\"><span class=\"liquid_empty_space_inner\"><\/span><\/div>[\/vc_column][\/vc_row][vc_row][vc_column][vc_column_text]<\/p>\n<blockquote class=\"wp-block-quote\">\n<p style=\"text-align: justify;\">\u201eAilana\u201c gali tiekti \u012fvairius fermentus pagal j\u016bs\u0173 poreikius. Mes taip pat turime galimyb\u0119 pritaikyti ir modifikuoti ferment\u0173 aktyvum\u0105 pagal j\u016bs\u0173 gamybos proces\u0105. Galime gaminti ferment\u0173 mi\u0161inius \/ kokteilius. Jei turite galimyb\u0119 patys gaminti ferment\u0173 mi\u0161inius, mes galime perduoti savo \u017einias ir i\u0161mokyti juos gaminti.<\/p>\n<p style=\"text-align: justify;\"><strong>Nor\u0117dami gauti daugiau informacijos, <a href=\"https:\/\/ailana.eu\/lt\/susisiekite-su-mumis\/\">susisiekite su mumis<\/a> ir mes suteiksime jums i\u0161sami\u0105 informacij\u0105.<\/strong><\/p>\n<\/blockquote>\n<p>[\/vc_column_text][\/vc_column][\/vc_row][vc_row content_placement=&#8221;bottom&#8221; css=&#8221;.vc_custom_1532682998561{padding-top: 80px !important;padding-bottom: 110px !important;}&#8221;][vc_column enable_content_animation=&#8221;yes&#8221; ca_init_scale_x=&#8221;1&#8243; ca_init_scale_y=&#8221;1&#8243; ca_init_scale_z=&#8221;1&#8243; ca_init_opacity=&#8221;0&#8243; ca_an_scale_x=&#8221;1&#8243; ca_an_scale_y=&#8221;1&#8243; ca_an_scale_z=&#8221;1&#8243; ca_an_opacity=&#8221;1&#8243; offset=&#8221;vc_col-md-8&#8243; ca_duration=&#8221;1200&#8243; ca_delay=&#8221;150&#8243; ca_init_translate_y=&#8221;40&#8243; css=&#8221;.vc_custom_1536842469386{margin-bottom: 20px !important;}&#8221; responsive_css=&#8221;margin_bottom_medium:0px&#8221;]<style>.ld_fancy_heading_6a05a37d2a95a h3{font-size:20px;line-height:1.8em;}.ld_fancy_heading_6a05a37d2a95a .lqd-highlight-inner{height:0.275em;bottom:0px;}<\/style><div class=\"ld-fancy-heading ld_fancy_heading_6a05a37d2a95a\">\n\t<h3 class=\"lqd-highlight-underline lqd-highlight-grow-left\" data-split-text=\"true\" data-custom-animations=\"true\" data-ca-options='{\"triggerHandler\":\"inview\",\"animationTarget\":\".lqd-lines .split-inner\",\"duration\":700,\"delay\":100,\"easing\":\"easeOutQuint\",\"direction\":\"forward\",\"initValues\":{\"scale\":1},\"animations\":{\"scale\":1}}' data-split-options='{\"type\":\"lines\"}'><span class=\"ld-fh-txt\"> Atraskite \u201eAilana\u201c si\u016blom\u0105 i\u0161skirtin\u012f produkt\u0173 asortiment\u0105, pagr\u012fst\u0105 i\u0161samiais tyrimais ir naujov\u0117mis, kuris s\u0117kmingai patenkina nuolat besikei\u010dian\u010dius klient\u0173 poreikius.<\/span><\/h3><\/div>[\/vc_column][vc_column enable_content_animation=&#8221;yes&#8221; ca_init_scale_x=&#8221;1&#8243; ca_init_scale_y=&#8221;1&#8243; ca_init_scale_z=&#8221;1&#8243; ca_init_opacity=&#8221;0&#8243; ca_an_scale_x=&#8221;1&#8243; ca_an_scale_y=&#8221;1&#8243; ca_an_scale_z=&#8221;1&#8243; ca_an_opacity=&#8221;1&#8243; align=&#8221;text-left&#8221; offset=&#8221;vc_col-md-4&#8243; responsive_align=&#8221;text-md-right&#8221; ca_duration=&#8221;1200&#8243; ca_start_delay=&#8221;200&#8243; ca_init_translate_y=&#8221;43&#8243;]<style>.ld_button_6a05a37d2afed.btn-icon-solid .btn-icon{background:rgb(79, 218, 145);}.ld_button_6a05a37d2afed.btn-icon-circle.btn-icon-ripple .btn-icon:before{border-color:rgb(79, 218, 145);}.ld_button_6a05a37d2afed.btn-icon-solid:hover .btn-icon{background:rgb(52, 219, 197);}.ld_button_6a05a37d2afed{background-color:rgb(79, 218, 145);border-color:rgb(79, 218, 145);line-height:1.111em !important;font-size:14px !important;letter-spacing:0.1em !important;box-shadow:0px 8px 15px 0px rgba(48,198,168,0.32);}.ld_button_6a05a37d2afed:hover{background-color:rgb(52, 219, 197);border-color:rgb(52, 219, 197);}.ld_button_6a05a37d2afed .btn-gradient-bg{background:-webkit-linear-gradient(to right, rgb(79, 218, 145) 0%, rgb(52, 219, 197) 100%);background:linear-gradient(to right, rgb(79, 218, 145) 0%, rgb(52, 219, 197) 100%);}.ld_button_6a05a37d2afed .btn-gradient-bg-hover{background:-webkit-linear-gradient(to right, rgb(52, 219, 197) 0%, rgb(52, 219, 197) 100%);background:linear-gradient(to right, rgb(52, 219, 197) 0%, rgb(52, 219, 197) 100%);}.ld_button_6a05a37d2afed .btn-gradient-border defs stop:first-child{stop-color:rgb(79, 218, 145);}.ld_button_6a05a37d2afed .btn-gradient-border defs stop:last-child{stop-color:rgb(52, 219, 197);}.ld_button_6a05a37d2afed:hover .btn-gradient-border defs stop:first-child{stop-color:rgb(52, 219, 197);}.ld_button_6a05a37d2afed:hover .btn-gradient-border defs stop:last-child{stop-color:rgb(52, 219, 197);}<\/style><a href=\"http:\/\/ailana.eu\/lt\/produktai\/\" title=\"Products\" class=\"btn btn-solid text-uppercase circle btn-bordered border-thin btn-gradient ld_button_6a05a37d2afed vc_custom_1610801813153\">\n\t<span>\n\t<span class=\"btn-gradient-bg\"><\/span>\t\n\t\t\t\t\t<span class=\"btn-txt\">Produktai<\/span>\n\t\t\t\n\t\t<span class=\"btn-gradient-bg btn-gradient-bg-hover\"><\/span>\t<svg xmlns=\"http:\/\/www.w3.org\/2000\/svg\" xmlns:xlink=\"http:\/\/www.w3.org\/1999\/xlink\" xml:space=\"preserve\" class=\"btn-gradient-border\" width=\"100%\" height=\"100%\">\n\t\t\t      <defs>\n\t\t\t        <linearGradient id=\"svg-border-6a05a37d2b679\" x1=\"0%\" y1=\"0%\" x2=\"100%\" y2=\"0%\">\n\t\t\t          <stop offset=\"0%\" \/>\n\t\t\t          <stop offset=\"100%\" \/>\n\t\t\t        <\/linearGradient>\n\t\t\t      <\/defs>\n\t\t\t      <rect x=\"0.5\" y=\"0.5\" rx=\"17%\" ry=\"50%\" width=\"100%\" height=\"100%\" stroke=\"url(#svg-border-6a05a37d2b679)\"\/>\n\t\t\t    <\/svg>\t<\/span>\n<\/a>\n<style>.ld_spacer_6a05a37d2b6a7{height:20px;}<\/style>\n<div class=\"ld-empty-space ld_spacer_6a05a37d2b6a7\"><span class=\"liquid_empty_space_inner\"><\/span><\/div>[\/vc_column][\/vc_row]<\/p>\n<\/section>","protected":false},"excerpt":{"rendered":"<p>[vc_row css=&#8221;.vc_custom_1534409531541{padding-top: 45px !important;padding-bottom: 45px !important;}&#8221;][vc_column align=&#8221;text-center&#8221; offset=&#8221;vc_col-md-offset-2 vc_col-md-8&#8243;][\/vc_column][vc_column][vc_separator color=&#8221;custom&#8221; border_width=&#8221;3&#8243; accent_color=&#8221;#181b31&#8243;][vc_row_inner gap=&#8221;30&#8243;][vc_column_inner width=&#8221;1\/2&#8243;][\/vc_column_inner][vc_column_inner width=&#8221;1\/2&#8243;][vc_column_text]&#8230;<\/p>\n","protected":false},"author":1,"featured_media":0,"parent":7598,"menu_order":0,"comment_status":"closed","ping_status":"closed","template":"","meta":{"footnotes":""},"class_list":["post-7604","page","type-page","status-publish","hentry"],"_links":{"self":[{"href":"https:\/\/ailana.eu\/lt\/wp-json\/wp\/v2\/pages\/7604","targetHints":{"allow":["GET"]}}],"collection":[{"href":"https:\/\/ailana.eu\/lt\/wp-json\/wp\/v2\/pages"}],"about":[{"href":"https:\/\/ailana.eu\/lt\/wp-json\/wp\/v2\/types\/page"}],"author":[{"embeddable":true,"href":"https:\/\/ailana.eu\/lt\/wp-json\/wp\/v2\/users\/1"}],"replies":[{"embeddable":true,"href":"https:\/\/ailana.eu\/lt\/wp-json\/wp\/v2\/comments?post=7604"}],"version-history":[{"count":9,"href":"https:\/\/ailana.eu\/lt\/wp-json\/wp\/v2\/pages\/7604\/revisions"}],"predecessor-version":[{"id":8025,"href":"https:\/\/ailana.eu\/lt\/wp-json\/wp\/v2\/pages\/7604\/revisions\/8025"}],"up":[{"embeddable":true,"href":"https:\/\/ailana.eu\/lt\/wp-json\/wp\/v2\/pages\/7598"}],"wp:attachment":[{"href":"https:\/\/ailana.eu\/lt\/wp-json\/wp\/v2\/media?parent=7604"}],"curies":[{"name":"wp","href":"https:\/\/api.w.org\/{rel}","templated":true}]}}