{"id":7603,"date":"2020-11-14T08:28:27","date_gmt":"2020-11-14T08:28:27","guid":{"rendered":"http:\/\/ailana.eu\/new\/?page_id=7603"},"modified":"2023-06-05T10:36:21","modified_gmt":"2023-06-05T10:36:21","slug":"kepiniai-ir-malimas","status":"publish","type":"page","link":"https:\/\/ailana.eu\/lt\/produktai\/kepiniai-ir-malimas\/","title":{"rendered":"Kepiniai ir malimas"},"content":{"rendered":"<section class=\"wpb-content-wrapper\"><p>[vc_row css=&#8221;.vc_custom_1534409531541{padding-top: 45px !important;padding-bottom: 45px !important;}&#8221;][vc_column align=&#8221;text-center&#8221; offset=&#8221;vc_col-md-offset-2 vc_col-md-8&#8243;]<style>.ld_fancy_heading_69f172b8c8c5b h6{font-size:12px;letter-spacing:0.1em;color:rgb(167, 169, 184);}.ld_fancy_heading_69f172b8c8c5b .lqd-highlight-inner{height:0.275em;bottom:0px;}<\/style><div class=\"ld-fancy-heading text-uppercase ld_fancy_heading_69f172b8c8c5b\">\n\t<h6 class=\"lqd-highlight-underline lqd-highlight-grow-left\" ><span class=\"ld-fh-txt\"> PRODUKTAI<\/span><\/h6><\/div><style>.ld_fancy_heading_69f172b8c97df h1{font-size:30px;line-height:1.15em;}.ld_fancy_heading_69f172b8c97df .lqd-highlight-inner{height:0.275em;bottom:0px;}<\/style><div class=\"ld-fancy-heading ld_fancy_heading_69f172b8c97df\">\n\t<h1 class=\"lqd-highlight-underline lqd-highlight-grow-left\" data-fittext=\"true\" data-fittext-options='{\"compressor\":0.65,\"maxFontSize\":\"currentFontSize\",\"minFontSize\":\"32px\"}'><span class=\"ld-fh-txt\"> Kepiniai ir malimas<\/span><\/h1><\/div><style>.ld_spacer_69f172b8c9891{height:12px;}<\/style>\n<div class=\"ld-empty-space ld_spacer_69f172b8c9891\"><span class=\"liquid_empty_space_inner\"><\/span><\/div>[\/vc_column][vc_column][vc_separator color=&#8221;custom&#8221; border_width=&#8221;3&#8243; accent_color=&#8221;#181b31&#8243;][vc_row_inner gap=&#8221;30&#8243;][vc_column_inner width=&#8221;1\/2&#8243;]<div id=\"ld_content_box_69f172b8c9aad\" class=\"fancy-box fancy-box-case-study scheme-light ld_content_box_69f172b8c9aad\" data-hover3d=\"true\">\n\n\t<div class=\"fancy-box-contents border-radius-5\" data-stacking-factor=\"0.5\">\n\n\t\t<div class=\"cb-img-container border-radius-5\">\n\n\t\t\t<figure class=\"fancy-box-image border-radius-5\" style=\"background-image: url(https:\/\/ailana.eu\/lt\/wp-content\/uploads\/2023\/06\/woman-sprinkling-flour-dough-table-kitchen-scaled.jpg);\">\n\t\t\t\t<img decoding=\"async\" width=\"2560\" height=\"1707\" src=\"data:image\/svg+xml;charset=utf-8,&lt;svg xmlns%3D&#039;http%3A%2F%2Fwww.w3.org%2F2000%2Fsvg&#039; viewBox%3D&#039;0 0 2560 1707&#039;%2F&gt;\" class=\"invisible ld-lazyload\" alt=\"\" srcset=\"\" sizes=\"(max-width: 2560px) 100vw, 2560px\" data-src=\"https:\/\/ailana.eu\/lt\/wp-content\/uploads\/2023\/06\/woman-sprinkling-flour-dough-table-kitchen-scaled.jpg\" data-srcset=\"https:\/\/ailana.eu\/lt\/wp-content\/uploads\/2023\/06\/woman-sprinkling-flour-dough-table-kitchen-scaled.jpg 2560w, https:\/\/ailana.eu\/lt\/wp-content\/uploads\/2023\/06\/woman-sprinkling-flour-dough-table-kitchen-300x200.jpg 300w, https:\/\/ailana.eu\/lt\/wp-content\/uploads\/2023\/06\/woman-sprinkling-flour-dough-table-kitchen-1024x683.jpg 1024w\" data-aspect=\"1.4997070884593\" \/>\t\t\t<\/figure>\n\n\t\t<\/div><!-- \/.cb-img-container -->\n\t\t<div class=\"fancy-box-header\">\n\t\t\t\n\t\t\t<span class=\"ld-cb-icon\"><i class=\"icon-arrows_circle_left\"><\/i><\/span>\t\t\t\t\t\t\n\t\t<\/div><!-- \/.fancy-box-header -->\n\n\t<\/div><!-- \/.fancy-box-contents -->\n\n\t<a href=\"#\" class=\"liquid-overlay-link\"><\/a>\n<\/div><!-- \/.fancy-box fancy-box-classes -->[\/vc_column_inner][vc_column_inner width=&#8221;1\/2&#8243;]<style>.ld_spacer_69f172b9175c2{height:15px;}<\/style>\n<div class=\"ld-empty-space ld_spacer_69f172b9175c2\"><span class=\"liquid_empty_space_inner\"><\/span><\/div>[vc_column_text]<\/p>\n<p style=\"text-align: justify;\">Skaniems pyragams ir skaniai duonai naudokite i\u0161skirtinius \u201eAilana\u201c kepimo produktus. M\u016bs\u0173 special\u016bs fermentai koreguoja arba pagerina milt\u0173 kokyb\u0119, tod\u0117l galutinis produktas yra mink\u0161tesnis ir i\u0161laikantis \u0161vie\u017eum\u0105 ilgesn\u012f laik\u0105. M\u016bs\u0173 fermentai gali pad\u0117ti j\u016bs\u0173 kepimo gerintoj\u0173 formavimui \u012fvairiais b\u016bdais: optimizuoti proces\u0105, palengvinti darb\u0105 su te\u0161la, susiaurinti proceso valdym\u0105, padidinti proceso greit\u012f, ekonomi\u0161kai efektyviau standartizuoti miltus ir suma\u017einti \u0161iuo metu naudojam\u0173 ingredient\u0173 ar pried\u0173 ka\u0161tus.<\/p>\n<p>[\/vc_column_text][\/vc_column_inner][\/vc_row_inner]<style>.ld_spacer_69f172b917720{height:15px;}<\/style>\n<div class=\"ld-empty-space ld_spacer_69f172b917720\"><span class=\"liquid_empty_space_inner\"><\/span><\/div>[\/vc_column][\/vc_row][vc_row][vc_column width=&#8221;1\/3&#8243;]<style>.ld_icon_box_69f172b917825 .iconbox-icon-container{color:rgb(255, 255, 255);margin-bottom:26px !important;border-radius:px;}.ld_icon_box_69f172b917825:hover .iconbox-icon-container{color:rgb(131, 11, 176);}.ld_icon_box_69f172b917825 h3{color:rgb(255, 255, 255);margin-bottom:20px;font-size:15px;}.ld_icon_box_69f172b917825:hover h3{color:rgb(30, 22, 102);}.ld_icon_box_69f172b917825{background:rgb(37, 44, 66);}.ld_icon_box_69f172b917825:before{background:rgb(255, 255, 255);}.ld_icon_box_69f172b917825:hover, .ld_icon_box_69f172b917825:hover p{color:rgba(30, 22, 102, 0.548);}<\/style>\n<div class=\"iconbox iconbox-semiround iconbox-shadow iconbox-xl iconbox-filled iconbox-filled iconbox-filled-hover ld_icon_box_69f172b917825 vc_custom_1610800968428\" id=\"ld_icon_box_69f172b917825\"  data-plugin-options='{\"color\":\"rgb(255, 255, 255)\",\"hoverColor\":\"rgb(131, 11, 176):rgb(29, 225, 209)\"}'  >\n\t\n\t\t<div class=\"iconbox-icon-wrap\"><span class=\"iconbox-icon-container\"><i class=\"fas fa-sort-amount-up\"><\/i><\/span><\/div><!-- \/.iconbox-icon-wrap -->\t\n\t\t\n\t<div class=\"contents\">\t\n\t<h3>KEPIMO PRODUKT\u0172 TOBULINIMAS<\/h3>\t<p style=\"text-align: justify\">Pagerindami mink\u0161timo strukt\u016br\u0105, form\u0105 ir plutos spalv\u0105, m\u016bs\u0173 fermentai padeda jums padidinti kepam\u0173 produkt\u0173 kiek\u012f. Mes suk\u016br\u0117me skirtingus amilazi\u0173 ir lipazi\u0173 fermentus specialiai pradiniam duonos ir pyrag\u0173 mink\u0161tumui gerinti. Tai padeda i\u0161laikyti \u0161i\u0173 produkt\u0173 \u0161vie\u017eum\u0105 ilgesn\u012f laik\u0105.<\/p>\n\t\t\n\t<\/div>\t\n\t\n<\/div>\n<style>.ld_spacer_69f172b917faa{height:30px;}<\/style>\n<div class=\"ld-empty-space ld_spacer_69f172b917faa\"><span class=\"liquid_empty_space_inner\"><\/span><\/div>[\/vc_column][vc_column width=&#8221;1\/3&#8243;]<style>.ld_icon_box_69f172b918046 .iconbox-icon-container{color:rgb(255, 255, 255);margin-bottom:26px !important;border-radius:px;}.ld_icon_box_69f172b918046:hover .iconbox-icon-container{color:rgb(120, 11, 238);}.ld_icon_box_69f172b918046 h3{color:rgb(255, 255, 255);margin-bottom:20px;font-size:15px;}.ld_icon_box_69f172b918046:hover h3{color:rgb(30, 22, 102);}.ld_icon_box_69f172b918046{background:rgb(37, 44, 66);}.ld_icon_box_69f172b918046:before{background:rgb(255, 255, 255);}.ld_icon_box_69f172b918046:hover, .ld_icon_box_69f172b918046:hover p{color:rgba(30, 22, 102, 0.548);}<\/style>\n<div class=\"iconbox iconbox-semiround iconbox-shadow iconbox-xl iconbox-filled iconbox-filled iconbox-filled-hover ld_icon_box_69f172b918046 vc_custom_1685444489923\" id=\"ld_icon_box_69f172b918046\"  data-plugin-options='{\"color\":\"rgb(255, 255, 255)\",\"hoverColor\":\"rgb(120, 11, 238):rgb(29, 225, 209)\"}'  >\n\t\n\t\t<div class=\"iconbox-icon-wrap\"><span class=\"iconbox-icon-container\"><i class=\"far fa-sun\"><\/i><\/span><\/div><!-- \/.iconbox-icon-wrap -->\t\n\t\t\n\t<div class=\"contents\">\t\n\t<h3>PROCESO IR I\u0160LAID\u0172 OPTIMIZAVIMAS<\/h3>\t<p style=\"text-align: justify\">\u012e savo kepimo mi\u0161in\u012f prid\u0117dami nat\u016brali\u0173 perdirbimo pried\u0173, toki\u0173 kaip Ailazymes\u00ae, galite pasiekti didesn\u0119 te\u0161los tolerancij\u0105, stabilum\u0105, elastingum\u0105 ir ma\u017eiau lipni\u0105 te\u0161l\u0105, kuri\u0105 gal\u0117site lengviau ir grei\u010diau apdoroti. Fermentai taip pat padeda suma\u017einti i\u0161laidas, nes nereikia papildom\u0173 ingredient\u0173, pavyzd\u017eiui daug baltym\u0173 turin\u010di\u0173 kvie\u010di\u0173, emulsikli\u0173 ar glitimo.<\/p>\n<div>\n<div>\n<div>\n<div title=\"image.png\" aria-label=\"Image, image.png.\">\n<div><\/div>\n<\/div>\n<\/div>\n<\/div>\n<\/div>\n<div><\/div>\n\t\t\n\t<\/div>\t\n\t\n<\/div>\n<style>.ld_spacer_69f172b9184dd{height:30px;}<\/style>\n<div class=\"ld-empty-space ld_spacer_69f172b9184dd\"><span class=\"liquid_empty_space_inner\"><\/span><\/div>[\/vc_column][vc_column width=&#8221;1\/3&#8243;]<style>.ld_icon_box_69f172b9185c2 .iconbox-icon-container{color:rgb(255, 255, 255);margin-bottom:26px !important;border-radius:px;}.ld_icon_box_69f172b9185c2:hover .iconbox-icon-container{color:rgb(120, 11, 238);}.ld_icon_box_69f172b9185c2 h3{color:rgb(255, 255, 255);margin-bottom:20px;font-size:15px;}.ld_icon_box_69f172b9185c2:hover h3{color:rgb(30, 22, 102);}.ld_icon_box_69f172b9185c2{background:rgb(37, 44, 66);}.ld_icon_box_69f172b9185c2:before{background:rgb(255, 255, 255);}.ld_icon_box_69f172b9185c2:hover, .ld_icon_box_69f172b9185c2:hover p{color:rgba(30, 22, 102, 0.548);}<\/style>\n<div class=\"iconbox iconbox-semiround iconbox-shadow iconbox-xl iconbox-filled iconbox-filled iconbox-filled-hover ld_icon_box_69f172b9185c2 vc_custom_1685961288697\" id=\"ld_icon_box_69f172b9185c2\"  data-plugin-options='{\"color\":\"rgb(255, 255, 255)\",\"hoverColor\":\"rgb(120, 11, 238):rgb(29, 225, 209)\"}'  >\n\t\n\t\t<div class=\"iconbox-icon-wrap\"><span class=\"iconbox-icon-container\"><i class=\"fab fa-pagelines\"><\/i><\/span><\/div><!-- \/.iconbox-icon-wrap -->\t\n\t\t\n\t<div class=\"contents\">\t\n\t<h3>KEPIMO FERMENTAI EKOLOGI\u0160KAI DUONAI<\/h3>\t<p style=\"text-align: justify\">\u201eAilana\u201c turi specifin\u012f ferment\u0173 asortiment\u0105, tinkam\u0105 ekologi\u0161kam \u017eenklinimui ir atitinkant\u012f ES ir JAV \u012fstatymus. \u0160is asortimentas yra skirtas tobul\u0117jan\u010dioms kepykloms, kurios gamina ekologi\u0161k\u0105 duon\u0105.<\/p>\n\t\t\n\t<\/div>\t\n\t\n<\/div>\n<style>.ld_spacer_69f172b91880c{height:30px;}<\/style>\n<div class=\"ld-empty-space ld_spacer_69f172b91880c\"><span class=\"liquid_empty_space_inner\"><\/span><\/div>[\/vc_column][\/vc_row][vc_row gap=&#8221;30&#8243;][vc_column width=&#8221;1\/2&#8243;]<style>.ld_spacer_69f172b918843{height:15px;}<\/style>\n<div class=\"ld-empty-space ld_spacer_69f172b918843\"><span class=\"liquid_empty_space_inner\"><\/span><\/div>[vc_column_text]<strong>Svarbiausius kepini\u0173 patobulinimus galite pasiekti naudodami \u201eAilana\u201c fermentus:<\/strong><\/p>\n<ul>\n<li>Millardo reakcijos gerintojai<\/li>\n<li>Nuostabaus skonio, \u0161vie\u017eumo u\u017etikrinimas ir \u0161aldytai te\u0161lai skirti gerintojai<\/li>\n<li>Didesnis gaunamo produkto kiekis<\/li>\n<li>Trupini\u0173 mink\u0161tumas, dr\u0117gnumas ir tekst\u016bros tobulinimas<\/li>\n<li>Te\u0161los ir glitimo stiprikliai<\/li>\n<li>Milt\u0173 stabilumo didinimas<\/li>\n<li>DATEM pakeitimas<\/li>\n<li>Pel\u0117sio susidarymo kontrol\u0117<\/li>\n<li>Fermentacijos tolerancijos, duonos mink\u0161tumo gerintojai<\/li>\n<li>Ilgesnis galiojimo laikas<\/li>\n<\/ul>\n<p>[\/vc_column_text][\/vc_column][vc_column width=&#8221;1\/2&#8243;]<div id=\"ld_content_box_69f172b9188e8\" class=\"fancy-box fancy-box-case-study scheme-light ld_content_box_69f172b9188e8\" data-hover3d=\"true\">\n\n\t<div class=\"fancy-box-contents border-radius-5\" data-stacking-factor=\"0.5\">\n\n\t\t<div class=\"cb-img-container border-radius-5\">\n\n\t\t\t<figure class=\"fancy-box-image border-radius-5\" style=\"background-image: url(https:\/\/ailana.eu\/lt\/wp-content\/uploads\/2023\/06\/fresh-italian-bread-scaled.jpg);\">\n\t\t\t\t<img decoding=\"async\" width=\"2560\" height=\"1597\" src=\"data:image\/svg+xml;charset=utf-8,&lt;svg xmlns%3D&#039;http%3A%2F%2Fwww.w3.org%2F2000%2Fsvg&#039; viewBox%3D&#039;0 0 2560 1597&#039;%2F&gt;\" class=\"invisible ld-lazyload\" alt=\"\" srcset=\"\" sizes=\"(max-width: 2560px) 100vw, 2560px\" data-src=\"https:\/\/ailana.eu\/lt\/wp-content\/uploads\/2023\/06\/fresh-italian-bread-scaled.jpg\" data-srcset=\"https:\/\/ailana.eu\/lt\/wp-content\/uploads\/2023\/06\/fresh-italian-bread-scaled.jpg 2560w, https:\/\/ailana.eu\/lt\/wp-content\/uploads\/2023\/06\/fresh-italian-bread-300x187.jpg 300w, https:\/\/ailana.eu\/lt\/wp-content\/uploads\/2023\/06\/fresh-italian-bread-1024x639.jpg 1024w\" data-aspect=\"1.6030056355667\" \/>\t\t\t<\/figure>\n\n\t\t<\/div><!-- \/.cb-img-container -->\n\t\t<div class=\"fancy-box-header\">\n\t\t\t\n\t\t\t<span class=\"ld-cb-icon\"><i class=\"icon-ion-ios-arrow-dropleft\"><\/i><\/span>\t\t\t\t\t\t\n\t\t<\/div><!-- \/.fancy-box-header -->\n\n\t<\/div><!-- \/.fancy-box-contents -->\n\n\t<a href=\"#\" class=\"liquid-overlay-link\"><\/a>\n<\/div><!-- \/.fancy-box fancy-box-classes -->[\/vc_column][\/vc_row][vc_row][vc_column]<style>.ld_spacer_69f172b95d6ed{height:15px;}<\/style>\n<div class=\"ld-empty-space ld_spacer_69f172b95d6ed\"><span class=\"liquid_empty_space_inner\"><\/span><\/div>[vc_column_text]<\/p>\n<blockquote class=\"wp-block-quote\">\n<p style=\"text-align: justify;\">\u201eAilana\u201c gali tiekti \u012fvairius fermentus pagal j\u016bs\u0173 poreikius. Mes taip pat turime galimyb\u0119 pritaikyti ir modifikuoti ferment\u0173 aktyvum\u0105 pagal j\u016bs\u0173 gamybos proces\u0105. Galime gaminti ferment\u0173 mi\u0161inius \/ kokteilius. Jei turite galimyb\u0119 patys gaminti ferment\u0173 mi\u0161inius, mes galime perduoti savo \u017einias ir i\u0161mokyti juos gaminti.<strong><br \/>\n<\/strong><\/p>\n<p style=\"text-align: justify;\"><strong>Nor\u0117dami gauti daugiau informacijos, <a href=\"https:\/\/ailana.eu\/lt\/susisiekite-su-mumis\/\">susisiekite su mumis<\/a> ir mes suteiksime jums i\u0161sami\u0105 informacij\u0105.<\/strong><\/p>\n<\/blockquote>\n<p>[\/vc_column_text][vc_column_text][\/vc_column_text][\/vc_column][\/vc_row][vc_row content_placement=&#8221;bottom&#8221; css=&#8221;.vc_custom_1532682998561{padding-top: 80px !important;padding-bottom: 110px !important;}&#8221;][vc_column enable_content_animation=&#8221;yes&#8221; ca_init_scale_x=&#8221;1&#8243; ca_init_scale_y=&#8221;1&#8243; ca_init_scale_z=&#8221;1&#8243; ca_init_opacity=&#8221;0&#8243; ca_an_scale_x=&#8221;1&#8243; ca_an_scale_y=&#8221;1&#8243; ca_an_scale_z=&#8221;1&#8243; ca_an_opacity=&#8221;1&#8243; offset=&#8221;vc_col-md-8&#8243; ca_duration=&#8221;1200&#8243; ca_delay=&#8221;150&#8243; ca_init_translate_y=&#8221;40&#8243; css=&#8221;.vc_custom_1536842469386{margin-bottom: 20px !important;}&#8221; responsive_css=&#8221;margin_bottom_medium:0px&#8221;]<style>.ld_fancy_heading_69f172b95d7a8 h3{font-size:20px;line-height:1.8em;}.ld_fancy_heading_69f172b95d7a8 .lqd-highlight-inner{height:0.275em;bottom:0px;}<\/style><div class=\"ld-fancy-heading ld_fancy_heading_69f172b95d7a8\">\n\t<h3 class=\"lqd-highlight-underline lqd-highlight-grow-left\" data-split-text=\"true\" data-custom-animations=\"true\" data-ca-options='{\"triggerHandler\":\"inview\",\"animationTarget\":\".lqd-lines .split-inner\",\"duration\":700,\"delay\":100,\"easing\":\"easeOutQuint\",\"direction\":\"forward\",\"initValues\":{\"scale\":1},\"animations\":{\"scale\":1}}' data-split-options='{\"type\":\"lines\"}'><span class=\"ld-fh-txt\"> Atraskite \u201eAilana\u201c si\u016blom\u0105 i\u0161skirtin\u012f produkt\u0173 asortiment\u0105, pagr\u012fst\u0105 i\u0161samiais tyrimais ir naujov\u0117mis, kuris s\u0117kmingai patenkina nuolat besikei\u010dian\u010dius klient\u0173 poreikius.<\/span><\/h3><\/div>[\/vc_column][vc_column enable_content_animation=&#8221;yes&#8221; ca_init_scale_x=&#8221;1&#8243; ca_init_scale_y=&#8221;1&#8243; ca_init_scale_z=&#8221;1&#8243; ca_init_opacity=&#8221;0&#8243; ca_an_scale_x=&#8221;1&#8243; ca_an_scale_y=&#8221;1&#8243; ca_an_scale_z=&#8221;1&#8243; ca_an_opacity=&#8221;1&#8243; align=&#8221;text-left&#8221; offset=&#8221;vc_col-md-4&#8243; responsive_align=&#8221;text-md-right&#8221; ca_duration=&#8221;1200&#8243; ca_start_delay=&#8221;200&#8243; ca_init_translate_y=&#8221;43&#8243;]<style>.ld_button_69f172b95ddab.btn-icon-solid .btn-icon{background:rgb(79, 218, 145);}.ld_button_69f172b95ddab.btn-icon-circle.btn-icon-ripple .btn-icon:before{border-color:rgb(79, 218, 145);}.ld_button_69f172b95ddab.btn-icon-solid:hover .btn-icon{background:rgb(52, 219, 197);}.ld_button_69f172b95ddab{background-color:rgb(79, 218, 145);border-color:rgb(79, 218, 145);line-height:1.111em !important;font-size:14px !important;letter-spacing:0.1em !important;box-shadow:0px 8px 15px 0px rgba(48,198,168,0.32);}.ld_button_69f172b95ddab:hover{background-color:rgb(52, 219, 197);border-color:rgb(52, 219, 197);}.ld_button_69f172b95ddab .btn-gradient-bg{background:-webkit-linear-gradient(to right, rgb(79, 218, 145) 0%, rgb(52, 219, 197) 100%);background:linear-gradient(to right, rgb(79, 218, 145) 0%, rgb(52, 219, 197) 100%);}.ld_button_69f172b95ddab .btn-gradient-bg-hover{background:-webkit-linear-gradient(to right, rgb(52, 219, 197) 0%, rgb(52, 219, 197) 100%);background:linear-gradient(to right, rgb(52, 219, 197) 0%, rgb(52, 219, 197) 100%);}.ld_button_69f172b95ddab .btn-gradient-border defs stop:first-child{stop-color:rgb(79, 218, 145);}.ld_button_69f172b95ddab .btn-gradient-border defs stop:last-child{stop-color:rgb(52, 219, 197);}.ld_button_69f172b95ddab:hover .btn-gradient-border defs stop:first-child{stop-color:rgb(52, 219, 197);}.ld_button_69f172b95ddab:hover .btn-gradient-border defs stop:last-child{stop-color:rgb(52, 219, 197);}<\/style><a href=\"http:\/\/ailana.eu\/lt\/produktai\/\" title=\"produktai\" class=\"btn btn-solid text-uppercase circle btn-bordered border-thin btn-gradient ld_button_69f172b95ddab vc_custom_1610800806101\">\n\t<span>\n\t<span class=\"btn-gradient-bg\"><\/span>\t\n\t\t\t\t\t<span class=\"btn-txt\">Produktai<\/span>\n\t\t\t\n\t\t<span class=\"btn-gradient-bg btn-gradient-bg-hover\"><\/span>\t<svg xmlns=\"http:\/\/www.w3.org\/2000\/svg\" xmlns:xlink=\"http:\/\/www.w3.org\/1999\/xlink\" xml:space=\"preserve\" class=\"btn-gradient-border\" width=\"100%\" height=\"100%\">\n\t\t\t      <defs>\n\t\t\t        <linearGradient id=\"svg-border-69f172b95e34e\" x1=\"0%\" y1=\"0%\" x2=\"100%\" y2=\"0%\">\n\t\t\t          <stop offset=\"0%\" \/>\n\t\t\t          <stop offset=\"100%\" \/>\n\t\t\t        <\/linearGradient>\n\t\t\t      <\/defs>\n\t\t\t      <rect x=\"0.5\" y=\"0.5\" rx=\"17%\" ry=\"50%\" width=\"100%\" height=\"100%\" stroke=\"url(#svg-border-69f172b95e34e)\"\/>\n\t\t\t    <\/svg>\t<\/span>\n<\/a>\n<style>.ld_spacer_69f172b95e387{height:20px;}<\/style>\n<div class=\"ld-empty-space ld_spacer_69f172b95e387\"><span class=\"liquid_empty_space_inner\"><\/span><\/div>[\/vc_column][\/vc_row]<\/p>\n<\/section>","protected":false},"excerpt":{"rendered":"<p>[vc_row css=&#8221;.vc_custom_1534409531541{padding-top: 45px !important;padding-bottom: 45px !important;}&#8221;][vc_column align=&#8221;text-center&#8221; offset=&#8221;vc_col-md-offset-2 vc_col-md-8&#8243;][\/vc_column][vc_column][vc_separator color=&#8221;custom&#8221; border_width=&#8221;3&#8243; accent_color=&#8221;#181b31&#8243;][vc_row_inner gap=&#8221;30&#8243;][vc_column_inner width=&#8221;1\/2&#8243;][\/vc_column_inner][vc_column_inner width=&#8221;1\/2&#8243;][vc_column_text]&#8230;<\/p>\n","protected":false},"author":1,"featured_media":0,"parent":7598,"menu_order":0,"comment_status":"closed","ping_status":"closed","template":"","meta":{"footnotes":""},"class_list":["post-7603","page","type-page","status-publish","hentry"],"_links":{"self":[{"href":"https:\/\/ailana.eu\/lt\/wp-json\/wp\/v2\/pages\/7603","targetHints":{"allow":["GET"]}}],"collection":[{"href":"https:\/\/ailana.eu\/lt\/wp-json\/wp\/v2\/pages"}],"about":[{"href":"https:\/\/ailana.eu\/lt\/wp-json\/wp\/v2\/types\/page"}],"author":[{"embeddable":true,"href":"https:\/\/ailana.eu\/lt\/wp-json\/wp\/v2\/users\/1"}],"replies":[{"embeddable":true,"href":"https:\/\/ailana.eu\/lt\/wp-json\/wp\/v2\/comments?post=7603"}],"version-history":[{"count":11,"href":"https:\/\/ailana.eu\/lt\/wp-json\/wp\/v2\/pages\/7603\/revisions"}],"predecessor-version":[{"id":8023,"href":"https:\/\/ailana.eu\/lt\/wp-json\/wp\/v2\/pages\/7603\/revisions\/8023"}],"up":[{"embeddable":true,"href":"https:\/\/ailana.eu\/lt\/wp-json\/wp\/v2\/pages\/7598"}],"wp:attachment":[{"href":"https:\/\/ailana.eu\/lt\/wp-json\/wp\/v2\/media?parent=7603"}],"curies":[{"name":"wp","href":"https:\/\/api.w.org\/{rel}","templated":true}]}}