{"id":7602,"date":"2020-11-14T08:14:30","date_gmt":"2020-11-14T08:14:30","guid":{"rendered":"http:\/\/ailana.eu\/new\/?page_id=7602"},"modified":"2023-06-05T10:31:57","modified_gmt":"2023-06-05T10:31:57","slug":"alkoholis-bioetanolis","status":"publish","type":"page","link":"https:\/\/ailana.eu\/lt\/produktai\/alkoholis-bioetanolis\/","title":{"rendered":"Alkoholis \/ bioetanolis"},"content":{"rendered":"<section class=\"wpb-content-wrapper\"><p>[vc_row css=&#8221;.vc_custom_1534409531541{padding-top: 45px !important;padding-bottom: 45px !important;}&#8221;][vc_column align=&#8221;text-center&#8221; offset=&#8221;vc_col-md-offset-2 vc_col-md-8&#8243;]<style>.ld_fancy_heading_69da34cc3be85 h6{font-size:12px;letter-spacing:0.1em;color:rgb(167, 169, 184);}.ld_fancy_heading_69da34cc3be85 .lqd-highlight-inner{height:0.275em;bottom:0px;}<\/style><div class=\"ld-fancy-heading text-uppercase ld_fancy_heading_69da34cc3be85\">\n\t<h6 class=\"lqd-highlight-underline lqd-highlight-grow-left\" ><span class=\"ld-fh-txt\"> Produktai<\/span><\/h6><\/div><style>.ld_fancy_heading_69da34cc3c521 h1{font-size:30px;line-height:1.15em;}.ld_fancy_heading_69da34cc3c521 .lqd-highlight-inner{height:0.275em;bottom:0px;}<\/style><div class=\"ld-fancy-heading ld_fancy_heading_69da34cc3c521\">\n\t<h1 class=\"lqd-highlight-underline lqd-highlight-grow-left\" data-fittext=\"true\" data-fittext-options='{\"compressor\":0.65,\"maxFontSize\":\"currentFontSize\",\"minFontSize\":\"32px\"}'><span class=\"ld-fh-txt\"> Alkoholis \/ bioetanolis<\/span><\/h1><\/div><style>.ld_spacer_69da34cc3c5cd{height:12px;}<\/style>\n<div class=\"ld-empty-space ld_spacer_69da34cc3c5cd\"><span class=\"liquid_empty_space_inner\"><\/span><\/div>[\/vc_column][vc_column][vc_separator color=&#8221;custom&#8221; border_width=&#8221;3&#8243; accent_color=&#8221;#181b31&#8243;][vc_row_inner gap=&#8221;30&#8243;][vc_column_inner width=&#8221;1\/2&#8243;]<div id=\"ld_content_box_69da34cc3c6d4\" class=\"fancy-box fancy-box-case-study scheme-light ld_content_box_69da34cc3c6d4\" data-hover3d=\"true\">\n\n\t<div class=\"fancy-box-contents border-radius-5\" data-stacking-factor=\"0.5\">\n\n\t\t<div class=\"cb-img-container border-radius-5\">\n\n\t\t\t<figure class=\"fancy-box-image border-radius-5\" style=\"background-image: url(https:\/\/ailana.eu\/lt\/wp-content\/uploads\/2023\/06\/modern-granary-elevator-seed-cleaning-line-silver-silos-agroprocessing-manufacturing-plant-storage-processing-drying-cleaning-agricultural-products-flour-cereals-grain-scaled.jpg);\">\n\t\t\t\t<img decoding=\"async\" width=\"2560\" height=\"1280\" src=\"data:image\/svg+xml;charset=utf-8,&lt;svg xmlns%3D&#039;http%3A%2F%2Fwww.w3.org%2F2000%2Fsvg&#039; viewBox%3D&#039;0 0 2560 1280&#039;%2F&gt;\" class=\"invisible ld-lazyload\" alt=\"\" srcset=\"\" sizes=\"(max-width: 2560px) 100vw, 2560px\" data-src=\"https:\/\/ailana.eu\/lt\/wp-content\/uploads\/2023\/06\/modern-granary-elevator-seed-cleaning-line-silver-silos-agroprocessing-manufacturing-plant-storage-processing-drying-cleaning-agricultural-products-flour-cereals-grain-scaled.jpg\" data-srcset=\"https:\/\/ailana.eu\/lt\/wp-content\/uploads\/2023\/06\/modern-granary-elevator-seed-cleaning-line-silver-silos-agroprocessing-manufacturing-plant-storage-processing-drying-cleaning-agricultural-products-flour-cereals-grain-scaled.jpg 2560w, https:\/\/ailana.eu\/lt\/wp-content\/uploads\/2023\/06\/modern-granary-elevator-seed-cleaning-line-silver-silos-agroprocessing-manufacturing-plant-storage-processing-drying-cleaning-agricultural-products-flour-cereals-grain-300x150.jpg 300w, https:\/\/ailana.eu\/lt\/wp-content\/uploads\/2023\/06\/modern-granary-elevator-seed-cleaning-line-silver-silos-agroprocessing-manufacturing-plant-storage-processing-drying-cleaning-agricultural-products-flour-cereals-grain-1024x512.jpg 1024w\" data-aspect=\"2\" \/>\t\t\t<\/figure>\n\n\t\t<\/div><!-- \/.cb-img-container -->\n\t\t<div class=\"fancy-box-header\">\n\t\t\t\n\t\t\t<span class=\"ld-cb-icon\"><i class=\"icon-arrows_circle_left\"><\/i><\/span>\t\t\t\t\t\t\n\t\t<\/div><!-- \/.fancy-box-header -->\n\n\t<\/div><!-- \/.fancy-box-contents -->\n\n\t<a href=\"#\" class=\"liquid-overlay-link\"><\/a>\n<\/div><!-- \/.fancy-box fancy-box-classes -->[\/vc_column_inner][vc_column_inner width=&#8221;1\/2&#8243;][vc_column_text]<\/p>\n<p style=\"text-align: justify;\">Atliekama alkoholio fermentacija? Supraskite &#8211; kiekvienas la\u0161as yra vertingas. \u201eAilana\u201c maisto fermentai, skirti alkoholio fermentacijos procesui, gerina atsparum\u0105 stresui ir patikimum\u0105, didesn\u0119 produkto i\u0161eig\u0105 ir geresn\u0119 alkoholio konversij\u0105. Naudodami m\u016bs\u0173 fermentus, skirtus alkoholio fermentacijai, galite i\u0161vengti mieli\u0173 sukeliamus \u012fprastinius streso veiksnius ir u\u017etikrinti s\u0117kming\u0105 darb\u0105, bakterini\u0173 u\u017eter\u0161tum\u0173 i\u0161vengim\u0105 ir kit\u0173 sud\u0117ting\u0173 gamybos s\u0105lyg\u0173 palaikym\u0105.<\/p>\n<p>\u201eAilana\u201c specializuojasi alkoholio ir bioetanolio pramon\u0117je:<\/p>\n<ul>\n<li>\u012evairaus krakmolo perdirbimas<\/li>\n<li>I\u0161skirtinis klampumo ma\u017einimas<\/li>\n<li>Filtravimas<\/li>\n<li>Cukrinimas<\/li>\n<li>Veiksmingas suskystinimas<\/li>\n<li>Padid\u0117j\u0119s na\u0161umas<\/li>\n<\/ul>\n<p>[\/vc_column_text][\/vc_column_inner][\/vc_row_inner]<style>.ld_spacer_69da34cc7e798{height:50px;}<\/style>\n<div class=\"ld-empty-space ld_spacer_69da34cc7e798\"><span class=\"liquid_empty_space_inner\"><\/span><\/div>[vc_row_inner gap=&#8221;30&#8243;][vc_column_inner][vc_column_text]<\/p>\n<blockquote class=\"wp-block-quote\">\n<p style=\"text-align: justify;\">\u201eAilana\u201c gali tiekti \u012fvairius fermentus pagal j\u016bs\u0173 poreikius. Mes taip pat turime galimyb\u0119 pritaikyti ir modifikuoti ferment\u0173 aktyvum\u0105 pagal j\u016bs\u0173 gamybos proces\u0105. Galime gaminti ferment\u0173 mi\u0161inius \/ kokteilius. Jei turite galimyb\u0119 patys gaminti ferment\u0173 mi\u0161inius, mes galime perduoti savo \u017einias ir i\u0161mokyti kaip juos gaminti.<\/p>\n<p><strong>Nor\u0117dami gauti daugiau informacijos, <a href=\"https:\/\/ailana.eu\/lt\/susisiekite-su-mumis\/\">susisiekite su mumis<\/a> ir mes suteiksime jums i\u0161sami\u0105 informacij\u0105.<\/strong><\/p><\/blockquote>\n<p>[\/vc_column_text][\/vc_column_inner][\/vc_row_inner][\/vc_column][\/vc_row][vc_row content_placement=&#8221;bottom&#8221; css=&#8221;.vc_custom_1532682998561{padding-top: 80px !important;padding-bottom: 110px !important;}&#8221;][vc_column enable_content_animation=&#8221;yes&#8221; ca_init_scale_x=&#8221;1&#8243; ca_init_scale_y=&#8221;1&#8243; ca_init_scale_z=&#8221;1&#8243; ca_init_opacity=&#8221;0&#8243; ca_an_scale_x=&#8221;1&#8243; ca_an_scale_y=&#8221;1&#8243; ca_an_scale_z=&#8221;1&#8243; ca_an_opacity=&#8221;1&#8243; offset=&#8221;vc_col-md-8&#8243; ca_duration=&#8221;1200&#8243; ca_delay=&#8221;150&#8243; ca_init_translate_y=&#8221;40&#8243; css=&#8221;.vc_custom_1536842469386{margin-bottom: 20px !important;}&#8221; responsive_css=&#8221;margin_bottom_medium:0px&#8221;]<style>.ld_fancy_heading_69da34cc7e88c h3{font-size:20px;line-height:1.8em;}.ld_fancy_heading_69da34cc7e88c .lqd-highlight-inner{height:0.275em;bottom:0px;}<\/style><div class=\"ld-fancy-heading ld_fancy_heading_69da34cc7e88c\">\n\t<h3 class=\"lqd-highlight-underline lqd-highlight-grow-left\" data-split-text=\"true\" data-custom-animations=\"true\" data-ca-options='{\"triggerHandler\":\"inview\",\"animationTarget\":\".lqd-lines .split-inner\",\"duration\":700,\"delay\":100,\"easing\":\"easeOutQuint\",\"direction\":\"forward\",\"initValues\":{\"scale\":1},\"animations\":{\"scale\":1}}' data-split-options='{\"type\":\"lines\"}'><span class=\"ld-fh-txt\"> Atraskite \u201eAilana\u201c si\u016blom\u0105 i\u0161skirtin\u012f produkt\u0173 asortiment\u0105, pagr\u012fst\u0105 i\u0161samiais tyrimais ir naujov\u0117mis, kuris s\u0117kmingai patenkina nuolat besikei\u010dian\u010dius klient\u0173 poreikius.<\/span><\/h3><\/div>[\/vc_column][vc_column enable_content_animation=&#8221;yes&#8221; ca_init_scale_x=&#8221;1&#8243; ca_init_scale_y=&#8221;1&#8243; ca_init_scale_z=&#8221;1&#8243; ca_init_opacity=&#8221;0&#8243; ca_an_scale_x=&#8221;1&#8243; ca_an_scale_y=&#8221;1&#8243; ca_an_scale_z=&#8221;1&#8243; ca_an_opacity=&#8221;1&#8243; align=&#8221;text-left&#8221; offset=&#8221;vc_col-md-4&#8243; responsive_align=&#8221;text-md-right&#8221; ca_duration=&#8221;1200&#8243; ca_start_delay=&#8221;200&#8243; ca_init_translate_y=&#8221;43&#8243;]<style>.ld_button_69da34cc7eef4.btn-icon-solid .btn-icon{background:rgb(79, 218, 145);}.ld_button_69da34cc7eef4.btn-icon-circle.btn-icon-ripple .btn-icon:before{border-color:rgb(79, 218, 145);}.ld_button_69da34cc7eef4.btn-icon-solid:hover .btn-icon{background:rgb(52, 219, 197);}.ld_button_69da34cc7eef4{background-color:rgb(79, 218, 145);border-color:rgb(79, 218, 145);line-height:1.111em !important;font-size:14px !important;letter-spacing:0.1em !important;box-shadow:0px 8px 15px 0px rgba(48,198,168,0.32);}.ld_button_69da34cc7eef4:hover{background-color:rgb(52, 219, 197);border-color:rgb(52, 219, 197);}.ld_button_69da34cc7eef4 .btn-gradient-bg{background:-webkit-linear-gradient(to right, rgb(79, 218, 145) 0%, rgb(52, 219, 197) 100%);background:linear-gradient(to right, rgb(79, 218, 145) 0%, rgb(52, 219, 197) 100%);}.ld_button_69da34cc7eef4 .btn-gradient-bg-hover{background:-webkit-linear-gradient(to right, rgb(52, 219, 197) 0%, rgb(52, 219, 197) 100%);background:linear-gradient(to right, rgb(52, 219, 197) 0%, rgb(52, 219, 197) 100%);}.ld_button_69da34cc7eef4 .btn-gradient-border defs stop:first-child{stop-color:rgb(79, 218, 145);}.ld_button_69da34cc7eef4 .btn-gradient-border defs stop:last-child{stop-color:rgb(52, 219, 197);}.ld_button_69da34cc7eef4:hover .btn-gradient-border defs stop:first-child{stop-color:rgb(52, 219, 197);}.ld_button_69da34cc7eef4:hover .btn-gradient-border defs stop:last-child{stop-color:rgb(52, 219, 197);}<\/style><a href=\"http:\/\/ailana.eu\/lt\/produktai\/\" title=\"produktai\" class=\"btn btn-solid text-uppercase circle btn-bordered border-thin btn-gradient ld_button_69da34cc7eef4 vc_custom_1610800806101\">\n\t<span>\n\t<span class=\"btn-gradient-bg\"><\/span>\t\n\t\t\t\t\t<span class=\"btn-txt\">Produktai<\/span>\n\t\t\t\n\t\t<span class=\"btn-gradient-bg btn-gradient-bg-hover\"><\/span>\t<svg xmlns=\"http:\/\/www.w3.org\/2000\/svg\" xmlns:xlink=\"http:\/\/www.w3.org\/1999\/xlink\" xml:space=\"preserve\" class=\"btn-gradient-border\" width=\"100%\" height=\"100%\">\n\t\t\t      <defs>\n\t\t\t        <linearGradient id=\"svg-border-69da34cc7f3ca\" x1=\"0%\" y1=\"0%\" x2=\"100%\" y2=\"0%\">\n\t\t\t          <stop offset=\"0%\" \/>\n\t\t\t          <stop offset=\"100%\" \/>\n\t\t\t        <\/linearGradient>\n\t\t\t      <\/defs>\n\t\t\t      <rect x=\"0.5\" y=\"0.5\" rx=\"17%\" ry=\"50%\" width=\"100%\" height=\"100%\" stroke=\"url(#svg-border-69da34cc7f3ca)\"\/>\n\t\t\t    <\/svg>\t<\/span>\n<\/a>\n<style>.ld_spacer_69da34cc7f3f2{height:20px;}<\/style>\n<div class=\"ld-empty-space ld_spacer_69da34cc7f3f2\"><span class=\"liquid_empty_space_inner\"><\/span><\/div>[\/vc_column][\/vc_row]<\/p>\n<\/section>","protected":false},"excerpt":{"rendered":"<p>[vc_row css=&#8221;.vc_custom_1534409531541{padding-top: 45px !important;padding-bottom: 45px !important;}&#8221;][vc_column align=&#8221;text-center&#8221; offset=&#8221;vc_col-md-offset-2 vc_col-md-8&#8243;][\/vc_column][vc_column][vc_separator color=&#8221;custom&#8221; border_width=&#8221;3&#8243; accent_color=&#8221;#181b31&#8243;][vc_row_inner gap=&#8221;30&#8243;][vc_column_inner width=&#8221;1\/2&#8243;][\/vc_column_inner][vc_column_inner width=&#8221;1\/2&#8243;][vc_column_text]&#8230;<\/p>\n","protected":false},"author":1,"featured_media":0,"parent":7598,"menu_order":0,"comment_status":"closed","ping_status":"closed","template":"","meta":{"footnotes":""},"class_list":["post-7602","page","type-page","status-publish","hentry"],"_links":{"self":[{"href":"https:\/\/ailana.eu\/lt\/wp-json\/wp\/v2\/pages\/7602","targetHints":{"allow":["GET"]}}],"collection":[{"href":"https:\/\/ailana.eu\/lt\/wp-json\/wp\/v2\/pages"}],"about":[{"href":"https:\/\/ailana.eu\/lt\/wp-json\/wp\/v2\/types\/page"}],"author":[{"embeddable":true,"href":"https:\/\/ailana.eu\/lt\/wp-json\/wp\/v2\/users\/1"}],"replies":[{"embeddable":true,"href":"https:\/\/ailana.eu\/lt\/wp-json\/wp\/v2\/comments?post=7602"}],"version-history":[{"count":11,"href":"https:\/\/ailana.eu\/lt\/wp-json\/wp\/v2\/pages\/7602\/revisions"}],"predecessor-version":[{"id":8020,"href":"https:\/\/ailana.eu\/lt\/wp-json\/wp\/v2\/pages\/7602\/revisions\/8020"}],"up":[{"embeddable":true,"href":"https:\/\/ailana.eu\/lt\/wp-json\/wp\/v2\/pages\/7598"}],"wp:attachment":[{"href":"https:\/\/ailana.eu\/lt\/wp-json\/wp\/v2\/media?parent=7602"}],"curies":[{"name":"wp","href":"https:\/\/api.w.org\/{rel}","templated":true}]}}