{"id":7598,"date":"2020-11-14T08:06:02","date_gmt":"2020-11-14T08:06:02","guid":{"rendered":"http:\/\/ailana.eu\/new\/?page_id=7598"},"modified":"2023-06-05T10:29:14","modified_gmt":"2023-06-05T10:29:14","slug":"produktai","status":"publish","type":"page","link":"https:\/\/ailana.eu\/lt\/produktai\/","title":{"rendered":"Produktai"},"content":{"rendered":"<section class=\"wpb-content-wrapper\"><p>[vc_row css=&#8221;.vc_custom_1599465525278{margin-top: 70px !important;}&#8221;][vc_column]<style>.ld_fancy_heading_69e346589984a h2{color:rgb(39, 174, 96);}.ld_fancy_heading_69e346589984a .lqd-highlight-inner{height:0.275em;bottom:0px;}<\/style><div class=\"ld-fancy-heading text-center ld_fancy_heading_69e346589984a\">\n\t<h2 class=\"lqd-highlight-underline lqd-highlight-grow-left\" ><span class=\"ld-fh-txt\"> AILANA<\/span><\/h2><\/div><style>.ld_fancy_heading_69e346589a202 p{font-size:18px;line-height:29px;color:rgb(153, 153, 153);}.ld_fancy_heading_69e346589a202 .lqd-highlight-inner{height:0.275em;bottom:0px;}<\/style><div class=\"ld-fancy-heading text-center ld_fancy_heading_69e346589a202\">\n\t<p class=\"lqd-highlight-underline lqd-highlight-grow-left\" ><span class=\"ld-fh-txt\"> <\/p>\n<p style=\"text-align: justify\">M\u016bs\u0173 auk\u0161\u010diausios kokyb\u0117s ir r\u016b\u0161ies 100% geneti\u0161kai modifikuot\u0173 produkt\u0173 (GMO) neturintys maisto fermentai yra gaminami i\u0161 biologini\u0173 produkt\u0173. M\u016bs\u0173 produktai yra sukurti siekiant atkurti, valdyti ir optimizuoti nat\u016bralius fermentacijos procesus \u017eem\u0117s \u016bkio ir maisto pramon\u0117je.<\/p>\n<p style=\"text-align: justify\"><strong>Atraskite \u201eAilana\u201c si\u016blom\u0105 i\u0161skirtin\u012f produkt\u0173 asortiment\u0105, pagr\u012fst\u0105 i\u0161samiais tyrimais ir naujov\u0117mis, kuris s\u0117kmingai patenkina nuolat besikei\u010dian\u010dius klient\u0173 poreikius.<\/strong><\/p>\n<p><\/span><\/p><\/div><style>.ld_spacer_69e346589a2cb{height:20px;}<\/style>\n<div class=\"ld-empty-space ld_spacer_69e346589a2cb\"><span class=\"liquid_empty_space_inner\"><\/span><\/div><style>.ld_fancy_heading_69e346589a460 h6{font-size:15px;letter-spacing:0.3em;color:rgb(0, 0, 0);}.ld_fancy_heading_69e346589a460 .ld-fh-underline{height:1px;width:100%;background:rgba(0, 0, 0, 0.147);}.ld_fancy_heading_69e346589a460 .lqd-highlight-inner{height:0.275em;bottom:0px;}<\/style><div class=\"ld-fancy-heading text-center text-uppercase ld_fancy_heading_69e346589a460\">\n\t<h6 class=\"lqd-highlight-underline lqd-highlight-grow-left\" ><span class=\"ld-fh-txt\"><span class=\"ld-fh-underline\"><\/span> Produktai<\/span><\/h6><\/div><style>.ld_spacer_69e346589a4d9{height:60px;}<\/style>\n<div class=\"ld-empty-space ld_spacer_69e346589a4d9\"><span class=\"liquid_empty_space_inner\"><\/span><\/div>[\/vc_column][\/vc_row][vc_row gap=&#8221;20&#8243;][vc_column width=&#8221;1\/3&#8243;]\n<div id=\"ld_content_box_69e346589a55e\" class=\"fancy-box border-radius-3 scheme-light fancy-box-heading-md fancy-box-overlay tall ld_content_box_69e346589a55e\">\n\t\n\t<div class=\"cb-img-container border-radius-3\">\n\t\t<figure class=\"fancy-box-image border-radius-3\" data-responsive-bg=\"true\" data-liquid-blur=\"true\" data-blur-options='{\"imgSrc\":\"backgroundImage\",\"radius\":25,\"blurHandlerOn\":\"static\"}'><img decoding=\"async\" width=\"1706\" height=\"2560\" src=\"data:image\/svg+xml;charset=utf-8,&lt;svg xmlns%3D&#039;http%3A%2F%2Fwww.w3.org%2F2000%2Fsvg&#039; viewBox%3D&#039;0 0 1706 2560&#039;%2F&gt;\" class=\"invisible ld-lazyload\" alt=\"Alkoholis \/ bioetanolis\" srcset=\"\" sizes=\"(max-width: 1706px) 100vw, 1706px\" data-src=\"https:\/\/ailana.eu\/lt\/wp-content\/uploads\/2023\/06\/touring-maker-s-mark-distillery-loretto-kentucky-4252017-along-bourbon-trail-scaled.jpg\" data-srcset=\"https:\/\/ailana.eu\/lt\/wp-content\/uploads\/2023\/06\/touring-maker-s-mark-distillery-loretto-kentucky-4252017-along-bourbon-trail-scaled.jpg 1706w, https:\/\/ailana.eu\/lt\/wp-content\/uploads\/2023\/06\/touring-maker-s-mark-distillery-loretto-kentucky-4252017-along-bourbon-trail-200x300.jpg 200w, https:\/\/ailana.eu\/lt\/wp-content\/uploads\/2023\/06\/touring-maker-s-mark-distillery-loretto-kentucky-4252017-along-bourbon-trail-682x1024.jpg 682w\" data-aspect=\"0.66640625\" \/><\/figure>\t<\/div><!-- \/.cb-img-container -->\n\n\t<span class=\"cb-overlay\"><\/span><!-- \/.cb-overlay -->\n\n\t<div class=\"fancy-box-contents border-radius-3\">\n\t\t\n\t\t<div class=\"fancy-box-header\">\n\t\t\t\t\t\t<h3 class=\"font-weight-semibold\" >Alkoholis \/ bioetanolis<\/h3>\t\t\t<p>Atliekama alkoholio fermentacija? Supraskite &#8211; kiekvienas la\u0161as yra vertingas. &#8230;<\/p>\n\t\t<\/div><!-- \/.fancy-box-header -->\n\t\t\n\t\t\n\t<\/div><!-- \/.fancy-box-contents -->\n\n\t<a href=\"http:\/\/ailana.eu\/lt\/produktai\/alkoholis-bioetanolis\/\" class=\"liquid-overlay-link\"><\/a>\t\n<\/div><!-- \/.fancy-box fancy-box-classes -->[\/vc_column][vc_column width=&#8221;1\/3&#8243;]\n<div id=\"ld_content_box_69e34658dde73\" class=\"fancy-box border-radius-3 scheme-light fancy-box-heading-md fancy-box-overlay shadowed tall ld_content_box_69e34658dde73\">\n\t\n\t<div class=\"cb-img-container border-radius-3\">\n\t\t<figure class=\"fancy-box-image border-radius-3\" data-responsive-bg=\"true\" data-liquid-blur=\"true\" data-blur-options='{\"imgSrc\":\"backgroundImage\",\"radius\":50,\"blurHandlerOn\":\"static\"}'><img decoding=\"async\" width=\"2560\" height=\"1709\" src=\"data:image\/svg+xml;charset=utf-8,&lt;svg xmlns%3D&#039;http%3A%2F%2Fwww.w3.org%2F2000%2Fsvg&#039; viewBox%3D&#039;0 0 2560 1709&#039;%2F&gt;\" class=\"invisible ld-lazyload\" alt=\"Kepiniai ir malimas\" srcset=\"\" sizes=\"(max-width: 2560px) 100vw, 2560px\" data-src=\"https:\/\/ailana.eu\/lt\/wp-content\/uploads\/2023\/06\/midsection-male-baker-s-hand-dusting-flour-wooden-desk-with-baked-bread-scaled.jpg\" data-srcset=\"https:\/\/ailana.eu\/lt\/wp-content\/uploads\/2023\/06\/midsection-male-baker-s-hand-dusting-flour-wooden-desk-with-baked-bread-scaled.jpg 2560w, https:\/\/ailana.eu\/lt\/wp-content\/uploads\/2023\/06\/midsection-male-baker-s-hand-dusting-flour-wooden-desk-with-baked-bread-300x200.jpg 300w, https:\/\/ailana.eu\/lt\/wp-content\/uploads\/2023\/06\/midsection-male-baker-s-hand-dusting-flour-wooden-desk-with-baked-bread-1024x683.jpg 1024w\" data-aspect=\"1.4979520187244\" \/><\/figure>\t<\/div><!-- \/.cb-img-container -->\n\n\t<span class=\"cb-overlay\"><\/span><!-- \/.cb-overlay -->\n\n\t<div class=\"fancy-box-contents border-radius-3\">\n\t\t\n\t\t<div class=\"fancy-box-header\">\n\t\t\t\t\t\t<h3 class=\"font-weight-semibold\" >Kepiniai ir malimas<\/h3>\t\t\t<p>Skaniems pyragams ir skaniai duonai naudokite i\u0161skirtinius \u201eAilana\u201c kepimo produktus. &#8230;<\/p>\n\t\t<\/div><!-- \/.fancy-box-header -->\n\t\t\n\t\t\n\t<\/div><!-- \/.fancy-box-contents -->\n\n\t<a href=\"http:\/\/ailana.eu\/lt\/produktai\/kepiniai-ir-malimas\/\" class=\"liquid-overlay-link\"><\/a>\t\n<\/div><!-- \/.fancy-box fancy-box-classes -->[\/vc_column][vc_column width=&#8221;1\/3&#8243;]\n<div id=\"ld_content_box_69e3465927abf\" class=\"fancy-box border-radius-3 scheme-light fancy-box-heading-md fancy-box-overlay shadowed tall ld_content_box_69e3465927abf\">\n\t\n\t<div class=\"cb-img-container border-radius-3\">\n\t\t<figure class=\"fancy-box-image border-radius-3\" data-responsive-bg=\"true\" data-liquid-blur=\"true\" data-blur-options='{\"imgSrc\":\"backgroundImage\",\"radius\":50,\"blurHandlerOn\":\"static\"}'><img decoding=\"async\" width=\"2560\" height=\"1703\" src=\"data:image\/svg+xml;charset=utf-8,&lt;svg xmlns%3D&#039;http%3A%2F%2Fwww.w3.org%2F2000%2Fsvg&#039; viewBox%3D&#039;0 0 2560 1703&#039;%2F&gt;\" class=\"invisible ld-lazyload\" alt=\"Alus\" srcset=\"\" sizes=\"(max-width: 2560px) 100vw, 2560px\" data-src=\"https:\/\/ailana.eu\/lt\/wp-content\/uploads\/2023\/06\/young-man-works-brewery-checks-quality-craft-beer-brewery-owner-tastes-best-beers-from-bach-man-s-shortcut-fills-glass-beer-with-scaled.jpg\" data-srcset=\"https:\/\/ailana.eu\/lt\/wp-content\/uploads\/2023\/06\/young-man-works-brewery-checks-quality-craft-beer-brewery-owner-tastes-best-beers-from-bach-man-s-shortcut-fills-glass-beer-with-scaled.jpg 2560w, https:\/\/ailana.eu\/lt\/wp-content\/uploads\/2023\/06\/young-man-works-brewery-checks-quality-craft-beer-brewery-owner-tastes-best-beers-from-bach-man-s-shortcut-fills-glass-beer-with-300x200.jpg 300w, https:\/\/ailana.eu\/lt\/wp-content\/uploads\/2023\/06\/young-man-works-brewery-checks-quality-craft-beer-brewery-owner-tastes-best-beers-from-bach-man-s-shortcut-fills-glass-beer-with-1024x681.jpg 1024w\" data-aspect=\"1.5032295948326\" \/><\/figure>\t<\/div><!-- \/.cb-img-container -->\n\n\t<span class=\"cb-overlay\"><\/span><!-- \/.cb-overlay -->\n\n\t<div class=\"fancy-box-contents border-radius-3\">\n\t\t\n\t\t<div class=\"fancy-box-header\">\n\t\t\t\t\t\t<h3 class=\"font-weight-semibold\" >Alus<\/h3>\t\t\t<p>\u201eAilana\u201c alaus fermentai yra labai lengvai naudojami ir juos galima lengvai ir greitai pritaikyti &#8230;<\/p>\n\t\t<\/div><!-- \/.fancy-box-header -->\n\t\t\n\t\t\n\t<\/div><!-- \/.fancy-box-contents -->\n\n\t<a href=\"http:\/\/ailana.eu\/lt\/produktai\/alus\/\" class=\"liquid-overlay-link\"><\/a>\t\n<\/div><!-- \/.fancy-box fancy-box-classes -->[\/vc_column][\/vc_row][vc_row gap=&#8221;20&#8243;][vc_column width=&#8221;1\/3&#8243;]\n<div id=\"ld_content_box_69e3465964405\" class=\"fancy-box border-radius-3 scheme-light fancy-box-heading-md fancy-box-overlay shadowed tall ld_content_box_69e3465964405\">\n\t\n\t<div class=\"cb-img-container border-radius-3\">\n\t\t<figure class=\"fancy-box-image border-radius-3\" data-responsive-bg=\"true\" data-liquid-blur=\"true\" data-blur-options='{\"imgSrc\":\"backgroundImage\",\"radius\":50,\"blurHandlerOn\":\"static\"}'><img decoding=\"async\" width=\"2560\" height=\"1707\" src=\"data:image\/svg+xml;charset=utf-8,&lt;svg xmlns%3D&#039;http%3A%2F%2Fwww.w3.org%2F2000%2Fsvg&#039; viewBox%3D&#039;0 0 2560 1707&#039;%2F&gt;\" class=\"invisible ld-lazyload\" alt=\"Pieno produktai\" srcset=\"\" sizes=\"(max-width: 2560px) 100vw, 2560px\" data-src=\"https:\/\/ailana.eu\/lt\/wp-content\/uploads\/2023\/06\/different-fresh-dairy-products-white-wooden-table-scaled.jpg\" data-srcset=\"https:\/\/ailana.eu\/lt\/wp-content\/uploads\/2023\/06\/different-fresh-dairy-products-white-wooden-table-scaled.jpg 2560w, https:\/\/ailana.eu\/lt\/wp-content\/uploads\/2023\/06\/different-fresh-dairy-products-white-wooden-table-300x200.jpg 300w, https:\/\/ailana.eu\/lt\/wp-content\/uploads\/2023\/06\/different-fresh-dairy-products-white-wooden-table-1024x683.jpg 1024w\" data-aspect=\"1.4997070884593\" \/><\/figure>\t<\/div><!-- \/.cb-img-container -->\n\n\t<span class=\"cb-overlay\"><\/span><!-- \/.cb-overlay -->\n\n\t<div class=\"fancy-box-contents border-radius-3\">\n\t\t\n\t\t<div class=\"fancy-box-header\">\n\t\t\t\t\t\t<h3 class=\"font-weight-semibold\" >Pieno produktai<\/h3>\t\t\t<p>I\u0161pl\u0117skite savo itin nauding\u0173 sveikatai pieno produkt\u0173 prieinamum\u0105 vartotojams naudodami &#8230;<\/p>\n\t\t<\/div><!-- \/.fancy-box-header -->\n\t\t\n\t\t\n\t<\/div><!-- \/.fancy-box-contents -->\n\n\t<a href=\"http:\/\/ailana.eu\/lt\/produktai\/pieno-produktai\/\" class=\"liquid-overlay-link\"><\/a>\t\n<\/div><!-- \/.fancy-box fancy-box-classes -->[\/vc_column][vc_column width=&#8221;1\/3&#8243;]\n<div id=\"ld_content_box_69e346599a9e2\" class=\"fancy-box border-radius-3 scheme-light fancy-box-heading-md fancy-box-overlay shadowed tall ld_content_box_69e346599a9e2\">\n\t\n\t<div class=\"cb-img-container border-radius-3\">\n\t\t<figure class=\"fancy-box-image border-radius-3\" data-responsive-bg=\"true\" data-liquid-blur=\"true\" data-blur-options='{\"imgSrc\":\"backgroundImage\",\"radius\":50,\"blurHandlerOn\":\"static\"}'><img decoding=\"async\" width=\"2560\" height=\"1707\" src=\"data:image\/svg+xml;charset=utf-8,&lt;svg xmlns%3D&#039;http%3A%2F%2Fwww.w3.org%2F2000%2Fsvg&#039; viewBox%3D&#039;0 0 2560 1707&#039;%2F&gt;\" class=\"invisible ld-lazyload\" alt=\"Vaisi\u0173 ir dar\u017eovi\u0173 sultys\" srcset=\"\" sizes=\"(max-width: 2560px) 100vw, 2560px\" data-src=\"https:\/\/ailana.eu\/lt\/wp-content\/uploads\/2023\/06\/horizontal-shot-squeezed-vegetables-fruits-glass-bottles-scaled.jpg\" data-srcset=\"https:\/\/ailana.eu\/lt\/wp-content\/uploads\/2023\/06\/horizontal-shot-squeezed-vegetables-fruits-glass-bottles-scaled.jpg 2560w, https:\/\/ailana.eu\/lt\/wp-content\/uploads\/2023\/06\/horizontal-shot-squeezed-vegetables-fruits-glass-bottles-300x200.jpg 300w, https:\/\/ailana.eu\/lt\/wp-content\/uploads\/2023\/06\/horizontal-shot-squeezed-vegetables-fruits-glass-bottles-1024x683.jpg 1024w\" data-aspect=\"1.4997070884593\" \/><\/figure>\t<\/div><!-- \/.cb-img-container -->\n\n\t<span class=\"cb-overlay\"><\/span><!-- \/.cb-overlay -->\n\n\t<div class=\"fancy-box-contents border-radius-3\">\n\t\t\n\t\t<div class=\"fancy-box-header\">\n\t\t\t\t\t\t<h3 class=\"font-weight-semibold\" >Vaisi\u0173 ir dar\u017eovi\u0173 sultys<\/h3>\t\t\t<p>Fermentai visada buvo naudojami kaip pagrindinis vaisi\u0173 ir dar\u017eovi\u0173 sul\u010di\u0173 gamybos ingredientas. &#8230;<\/p>\n\t\t<\/div><!-- \/.fancy-box-header -->\n\t\t\n\t\t\n\t<\/div><!-- \/.fancy-box-contents -->\n\n\t<a href=\"http:\/\/ailana.eu\/lt\/produktai\/vaisiu-ir-darzoviu-sultys\/\" class=\"liquid-overlay-link\"><\/a>\t\n<\/div><!-- \/.fancy-box fancy-box-classes -->[\/vc_column][vc_column width=&#8221;1\/3&#8243;]\n<div id=\"ld_content_box_69e34659d88a0\" class=\"fancy-box border-radius-3 scheme-light fancy-box-heading-md fancy-box-overlay tall ld_content_box_69e34659d88a0\">\n\t\n\t<div class=\"cb-img-container border-radius-3\">\n\t\t<figure class=\"fancy-box-image border-radius-3\" data-responsive-bg=\"true\" data-liquid-blur=\"true\" data-blur-options='{\"imgSrc\":\"backgroundImage\",\"radius\":50,\"blurHandlerOn\":\"static\"}'><img decoding=\"async\" width=\"1707\" height=\"2560\" src=\"data:image\/svg+xml;charset=utf-8,&lt;svg xmlns%3D&#039;http%3A%2F%2Fwww.w3.org%2F2000%2Fsvg&#039; viewBox%3D&#039;0 0 1707 2560&#039;%2F&gt;\" class=\"invisible ld-lazyload\" alt=\"Krakmolas i\u0161 gr\u016bd\u0173\" srcset=\"\" sizes=\"(max-width: 1707px) 100vw, 1707px\" data-src=\"https:\/\/ailana.eu\/lt\/wp-content\/uploads\/2023\/06\/raw-corn-flour-white-wooden-table-scaled.jpg\" data-srcset=\"https:\/\/ailana.eu\/lt\/wp-content\/uploads\/2023\/06\/raw-corn-flour-white-wooden-table-scaled.jpg 1707w, https:\/\/ailana.eu\/lt\/wp-content\/uploads\/2023\/06\/raw-corn-flour-white-wooden-table-200x300.jpg 200w, https:\/\/ailana.eu\/lt\/wp-content\/uploads\/2023\/06\/raw-corn-flour-white-wooden-table-683x1024.jpg 683w\" data-aspect=\"0.666796875\" \/><\/figure>\t<\/div><!-- \/.cb-img-container -->\n\n\t<span class=\"cb-overlay\"><\/span><!-- \/.cb-overlay -->\n\n\t<div class=\"fancy-box-contents border-radius-3\">\n\t\t\n\t\t<div class=\"fancy-box-header\">\n\t\t\t\t\t\t<h3 class=\"font-weight-semibold\" >Krakmolas i\u0161 gr\u016bd\u0173<\/h3>\t\t\t<p>Patobulinkite savo pagrindinius atskyrimo procesus naudodami \u201eAilana\u201c gr\u016bd\u0173 perdirbimo &#8230;<\/p>\n\t\t<\/div><!-- \/.fancy-box-header -->\n\t\t\n\t\t\n\t<\/div><!-- \/.fancy-box-contents -->\n\n\t<a href=\"http:\/\/ailana.eu\/lt\/produktai\/krakmolas-is-grudu\/\" class=\"liquid-overlay-link\"><\/a>\t\n<\/div><!-- \/.fancy-box fancy-box-classes -->[\/vc_column][\/vc_row][vc_row gap=&#8221;20&#8243; css=&#8221;.vc_custom_1600517350568{margin-bottom: 70px !important;}&#8221;][vc_column width=&#8221;1\/3&#8243;]\n<div id=\"ld_content_box_69e3465a1f151\" class=\"fancy-box border-radius-3 scheme-light fancy-box-heading-md fancy-box-overlay shadowed tall ld_content_box_69e3465a1f151\">\n\t\n\t<div class=\"cb-img-container border-radius-3\">\n\t\t<figure class=\"fancy-box-image border-radius-3\" data-responsive-bg=\"true\" data-liquid-blur=\"true\" data-blur-options='{\"imgSrc\":\"backgroundImage\",\"radius\":50,\"blurHandlerOn\":\"static\"}'><img decoding=\"async\" width=\"2347\" height=\"2560\" src=\"data:image\/svg+xml;charset=utf-8,&lt;svg xmlns%3D&#039;http%3A%2F%2Fwww.w3.org%2F2000%2Fsvg&#039; viewBox%3D&#039;0 0 2347 2560&#039;%2F&gt;\" class=\"invisible ld-lazyload\" alt=\"Vynas\" srcset=\"\" sizes=\"(max-width: 2347px) 100vw, 2347px\" data-src=\"https:\/\/ailana.eu\/lt\/wp-content\/uploads\/2023\/06\/wine-pouring-wineglass-vinous-background-scaled.jpg\" data-srcset=\"https:\/\/ailana.eu\/lt\/wp-content\/uploads\/2023\/06\/wine-pouring-wineglass-vinous-background-scaled.jpg 2347w, https:\/\/ailana.eu\/lt\/wp-content\/uploads\/2023\/06\/wine-pouring-wineglass-vinous-background-275x300.jpg 275w, https:\/\/ailana.eu\/lt\/wp-content\/uploads\/2023\/06\/wine-pouring-wineglass-vinous-background-939x1024.jpg 939w\" data-aspect=\"0.916796875\" \/><\/figure>\t<\/div><!-- \/.cb-img-container -->\n\n\t<span class=\"cb-overlay\"><\/span><!-- \/.cb-overlay -->\n\n\t<div class=\"fancy-box-contents border-radius-3\">\n\t\t\n\t\t<div class=\"fancy-box-header\">\n\t\t\t\t\t\t<h3 class=\"font-weight-semibold\" >Vynas<\/h3>\t\t\t<p>Tenkinkite savo vyno proceso optimizavimo poreikius naudodami \u201eAilana\u201c produkt\u0173 asortiment\u0105, kur\u012f sudaro vyno gaminimo fermentai. &#8230;<\/p>\n\t\t<\/div><!-- \/.fancy-box-header -->\n\t\t\n\t\t\n\t<\/div><!-- \/.fancy-box-contents -->\n\n\t<a href=\"http:\/\/ailana.eu\/lt\/produktai\/vynas\/\" class=\"liquid-overlay-link\"><\/a>\t\n<\/div><!-- \/.fancy-box fancy-box-classes -->[\/vc_column][vc_column width=&#8221;2\/3&#8243;]<style>.ld_content_box_69e3465a5d04c{min-height:460px;}<\/style>\n<div id=\"ld_content_box_69e3465a5d04c\" class=\"fancy-box border-radius-3 scheme-light fancy-box-heading-md fancy-box-overlay shadowed fancy-box-custom-height ld_content_box_69e3465a5d04c\">\n\t\n\t<div class=\"cb-img-container border-radius-3\">\n\t\t<figure class=\"fancy-box-image border-radius-3\" data-responsive-bg=\"true\" data-liquid-blur=\"true\" data-blur-options='{\"imgSrc\":\"backgroundImage\",\"radius\":50,\"blurHandlerOn\":\"static\"}'><img decoding=\"async\" width=\"2560\" height=\"1195\" src=\"data:image\/svg+xml;charset=utf-8,&lt;svg xmlns%3D&#039;http%3A%2F%2Fwww.w3.org%2F2000%2Fsvg&#039; viewBox%3D&#039;0 0 2560 1195&#039;%2F&gt;\" class=\"invisible ld-lazyload\" alt=\"Kitos paslaugos\" srcset=\"\" sizes=\"(max-width: 2560px) 100vw, 2560px\" data-src=\"https:\/\/ailana.eu\/lt\/wp-content\/uploads\/2023\/06\/mental-health-concept-couple-making-comfortable-hand-touch-encouraging-together-love-care-top-view-scaled.jpg\" data-srcset=\"https:\/\/ailana.eu\/lt\/wp-content\/uploads\/2023\/06\/mental-health-concept-couple-making-comfortable-hand-touch-encouraging-together-love-care-top-view-scaled.jpg 2560w, https:\/\/ailana.eu\/lt\/wp-content\/uploads\/2023\/06\/mental-health-concept-couple-making-comfortable-hand-touch-encouraging-together-love-care-top-view-300x140.jpg 300w, https:\/\/ailana.eu\/lt\/wp-content\/uploads\/2023\/06\/mental-health-concept-couple-making-comfortable-hand-touch-encouraging-together-love-care-top-view-1024x478.jpg 1024w\" data-aspect=\"2.1422594142259\" \/><\/figure>\t<\/div><!-- \/.cb-img-container -->\n\n\t<span class=\"cb-overlay\"><\/span><!-- \/.cb-overlay -->\n\n\t<div class=\"fancy-box-contents border-radius-3\">\n\t\t\n\t\t<div class=\"fancy-box-header\">\n\t\t\t\t\t\t<h3 class=\"font-weight-semibold\" >Kitos paslaugos<\/h3>\t\t\t<p style=\"text-align: justify;\">Ar jums reikalinga m\u016bs\u0173 pagalba? \u201eAilanoje\u201c turime kelet\u0105 technini\u0173 komand\u0173, kurios leid\u017eia mums jud\u0117ti \u012f priek\u012f ir pad\u0117ti klientams tinkamai \u012fgyvendinti savo id\u0117jas.<br \/>\nSusisiekite su mumis, jei turite id\u0117j\u0105 arba manote, kad jums reikia pagalbos, kad paverstum\u0117te savo id\u0117j\u0105 produktu, o \u201eAilana\u201c bus \u010dia pat, kad pad\u0117t\u0173 sukurti prid\u0117tin\u0119 vert\u0119 j\u016bs\u0173 produktui.<\/p>\n\t\t<\/div><!-- \/.fancy-box-header -->\n\t\t\n\t\t\n\t<\/div><!-- \/.fancy-box-contents -->\n\n\t<a href=\"http:\/\/ailana.eu\/lt\/susisiekite-su-mumis\/\" title=\"Contact Us\" class=\"liquid-overlay-link\"><\/a>\t\n<\/div><!-- \/.fancy-box fancy-box-classes -->[\/vc_column][\/vc_row]<\/p>\n<\/section>","protected":false},"excerpt":{"rendered":"<p>[vc_row css=&#8221;.vc_custom_1599465525278{margin-top: 70px !important;}&#8221;][vc_column][\/vc_column][\/vc_row][vc_row gap=&#8221;20&#8243;][vc_column width=&#8221;1\/3&#8243;][\/vc_column][vc_column width=&#8221;1\/3&#8243;][\/vc_column][vc_column width=&#8221;1\/3&#8243;][\/vc_column][\/vc_row][vc_row gap=&#8221;20&#8243;][vc_column width=&#8221;1\/3&#8243;][\/vc_column][vc_column width=&#8221;1\/3&#8243;][\/vc_column][vc_column width=&#8221;1\/3&#8243;][\/vc_column][\/vc_row][vc_row gap=&#8221;20&#8243; css=&#8221;.vc_custom_1600517350568{margin-bottom: 70px&#8230;<\/p>\n","protected":false},"author":1,"featured_media":0,"parent":0,"menu_order":0,"comment_status":"closed","ping_status":"closed","template":"","meta":{"footnotes":""},"class_list":["post-7598","page","type-page","status-publish","hentry"],"_links":{"self":[{"href":"https:\/\/ailana.eu\/lt\/wp-json\/wp\/v2\/pages\/7598","targetHints":{"allow":["GET"]}}],"collection":[{"href":"https:\/\/ailana.eu\/lt\/wp-json\/wp\/v2\/pages"}],"about":[{"href":"https:\/\/ailana.eu\/lt\/wp-json\/wp\/v2\/types\/page"}],"author":[{"embeddable":true,"href":"https:\/\/ailana.eu\/lt\/wp-json\/wp\/v2\/users\/1"}],"replies":[{"embeddable":true,"href":"https:\/\/ailana.eu\/lt\/wp-json\/wp\/v2\/comments?post=7598"}],"version-history":[{"count":12,"href":"https:\/\/ailana.eu\/lt\/wp-json\/wp\/v2\/pages\/7598\/revisions"}],"predecessor-version":[{"id":8017,"href":"https:\/\/ailana.eu\/lt\/wp-json\/wp\/v2\/pages\/7598\/revisions\/8017"}],"wp:attachment":[{"href":"https:\/\/ailana.eu\/lt\/wp-json\/wp\/v2\/media?parent=7598"}],"curies":[{"name":"wp","href":"https:\/\/api.w.org\/{rel}","templated":true}]}}