{"id":7331,"date":"2020-09-07T06:54:55","date_gmt":"2020-09-07T06:54:55","guid":{"rendered":"http:\/\/ailana.eu\/new\/?page_id=7331"},"modified":"2023-06-05T10:09:23","modified_gmt":"2023-06-05T10:09:23","slug":"krakmolas-is-grudu","status":"publish","type":"page","link":"https:\/\/ailana.eu\/lt\/paslaugos\/krakmolas-is-grudu\/","title":{"rendered":"Krakmolas i\u0161 gr\u016bd\u0173"},"content":{"rendered":"<section class=\"wpb-content-wrapper\"><p>[vc_row css=&#8221;.vc_custom_1534409531541{padding-top: 45px !important;padding-bottom: 45px !important;}&#8221;][vc_column align=&#8221;text-center&#8221; offset=&#8221;vc_col-md-offset-2 vc_col-md-8&#8243;]<style>.ld_fancy_heading_69e61dd92d238 h6{font-size:12px;letter-spacing:0.1em;color:rgb(167, 169, 184);}.ld_fancy_heading_69e61dd92d238 .lqd-highlight-inner{height:0.275em;bottom:0px;}<\/style><div class=\"ld-fancy-heading text-uppercase ld_fancy_heading_69e61dd92d238\">\n\t<h6 class=\"lqd-highlight-underline lqd-highlight-grow-left\" ><span class=\"ld-fh-txt\"> Paslaugos<\/span><\/h6><\/div><style>.ld_fancy_heading_69e61dd92e036 h1{font-size:30px;line-height:1.15em;}.ld_fancy_heading_69e61dd92e036 .lqd-highlight-inner{height:0.275em;bottom:0px;}<\/style><div class=\"ld-fancy-heading ld_fancy_heading_69e61dd92e036\">\n\t<h1 class=\"lqd-highlight-underline lqd-highlight-grow-left\" data-fittext=\"true\" data-fittext-options='{\"compressor\":0.65,\"maxFontSize\":\"currentFontSize\",\"minFontSize\":\"32px\"}'><span class=\"ld-fh-txt\"> Krakmolas i\u0161 gr\u016bd\u0173<\/span><\/h1><\/div><style>.ld_spacer_69e61dd92e0dd{height:12px;}<\/style>\n<div class=\"ld-empty-space ld_spacer_69e61dd92e0dd\"><span class=\"liquid_empty_space_inner\"><\/span><\/div>[\/vc_column][vc_column][vc_separator color=&#8221;custom&#8221; border_width=&#8221;3&#8243; accent_color=&#8221;#181b31&#8243;][vc_row_inner gap=&#8221;30&#8243;][vc_column_inner width=&#8221;1\/2&#8243;]<div id=\"ld_content_box_69e61dd92e30d\" class=\"fancy-box fancy-box-case-study scheme-light ld_content_box_69e61dd92e30d\" data-hover3d=\"true\">\n\n\t<div class=\"fancy-box-contents border-radius-5\" data-stacking-factor=\"0.5\">\n\n\t\t<div class=\"cb-img-container border-radius-5\">\n\n\t\t\t<figure class=\"fancy-box-image border-radius-5\" style=\"background-image: url(https:\/\/ailana.eu\/lt\/wp-content\/uploads\/2020\/12\/Untitled-1.jpg);\">\n\t\t\t\t<img decoding=\"async\" width=\"1200\" height=\"800\" src=\"data:image\/svg+xml;charset=utf-8,&lt;svg xmlns%3D&#039;http%3A%2F%2Fwww.w3.org%2F2000%2Fsvg&#039; viewBox%3D&#039;0 0 1200 800&#039;%2F&gt;\" class=\"invisible ld-lazyload\" alt=\"\" srcset=\"\" sizes=\"(max-width: 1200px) 100vw, 1200px\" data-src=\"https:\/\/ailana.eu\/lt\/wp-content\/uploads\/2020\/12\/Untitled-1.jpg\" data-srcset=\"https:\/\/ailana.eu\/lt\/wp-content\/uploads\/2020\/12\/Untitled-1.jpg 1200w, https:\/\/ailana.eu\/lt\/wp-content\/uploads\/2020\/12\/Untitled-1-300x200.jpg 300w, https:\/\/ailana.eu\/lt\/wp-content\/uploads\/2020\/12\/Untitled-1-1024x683.jpg 1024w\" data-aspect=\"1.5\" \/>\t\t\t<\/figure>\n\n\t\t<\/div><!-- \/.cb-img-container -->\n\t\t<div class=\"fancy-box-header\">\n\t\t\t\n\t\t\t<span class=\"ld-cb-icon\"><i class=\"icon-arrows_circle_left\"><\/i><\/span>\t\t\t\t\t\t\n\t\t<\/div><!-- \/.fancy-box-header -->\n\n\t<\/div><!-- \/.fancy-box-contents -->\n\n\t<a href=\"#\" class=\"liquid-overlay-link\"><\/a>\n<\/div><!-- \/.fancy-box fancy-box-classes -->[\/vc_column_inner][vc_column_inner width=&#8221;1\/2&#8243;][vc_column_text]<\/p>\n<p style=\"text-align: justify;\">\u201eAilana\u201c si\u016blo plat\u0173 alfa-amilazi\u0173 ir gliukoamilazi\u0173 asortiment\u0105, skirt\u0105 krakmolo apdorojimui atsi\u017evelngiant \u012f norim\u0105 i\u0161gauti galutin\u012f produkt\u0105. Mes galime lengvai pritaikyti fermentus ir j\u0173 mi\u0161inius pagal j\u016bs\u0173 poreikius. Jei susiduriate su sunkumais ie\u0161kodami j\u016bs\u0173 poreikius atitinkan\u010di\u0173 produkt\u0173, susisiekite su mumis ir mes mielai jums pad\u0117sime!<\/p>\n<p style=\"text-align: justify;\">Klientai, kuri\u0173 specializacija \u2013 krakmolo perdirbimas ir cukraus gamyba, pasirink\u0119 \u012fmon\u0117s \u201eAilana\u201c si\u016blomus fermentus ir maksimaliai i\u0161naudodami \u017ealiav\u0105, gali sutrumpinti gamybos proces\u0105 ir suma\u017einti jo ka\u0161tus. \u0160ioje srityje sukaupta vertinga patirtis pad\u0117jo mums sukurti novatori\u0161kus fermentus, skirtus gr\u016bd\u0173 ir krakmolo perdirbimo \u012fmon\u0117ms.<\/p>\n<p>[\/vc_column_text][\/vc_column_inner][\/vc_row_inner]<style>.ld_spacer_69e61dd970737{height:50px;}<\/style>\n<div class=\"ld-empty-space ld_spacer_69e61dd970737\"><span class=\"liquid_empty_space_inner\"><\/span><\/div>[vc_row_inner gap=&#8221;30&#8243;][vc_column_inner][vc_column_text]<\/p>\n<blockquote class=\"wp-block-quote\">\n<p style=\"text-align: justify;\">\u012emon\u0117 \u201eAilana\u201c si\u016blo likvifakcijos, skarifikacijos ir izomerizacijos fermentus. Kurdami naujus fermentus glaud\u017eiai bendradarbiaujame su klientais ir \u0161iam tikslui pasitelkiame biotechnologij\u0173 srityje savo sukauptas \u017einias bei patirt\u012f. Galime pasi\u016blyti individualiems poreikiams pritaikytus produktus, atsi\u017evelgdami \u012f kliento pasirinkt\u0105 gamybos proces\u0105, naudojamas \u017ealiavas ir gamybos \u012frang\u0105.<\/p>\n<\/blockquote>\n<p>[\/vc_column_text][\/vc_column_inner][\/vc_row_inner][\/vc_column][\/vc_row][vc_row content_placement=&#8221;bottom&#8221; css=&#8221;.vc_custom_1532682998561{padding-top: 80px !important;padding-bottom: 110px !important;}&#8221;][vc_column enable_content_animation=&#8221;yes&#8221; ca_init_scale_x=&#8221;1&#8243; ca_init_scale_y=&#8221;1&#8243; ca_init_scale_z=&#8221;1&#8243; ca_init_opacity=&#8221;0&#8243; ca_an_scale_x=&#8221;1&#8243; ca_an_scale_y=&#8221;1&#8243; ca_an_scale_z=&#8221;1&#8243; ca_an_opacity=&#8221;1&#8243; offset=&#8221;vc_col-md-8&#8243; ca_duration=&#8221;1200&#8243; ca_delay=&#8221;150&#8243; ca_init_translate_y=&#8221;40&#8243; css=&#8221;.vc_custom_1536842469386{margin-bottom: 20px !important;}&#8221; responsive_css=&#8221;margin_bottom_medium:0px&#8221;]<style>.ld_fancy_heading_69e61dd970824 h3{font-size:20px;line-height:1.8em;}.ld_fancy_heading_69e61dd970824 .lqd-highlight-inner{height:0.275em;bottom:0px;}<\/style><div class=\"ld-fancy-heading ld_fancy_heading_69e61dd970824\">\n\t<h3 class=\"lqd-highlight-underline lqd-highlight-grow-left\" data-split-text=\"true\" data-custom-animations=\"true\" data-ca-options='{\"triggerHandler\":\"inview\",\"animationTarget\":\".lqd-lines .split-inner\",\"duration\":700,\"delay\":100,\"easing\":\"easeOutQuint\",\"direction\":\"forward\",\"initValues\":{\"scale\":1},\"animations\":{\"scale\":1}}' data-split-options='{\"type\":\"lines\"}'><span class=\"ld-fh-txt\"> \u201eAilana\u201c suteikia visas \u012fmanomas fermentacijos proces\u0173 aptarnavimo paslaugas, skirtas maisto pramonei ir \u017eem\u0117s \u016bkyje naudojamiems pa\u0161arams.<\/span><\/h3><\/div>[\/vc_column][vc_column enable_content_animation=&#8221;yes&#8221; ca_init_scale_x=&#8221;1&#8243; ca_init_scale_y=&#8221;1&#8243; ca_init_scale_z=&#8221;1&#8243; ca_init_opacity=&#8221;0&#8243; ca_an_scale_x=&#8221;1&#8243; ca_an_scale_y=&#8221;1&#8243; ca_an_scale_z=&#8221;1&#8243; ca_an_opacity=&#8221;1&#8243; align=&#8221;text-left&#8221; offset=&#8221;vc_col-md-4&#8243; responsive_align=&#8221;text-md-right&#8221; ca_duration=&#8221;1200&#8243; ca_start_delay=&#8221;200&#8243; ca_init_translate_y=&#8221;43&#8243;]<style>.ld_button_69e61dd970ea3.btn-icon-solid .btn-icon{background:rgb(79, 218, 145);}.ld_button_69e61dd970ea3.btn-icon-circle.btn-icon-ripple .btn-icon:before{border-color:rgb(79, 218, 145);}.ld_button_69e61dd970ea3.btn-icon-solid:hover .btn-icon{background:rgb(52, 219, 197);}.ld_button_69e61dd970ea3{background-color:rgb(79, 218, 145);border-color:rgb(79, 218, 145);line-height:1.111em !important;font-size:14px !important;letter-spacing:0.1em !important;box-shadow:0px 8px 15px 0px rgba(48,198,168,0.32);}.ld_button_69e61dd970ea3:hover{background-color:rgb(52, 219, 197);border-color:rgb(52, 219, 197);}.ld_button_69e61dd970ea3 .btn-gradient-bg{background:-webkit-linear-gradient(to right, rgb(79, 218, 145) 0%, rgb(52, 219, 197) 100%);background:linear-gradient(to right, rgb(79, 218, 145) 0%, rgb(52, 219, 197) 100%);}.ld_button_69e61dd970ea3 .btn-gradient-bg-hover{background:-webkit-linear-gradient(to right, rgb(52, 219, 197) 0%, rgb(52, 219, 197) 100%);background:linear-gradient(to right, rgb(52, 219, 197) 0%, rgb(52, 219, 197) 100%);}.ld_button_69e61dd970ea3 .btn-gradient-border defs stop:first-child{stop-color:rgb(79, 218, 145);}.ld_button_69e61dd970ea3 .btn-gradient-border defs stop:last-child{stop-color:rgb(52, 219, 197);}.ld_button_69e61dd970ea3:hover .btn-gradient-border defs stop:first-child{stop-color:rgb(52, 219, 197);}.ld_button_69e61dd970ea3:hover .btn-gradient-border defs stop:last-child{stop-color:rgb(52, 219, 197);}<\/style><a href=\"http:\/\/ailana.eu\/lt\/paslaugos\/\" title=\"Paslaugos\" class=\"btn btn-solid text-uppercase circle btn-bordered border-thin btn-gradient ld_button_69e61dd970ea3 vc_custom_1610877258899\">\n\t<span>\n\t<span class=\"btn-gradient-bg\"><\/span>\t\n\t\t\t\t\t<span class=\"btn-txt\">VISOS PASLAUGOS<\/span>\n\t\t\t\n\t\t<span class=\"btn-gradient-bg btn-gradient-bg-hover\"><\/span>\t<svg xmlns=\"http:\/\/www.w3.org\/2000\/svg\" xmlns:xlink=\"http:\/\/www.w3.org\/1999\/xlink\" xml:space=\"preserve\" class=\"btn-gradient-border\" width=\"100%\" height=\"100%\">\n\t\t\t      <defs>\n\t\t\t        <linearGradient id=\"svg-border-69e61dd971592\" x1=\"0%\" y1=\"0%\" x2=\"100%\" y2=\"0%\">\n\t\t\t          <stop offset=\"0%\" \/>\n\t\t\t          <stop offset=\"100%\" \/>\n\t\t\t        <\/linearGradient>\n\t\t\t      <\/defs>\n\t\t\t      <rect x=\"0.5\" y=\"0.5\" rx=\"17%\" ry=\"50%\" width=\"100%\" height=\"100%\" stroke=\"url(#svg-border-69e61dd971592)\"\/>\n\t\t\t    <\/svg>\t<\/span>\n<\/a>\n<style>.ld_spacer_69e61dd9715c7{height:20px;}<\/style>\n<div class=\"ld-empty-space ld_spacer_69e61dd9715c7\"><span class=\"liquid_empty_space_inner\"><\/span><\/div>[\/vc_column][\/vc_row]<\/p>\n<\/section>","protected":false},"excerpt":{"rendered":"<p>[vc_row css=&#8221;.vc_custom_1534409531541{padding-top: 45px !important;padding-bottom: 45px !important;}&#8221;][vc_column align=&#8221;text-center&#8221; offset=&#8221;vc_col-md-offset-2 vc_col-md-8&#8243;][\/vc_column][vc_column][vc_separator color=&#8221;custom&#8221; border_width=&#8221;3&#8243; accent_color=&#8221;#181b31&#8243;][vc_row_inner gap=&#8221;30&#8243;][vc_column_inner width=&#8221;1\/2&#8243;][\/vc_column_inner][vc_column_inner width=&#8221;1\/2&#8243;][vc_column_text]&#8230;<\/p>\n","protected":false},"author":1,"featured_media":0,"parent":7167,"menu_order":0,"comment_status":"closed","ping_status":"closed","template":"","meta":{"footnotes":""},"class_list":["post-7331","page","type-page","status-publish","hentry"],"_links":{"self":[{"href":"https:\/\/ailana.eu\/lt\/wp-json\/wp\/v2\/pages\/7331","targetHints":{"allow":["GET"]}}],"collection":[{"href":"https:\/\/ailana.eu\/lt\/wp-json\/wp\/v2\/pages"}],"about":[{"href":"https:\/\/ailana.eu\/lt\/wp-json\/wp\/v2\/types\/page"}],"author":[{"embeddable":true,"href":"https:\/\/ailana.eu\/lt\/wp-json\/wp\/v2\/users\/1"}],"replies":[{"embeddable":true,"href":"https:\/\/ailana.eu\/lt\/wp-json\/wp\/v2\/comments?post=7331"}],"version-history":[{"count":8,"href":"https:\/\/ailana.eu\/lt\/wp-json\/wp\/v2\/pages\/7331\/revisions"}],"predecessor-version":[{"id":8003,"href":"https:\/\/ailana.eu\/lt\/wp-json\/wp\/v2\/pages\/7331\/revisions\/8003"}],"up":[{"embeddable":true,"href":"https:\/\/ailana.eu\/lt\/wp-json\/wp\/v2\/pages\/7167"}],"wp:attachment":[{"href":"https:\/\/ailana.eu\/lt\/wp-json\/wp\/v2\/media?parent=7331"}],"curies":[{"name":"wp","href":"https:\/\/api.w.org\/{rel}","templated":true}]}}