{"id":7317,"date":"2020-09-07T06:01:52","date_gmt":"2020-09-07T06:01:52","guid":{"rendered":"http:\/\/ailana.eu\/new\/?page_id=7317"},"modified":"2023-06-05T10:13:02","modified_gmt":"2023-06-05T10:13:02","slug":"vaisiu-ir-darzoviu-sultys","status":"publish","type":"page","link":"https:\/\/ailana.eu\/lt\/paslaugos\/vaisiu-ir-darzoviu-sultys\/","title":{"rendered":"Vaisi\u0173 ir dar\u017eovi\u0173 sultys"},"content":{"rendered":"<section class=\"wpb-content-wrapper\"><p>[vc_row css=&#8221;.vc_custom_1534409531541{padding-top: 45px !important;padding-bottom: 45px !important;}&#8221;][vc_column align=&#8221;text-center&#8221; offset=&#8221;vc_col-md-offset-2 vc_col-md-8&#8243;]<style>.ld_fancy_heading_69e373aebb87d h6{font-size:12px;letter-spacing:0.1em;color:rgb(167, 169, 184);}.ld_fancy_heading_69e373aebb87d .lqd-highlight-inner{height:0.275em;bottom:0px;}<\/style><div class=\"ld-fancy-heading text-uppercase ld_fancy_heading_69e373aebb87d\">\n\t<h6 class=\"lqd-highlight-underline lqd-highlight-grow-left\" ><span class=\"ld-fh-txt\"> Paslaugos<\/span><\/h6><\/div><style>.ld_fancy_heading_69e373aebc5b7 h1{font-size:30px;line-height:1.15em;}.ld_fancy_heading_69e373aebc5b7 .lqd-highlight-inner{height:0.275em;bottom:0px;}<\/style><div class=\"ld-fancy-heading ld_fancy_heading_69e373aebc5b7\">\n\t<h1 class=\"lqd-highlight-underline lqd-highlight-grow-left\" data-fittext=\"true\" data-fittext-options='{\"compressor\":0.65,\"maxFontSize\":\"currentFontSize\",\"minFontSize\":\"32px\"}'><span class=\"ld-fh-txt\"> Vaisi\u0173 ir dar\u017eovi\u0173 sultys<\/span><\/h1><\/div><style>.ld_spacer_69e373aebc66a{height:12px;}<\/style>\n<div class=\"ld-empty-space ld_spacer_69e373aebc66a\"><span class=\"liquid_empty_space_inner\"><\/span><\/div>[\/vc_column][vc_column][vc_separator color=&#8221;custom&#8221; border_width=&#8221;3&#8243; accent_color=&#8221;#181b31&#8243;][vc_row_inner gap=&#8221;30&#8243;][vc_column_inner][vc_column_text]<\/p>\n<p style=\"text-align: justify;\">Svarbi ferment\u0173 taikymo sritis g\u0117rim\u0173 pramon\u0117je yra vaisi\u0173 ir dar\u017eovi\u0173 sul\u010di\u0173 gamyba. M\u016bs\u0173 fermentai ypa\u010d naudojami obuoli\u0173 ir kriau\u0161i\u0173 sultims bei sultims, pagamintoms i\u0161 uog\u0173 ar tropini\u0173 vaisi\u0173. Jie skaido pektin\u0105 &#8211; pagalbin\u0119 med\u017eiag\u0105, esan\u010di\u0105 augal\u0173 l\u0105steli\u0173 sienel\u0117se, padidindama ekstrahuot\u0173 sul\u010di\u0173 kokyb\u0119 ir suma\u017eina vaisi\u0173 atliek\u0173 kiek\u012f.<\/p>\n<p style=\"text-align: justify;\">Vaisi\u0173 sultys yra vienas i\u0161 svarbiausi\u0173 maisto produkt\u0173, kuri\u0173 populiarumas did\u0117ja, o pripa\u017einti, sveikatai naudingi fermentai atlieka svarb\u0173 vaidmen\u012f vaisi\u0173 sul\u010di\u0173 perdirbimo procese. Pagrindiniai faktoriai:<\/p>\n<p>[\/vc_column_text][\/vc_column_inner][\/vc_row_inner]<style>.ld_spacer_69e373aebc7f0{height:50px;}<\/style>\n<div class=\"ld-empty-space ld_spacer_69e373aebc7f0\"><span class=\"liquid_empty_space_inner\"><\/span><\/div>[vc_row_inner][vc_column_inner width=&#8221;1\/3&#8243;]<style>.ld_icon_box_69e373aebc908 .iconbox-icon-container{color:rgb(29, 225, 209);margin-bottom:10px !important;border-radius:px;}.ld_icon_box_69e373aebc908:hover .iconbox-icon-container{color:rgb(255, 255, 255);}.ld_icon_box_69e373aebc908 .iconbox-icon-container i{background:-webkit-linear-gradient(to bottom right, rgb(29, 225, 209) 20%, rgb(120, 11, 238) 80%);background:linear-gradient(to bottom right, rgb(29, 225, 209) 20%, rgb(120, 11, 238) 80%);background-clip:text !important;-webkit-background-clip:text !important;text-fill-color:transparent !important;-webkit-text-fill-color:transparent !important;line-height:1.15em !important;}.ld_icon_box_69e373aebc908:hover .iconbox-icon-container i{background:-webkit-linear-gradient(to bottom right, rgb(255, 255, 255) 20%, rgb(255, 255, 255) 80%);background:linear-gradient(to bottom right, rgb(255, 255, 255) 20%, rgb(255, 255, 255) 80%);background-clip:text !important;-webkit-background-clip:text !important;text-fill-color:transparent !important;-webkit-text-fill-color:transparent !important;line-height:1.15em !important;}.ld_icon_box_69e373aebc908 h3{color:rgb(29, 225, 209);margin-bottom:px;font-size:22px;}.ld_icon_box_69e373aebc908-heading-gradient h3{background:-webkit-linear-gradient(to right, rgb(29, 225, 209) 0%, rgb(120, 11, 238) 100%);background:linear-gradient(to right, rgb(29, 225, 209) 0%, rgb(120, 11, 238) 100%);}.ld_icon_box_69e373aebc908:before{background:-webkit-linear-gradient(115deg, #780bee 0.6369426751592356%, rgb(29, 225, 209) 100%);background:linear-gradient(115deg, #780bee 0.6369426751592356%, rgb(29, 225, 209) 100%);}<\/style>\n<div class=\"iconbox text-left iconbox-semiround iconbox-shadow-hover iconbox-heading-gradient iconbox-xl iconbox-filled iconbox-filled iconbox-filled-hover ld_icon_box_69e373aebc908 vc_custom_1685532727186\" id=\"ld_icon_box_69e373aebc908\"  data-animate-icon=\"true\" data-plugin-options='{\"resetOnHover\":true,\"color\":\"rgb(29, 225, 209):rgb(120, 11, 238)\",\"hoverColor\":\"rgb(255, 255, 255)\"}'  >\n\t\n\t\t<div class=\"iconbox-icon-wrap\"><span class=\"iconbox-icon-container\"><?xml version=\"1.0\" encoding=\"utf-8\"?>\r\n<!-- Generator: Adobe Illustrator 16.0.0, SVG Export Plug-In . SVG Version: 6.00 Build 0)  -->\r\n<!DOCTYPE svg PUBLIC \"-\/\/W3C\/\/DTD SVG 1.1\/\/EN\" \"http:\/\/www.w3.org\/Graphics\/SVG\/1.1\/DTD\/svg11.dtd\">\r\n<svg version=\"1.1\" id=\"Layer_1\" xmlns=\"http:\/\/www.w3.org\/2000\/svg\" xmlns:xlink=\"http:\/\/www.w3.org\/1999\/xlink\" x=\"0px\" y=\"0px\"\r\n\t width=\"64px\" height=\"64px\" viewBox=\"0 0 64 64\" enable-background=\"new 0 0 64 64\" xml:space=\"preserve\">\r\n<rect x=\"1\" y=\"1\" fill=\"none\" stroke=\"#231F20\" stroke-width=\"2\" stroke-linejoin=\"bevel\" stroke-miterlimit=\"10\" width=\"62\" height=\"62\"\/>\r\n<rect x=\"1\" y=\"1\" fill=\"none\" stroke=\"#231F20\" stroke-width=\"2\" stroke-linejoin=\"bevel\" stroke-miterlimit=\"10\" width=\"62\" height=\"62\"\/>\r\n<path fill=\"none\" stroke=\"#231F20\" stroke-width=\"2\" stroke-miterlimit=\"10\" d=\"M22,27c-2.762,0-5-2.238-5-5s2.238-5,5-5\r\n\ts5,2.238,5,5v20c0,2.762-2.238,5-5,5s-5-2.238-5-5s2.238-5,5-5h20c2.762,0,5,2.238,5,5s-2.238,5-5,5s-5-2.238-5-5V22\r\n\tc0-2.762,2.238-5,5-5s5,2.238,5,5s-2.238,5-5,5H22z\"\/>\r\n<\/svg>\r\n<\/span><\/div><!-- \/.iconbox-icon-wrap -->\t\n\t\t\n\t<div class=\"contents\">\t\n\t\t<p style=\"text-align: justify\"><strong>Vaisi\u0173 l\u0105steli\u0173 sienel\u0117s daugiausia susideda i\u0161 pektino, kompleksinio polisacharido<\/strong><\/p>\n\t\t\n\t<\/div>\t\n\t\n<\/div>\n[\/vc_column_inner][vc_column_inner width=&#8221;1\/3&#8243;]<style>.ld_icon_box_69e373aed3460 .iconbox-icon-container{color:rgb(29, 225, 209);margin-bottom:10px !important;border-radius:px;}.ld_icon_box_69e373aed3460:hover .iconbox-icon-container{color:rgb(255, 255, 255);}.ld_icon_box_69e373aed3460 .iconbox-icon-container i{background:-webkit-linear-gradient(to bottom right, rgb(29, 225, 209) 20%, rgb(120, 11, 238) 80%);background:linear-gradient(to bottom right, rgb(29, 225, 209) 20%, rgb(120, 11, 238) 80%);background-clip:text !important;-webkit-background-clip:text !important;text-fill-color:transparent !important;-webkit-text-fill-color:transparent !important;line-height:1.15em !important;}.ld_icon_box_69e373aed3460:hover .iconbox-icon-container i{background:-webkit-linear-gradient(to bottom right, rgb(255, 255, 255) 20%, rgb(255, 255, 255) 80%);background:linear-gradient(to bottom right, rgb(255, 255, 255) 20%, rgb(255, 255, 255) 80%);background-clip:text !important;-webkit-background-clip:text !important;text-fill-color:transparent !important;-webkit-text-fill-color:transparent !important;line-height:1.15em !important;}.ld_icon_box_69e373aed3460 h3{color:rgb(29, 225, 209);margin-bottom:px;font-size:22px;}.ld_icon_box_69e373aed3460-heading-gradient h3{background:-webkit-linear-gradient(to right, rgb(29, 225, 209) 0%, rgb(120, 11, 238) 100%);background:linear-gradient(to right, rgb(29, 225, 209) 0%, rgb(120, 11, 238) 100%);}.ld_icon_box_69e373aed3460:before{background:-webkit-linear-gradient(115deg, #780bee 0.6369426751592356%, rgb(29, 225, 209) 100%);background:linear-gradient(115deg, #780bee 0.6369426751592356%, rgb(29, 225, 209) 100%);}<\/style>\n<div class=\"iconbox text-left iconbox-semiround iconbox-shadow-hover iconbox-heading-gradient iconbox-xl iconbox-filled iconbox-filled iconbox-filled-hover ld_icon_box_69e373aed3460 vc_custom_1685532737294\" id=\"ld_icon_box_69e373aed3460\"  data-animate-icon=\"true\" data-plugin-options='{\"resetOnHover\":true,\"color\":\"rgb(29, 225, 209):rgb(120, 11, 238)\",\"hoverColor\":\"rgb(255, 255, 255)\"}'  >\n\t\n\t\t<div class=\"iconbox-icon-wrap\"><span class=\"iconbox-icon-container\"><?xml version=\"1.0\" encoding=\"utf-8\"?>\r\n<!-- Generator: Adobe Illustrator 16.0.0, SVG Export Plug-In . SVG Version: 6.00 Build 0)  -->\r\n<!DOCTYPE svg PUBLIC \"-\/\/W3C\/\/DTD SVG 1.1\/\/EN\" \"http:\/\/www.w3.org\/Graphics\/SVG\/1.1\/DTD\/svg11.dtd\">\r\n<svg version=\"1.1\" id=\"Layer_1\" xmlns=\"http:\/\/www.w3.org\/2000\/svg\" xmlns:xlink=\"http:\/\/www.w3.org\/1999\/xlink\" x=\"0px\" y=\"0px\"\r\n\t width=\"64px\" height=\"64px\" viewBox=\"0 0 64 64\" enable-background=\"new 0 0 64 64\" xml:space=\"preserve\">\r\n<g>\r\n\t<line fill=\"none\" stroke=\"#000000\" stroke-width=\"2\" stroke-miterlimit=\"10\" x1=\"18.947\" y1=\"17.153\" x2=\"45.045\" y2=\"43.056\"\/>\r\n<\/g>\r\n<g>\r\n\t<line fill=\"none\" stroke=\"#000000\" stroke-width=\"2\" stroke-miterlimit=\"10\" x1=\"19.045\" y1=\"43.153\" x2=\"44.947\" y2=\"17.056\"\/>\r\n<\/g>\r\n<g>\r\n\t<circle fill=\"none\" stroke=\"#000000\" stroke-width=\"2\" stroke-miterlimit=\"10\" cx=\"32\" cy=\"32\" r=\"30.999\"\/>\r\n<\/g>\r\n<\/svg>\r\n<\/span><\/div><!-- \/.iconbox-icon-wrap -->\t\n\t\t\n\t<div class=\"contents\">\t\n\t\t<p style=\"text-align: justify\"><strong>Fermentai (pektinaz\u0117s) ardo pektin\u0105 ir taip pasi\u0161alina l\u0105stel\u0117se esan\u010dios sultys<\/strong><\/p>\n\t\t\n\t<\/div>\t\n\t\n<\/div>\n[\/vc_column_inner][vc_column_inner width=&#8221;1\/3&#8243;]<style>.ld_icon_box_69e373aeea58d .iconbox-icon-container{color:rgb(29, 225, 209);margin-bottom:10px !important;border-radius:px;}.ld_icon_box_69e373aeea58d:hover .iconbox-icon-container{color:rgb(255, 255, 255);}.ld_icon_box_69e373aeea58d .iconbox-icon-container i{background:-webkit-linear-gradient(to bottom right, rgb(29, 225, 209) 20%, rgb(120, 11, 238) 80%);background:linear-gradient(to bottom right, rgb(29, 225, 209) 20%, rgb(120, 11, 238) 80%);background-clip:text !important;-webkit-background-clip:text !important;text-fill-color:transparent !important;-webkit-text-fill-color:transparent !important;line-height:1.15em !important;}.ld_icon_box_69e373aeea58d:hover .iconbox-icon-container i{background:-webkit-linear-gradient(to bottom right, rgb(255, 255, 255) 20%, rgb(255, 255, 255) 80%);background:linear-gradient(to bottom right, rgb(255, 255, 255) 20%, rgb(255, 255, 255) 80%);background-clip:text !important;-webkit-background-clip:text !important;text-fill-color:transparent !important;-webkit-text-fill-color:transparent !important;line-height:1.15em !important;}.ld_icon_box_69e373aeea58d h3{color:rgb(29, 225, 209);margin-bottom:px;font-size:22px;}.ld_icon_box_69e373aeea58d-heading-gradient h3{background:-webkit-linear-gradient(to right, rgb(29, 225, 209) 0%, rgb(120, 11, 238) 100%);background:linear-gradient(to right, rgb(29, 225, 209) 0%, rgb(120, 11, 238) 100%);}.ld_icon_box_69e373aeea58d:before{background:-webkit-linear-gradient(115deg, #780bee 0.6369426751592356%, rgb(29, 225, 209) 100%);background:linear-gradient(115deg, #780bee 0.6369426751592356%, rgb(29, 225, 209) 100%);}<\/style>\n<div class=\"iconbox text-left iconbox-semiround iconbox-shadow-hover iconbox-heading-gradient iconbox-xl iconbox-filled iconbox-filled iconbox-filled-hover ld_icon_box_69e373aeea58d vc_custom_1685959964637\" id=\"ld_icon_box_69e373aeea58d\"  data-animate-icon=\"true\" data-plugin-options='{\"resetOnHover\":true,\"color\":\"rgb(29, 225, 209):rgb(120, 11, 238)\",\"hoverColor\":\"rgb(255, 255, 255)\"}'  >\n\t\n\t\t<div class=\"iconbox-icon-wrap\"><span class=\"iconbox-icon-container\"><?xml version=\"1.0\" encoding=\"utf-8\"?>\r\n<!-- Generator: Adobe Illustrator 16.0.0, SVG Export Plug-In . SVG Version: 6.00 Build 0)  -->\r\n<!DOCTYPE svg PUBLIC \"-\/\/W3C\/\/DTD SVG 1.1\/\/EN\" \"http:\/\/www.w3.org\/Graphics\/SVG\/1.1\/DTD\/svg11.dtd\">\r\n<svg version=\"1.1\" id=\"Layer_1\" xmlns=\"http:\/\/www.w3.org\/2000\/svg\" xmlns:xlink=\"http:\/\/www.w3.org\/1999\/xlink\" x=\"0px\" y=\"0px\"\r\n\t width=\"64px\" height=\"64px\" viewBox=\"0 0 64 64\" enable-background=\"new 0 0 64 64\" xml:space=\"preserve\">\r\n<g>\r\n\t<g>\r\n\t\t<g>\r\n\t\t\t<path fill=\"none\" stroke=\"#000000\" stroke-width=\"2\" stroke-miterlimit=\"10\" d=\"M31,1c-0.667,0-1.333,0.022-1.998,0.066\"\/>\r\n\t\t\t<path fill=\"none\" stroke=\"#000000\" stroke-width=\"2\" stroke-miterlimit=\"10\" stroke-dasharray=\"4.1705,2.0853\" d=\"M26.929,1.275\r\n\t\t\t\tC20.659,2.13,14.607,4.967,9.788,9.787C-0.91,20.484-1.841,37.248,6.997,49l3.846,3.847\"\/>\r\n\t\t\t<line fill=\"none\" stroke=\"#000000\" stroke-width=\"2\" stroke-miterlimit=\"10\" x1=\"11.584\" y1=\"53.588\" x2=\"12.998\" y2=\"55.002\"\/>\r\n\t\t<\/g>\r\n\t<\/g>\r\n<\/g>\r\n<g>\r\n\t<g>\r\n\t\t<g>\r\n\t\t\t<path fill=\"none\" stroke=\"#000000\" stroke-width=\"2\" stroke-miterlimit=\"10\" d=\"M33,63c0.667,0,1.333-0.022,1.998-0.066\"\/>\r\n\t\t\t<path fill=\"none\" stroke=\"#000000\" stroke-width=\"2\" stroke-miterlimit=\"10\" stroke-dasharray=\"4.1705,2.0853\" d=\"M37.071,62.725\r\n\t\t\t\tc6.27-0.854,12.321-3.691,17.141-8.512C64.91,43.516,65.841,26.752,57.003,15l-3.846-3.847\"\/>\r\n\t\t\t<line fill=\"none\" stroke=\"#000000\" stroke-width=\"2\" stroke-miterlimit=\"10\" x1=\"52.416\" y1=\"10.412\" x2=\"51.002\" y2=\"8.998\"\/>\r\n\t\t<\/g>\r\n\t<\/g>\r\n<\/g>\r\n<polyline fill=\"none\" stroke=\"#000000\" stroke-width=\"2\" stroke-linejoin=\"bevel\" stroke-miterlimit=\"10\" points=\"13,44 13,55 2,55 \r\n\t\"\/>\r\n<polyline fill=\"none\" stroke=\"#000000\" stroke-width=\"2\" stroke-linejoin=\"bevel\" stroke-miterlimit=\"10\" points=\"51,20 51,9 62,9 \r\n\t\"\/>\r\n<\/svg>\r\n<\/span><\/div><!-- \/.iconbox-icon-wrap -->\t\n\t\t\n\t<div class=\"contents\">\t\n\t\t<p><strong>\u201eAilana\u201c pektinaz\u0117s fermentai gaminami i\u0161 geneti\u0161kai nemodifikuotos Aspergillus niger paderm\u0117s ir paprastai yra laikomi pagalbin\u0117mis perdirbimo priemon\u0117mis<\/strong><\/p>\n\t\t\n\t<\/div>\t\n\t\n<\/div>\n[\/vc_column_inner][\/vc_row_inner][vc_row_inner gap=&#8221;30&#8243;][vc_column_inner width=&#8221;1\/2&#8243;]<div id=\"ld_content_box_69e373af0d125\" class=\"fancy-box fancy-box-case-study scheme-light ld_content_box_69e373af0d125\" data-hover3d=\"true\">\n\n\t<div class=\"fancy-box-contents border-radius-5\" data-stacking-factor=\"0.5\">\n\n\t\t<div class=\"cb-img-container border-radius-5\">\n\n\t\t\t<figure class=\"fancy-box-image border-radius-5\" style=\"background-image: url(https:\/\/ailana.eu\/lt\/wp-content\/uploads\/2020\/09\/pexels-engin-akyurt-3252766.jpg);\">\n\t\t\t\t<img decoding=\"async\" width=\"1200\" height=\"800\" src=\"data:image\/svg+xml;charset=utf-8,&lt;svg xmlns%3D&#039;http%3A%2F%2Fwww.w3.org%2F2000%2Fsvg&#039; viewBox%3D&#039;0 0 1200 800&#039;%2F&gt;\" class=\"invisible ld-lazyload\" alt=\"\" srcset=\"\" sizes=\"(max-width: 1200px) 100vw, 1200px\" data-src=\"https:\/\/ailana.eu\/lt\/wp-content\/uploads\/2020\/09\/pexels-engin-akyurt-3252766.jpg\" data-srcset=\"https:\/\/ailana.eu\/lt\/wp-content\/uploads\/2020\/09\/pexels-engin-akyurt-3252766.jpg 1200w, https:\/\/ailana.eu\/lt\/wp-content\/uploads\/2020\/09\/pexels-engin-akyurt-3252766-300x200.jpg 300w, https:\/\/ailana.eu\/lt\/wp-content\/uploads\/2020\/09\/pexels-engin-akyurt-3252766-1024x683.jpg 1024w\" data-aspect=\"1.5\" \/>\t\t\t<\/figure>\n\n\t\t<\/div><!-- \/.cb-img-container -->\n\t\t<div class=\"fancy-box-header\">\n\t\t\t\n\t\t\t<span class=\"ld-cb-icon\"><i class=\"icon-arrows_circle_left\"><\/i><\/span>\t\t\t\t\t\t\n\t\t<\/div><!-- \/.fancy-box-header -->\n\n\t<\/div><!-- \/.fancy-box-contents -->\n\n\t<a href=\"#\" class=\"liquid-overlay-link\"><\/a>\n<\/div><!-- \/.fancy-box fancy-box-classes -->[\/vc_column_inner][vc_column_inner width=&#8221;1\/2&#8243;][vc_column_text]<\/p>\n<p style=\"text-align: justify;\">Fermentai visuomet u\u017e\u0117m\u0117 svarbi\u0105 viet\u0105 vaisi\u0173 sul\u010di\u0173 gamybos ir vaisi\u0173 perdirbimo procesuose. \u0160iam tikslui specialiai sukurti fermentai suardo l\u0105steli\u0173 sieneles ir i\u0161laisvina jose esant\u012f skyst\u012f bei cukr\u0173 \u2013 pagrindines vaisiaus sud\u0117tines dalis. Pektinaz\u0117, arabinanaz\u0117, amilaz\u0117 ir kitos karbohidraz\u0117s veikia skirtingas vaisiaus l\u0105steli\u0173 strukt\u016bras, tod\u0117l kiekviena j\u0173 turi skirting\u0105 poveik\u012f ekstrakcijos proceso rezultatui. M\u016bs\u0173 si\u016blomi fermentai ir technin\u0117 pagalba pad\u0117s jums i\u0161gauti daugiau sul\u010di\u0173 i\u0161 \u012fvairi\u0173 r\u016b\u0161i\u0173 vaisi\u0173, toki\u0173 kaip obuoliai, kriau\u0161\u0117s, persikai, paprastosios vy\u0161nios, bra\u0161k\u0117s ir kt. Taip pat atitinkam\u0173 ferment\u0173 naudojimas gali padidinti produkto i\u0161eig\u0105 perdirbant dar\u017eoves, alyvuoges bei vynuoges. M\u016bs\u0173 technini\u0173 konsultant\u0173 komanda ir naudojami metodai pad\u0117s i\u0161 \u201eAilana\u201c si\u016blom\u0173 produkt\u0173 asortimento pasirinkti labiausiai jums tinkan\u010dias alternatyvas.<\/p>\n<p>[\/vc_column_text][\/vc_column_inner][\/vc_row_inner][\/vc_column][\/vc_row][vc_row content_placement=&#8221;bottom&#8221; css=&#8221;.vc_custom_1532682998561{padding-top: 80px !important;padding-bottom: 110px !important;}&#8221;][vc_column enable_content_animation=&#8221;yes&#8221; ca_init_scale_x=&#8221;1&#8243; ca_init_scale_y=&#8221;1&#8243; ca_init_scale_z=&#8221;1&#8243; ca_init_opacity=&#8221;0&#8243; ca_an_scale_x=&#8221;1&#8243; ca_an_scale_y=&#8221;1&#8243; ca_an_scale_z=&#8221;1&#8243; ca_an_opacity=&#8221;1&#8243; offset=&#8221;vc_col-md-8&#8243; ca_duration=&#8221;1200&#8243; ca_delay=&#8221;150&#8243; ca_init_translate_y=&#8221;40&#8243; css=&#8221;.vc_custom_1536842469386{margin-bottom: 20px !important;}&#8221; responsive_css=&#8221;margin_bottom_medium:0px&#8221;]<style>.ld_fancy_heading_69e373af4dbf6 h3{font-size:20px;line-height:1.8em;}.ld_fancy_heading_69e373af4dbf6 .lqd-highlight-inner{height:0.275em;bottom:0px;}<\/style><div class=\"ld-fancy-heading ld_fancy_heading_69e373af4dbf6\">\n\t<h3 class=\"lqd-highlight-underline lqd-highlight-grow-left\" data-split-text=\"true\" data-custom-animations=\"true\" data-ca-options='{\"triggerHandler\":\"inview\",\"animationTarget\":\".lqd-lines .split-inner\",\"duration\":700,\"delay\":100,\"easing\":\"easeOutQuint\",\"direction\":\"forward\",\"initValues\":{\"scale\":1},\"animations\":{\"scale\":1}}' data-split-options='{\"type\":\"lines\"}'><span class=\"ld-fh-txt\"> \u201eAilana\u201c tiekia visas \u012fmanomas fermentacijos proces\u0173 aptarnavimo paslaugas, skirtas maisto pramonei ir \u017eem\u0117s \u016bkyje naudojamiems pa\u0161arams.<\/span><\/h3><\/div>[\/vc_column][vc_column enable_content_animation=&#8221;yes&#8221; ca_init_scale_x=&#8221;1&#8243; ca_init_scale_y=&#8221;1&#8243; ca_init_scale_z=&#8221;1&#8243; ca_init_opacity=&#8221;0&#8243; ca_an_scale_x=&#8221;1&#8243; ca_an_scale_y=&#8221;1&#8243; ca_an_scale_z=&#8221;1&#8243; ca_an_opacity=&#8221;1&#8243; align=&#8221;text-left&#8221; offset=&#8221;vc_col-md-4&#8243; responsive_align=&#8221;text-md-right&#8221; ca_duration=&#8221;1200&#8243; ca_start_delay=&#8221;200&#8243; ca_init_translate_y=&#8221;43&#8243;]<style>.ld_button_69e373af4e2be.btn-icon-solid .btn-icon{background:rgb(79, 218, 145);}.ld_button_69e373af4e2be.btn-icon-circle.btn-icon-ripple .btn-icon:before{border-color:rgb(79, 218, 145);}.ld_button_69e373af4e2be.btn-icon-solid:hover .btn-icon{background:rgb(52, 219, 197);}.ld_button_69e373af4e2be{background-color:rgb(79, 218, 145);border-color:rgb(79, 218, 145);line-height:1.111em !important;font-size:14px !important;letter-spacing:0.1em !important;box-shadow:0px 8px 15px 0px rgba(48,198,168,0.32);}.ld_button_69e373af4e2be:hover{background-color:rgb(52, 219, 197);border-color:rgb(52, 219, 197);}.ld_button_69e373af4e2be .btn-gradient-bg{background:-webkit-linear-gradient(to right, rgb(79, 218, 145) 0%, rgb(52, 219, 197) 100%);background:linear-gradient(to right, rgb(79, 218, 145) 0%, rgb(52, 219, 197) 100%);}.ld_button_69e373af4e2be .btn-gradient-bg-hover{background:-webkit-linear-gradient(to right, rgb(52, 219, 197) 0%, rgb(52, 219, 197) 100%);background:linear-gradient(to right, rgb(52, 219, 197) 0%, rgb(52, 219, 197) 100%);}.ld_button_69e373af4e2be .btn-gradient-border defs stop:first-child{stop-color:rgb(79, 218, 145);}.ld_button_69e373af4e2be .btn-gradient-border defs stop:last-child{stop-color:rgb(52, 219, 197);}.ld_button_69e373af4e2be:hover .btn-gradient-border defs stop:first-child{stop-color:rgb(52, 219, 197);}.ld_button_69e373af4e2be:hover .btn-gradient-border defs stop:last-child{stop-color:rgb(52, 219, 197);}<\/style><a href=\"http:\/\/ailana.eu\/lt\/paslaugos\/\" title=\"Paslaugos\" class=\"btn btn-solid text-uppercase circle btn-bordered border-thin btn-gradient ld_button_69e373af4e2be vc_custom_1610876595061\">\n\t<span>\n\t<span class=\"btn-gradient-bg\"><\/span>\t\n\t\t\t\t\t<span class=\"btn-txt\">VISOS PASLAUGOS<\/span>\n\t\t\t\n\t\t<span class=\"btn-gradient-bg btn-gradient-bg-hover\"><\/span>\t<svg xmlns=\"http:\/\/www.w3.org\/2000\/svg\" xmlns:xlink=\"http:\/\/www.w3.org\/1999\/xlink\" xml:space=\"preserve\" class=\"btn-gradient-border\" width=\"100%\" height=\"100%\">\n\t\t\t      <defs>\n\t\t\t        <linearGradient id=\"svg-border-69e373af4e916\" x1=\"0%\" y1=\"0%\" x2=\"100%\" y2=\"0%\">\n\t\t\t          <stop offset=\"0%\" \/>\n\t\t\t          <stop offset=\"100%\" \/>\n\t\t\t        <\/linearGradient>\n\t\t\t      <\/defs>\n\t\t\t      <rect x=\"0.5\" y=\"0.5\" rx=\"17%\" ry=\"50%\" width=\"100%\" height=\"100%\" stroke=\"url(#svg-border-69e373af4e916)\"\/>\n\t\t\t    <\/svg>\t<\/span>\n<\/a>\n<style>.ld_spacer_69e373af4e943{height:20px;}<\/style>\n<div class=\"ld-empty-space ld_spacer_69e373af4e943\"><span class=\"liquid_empty_space_inner\"><\/span><\/div>[\/vc_column][\/vc_row]<\/p>\n<\/section>","protected":false},"excerpt":{"rendered":"<p>[vc_row css=&#8221;.vc_custom_1534409531541{padding-top: 45px !important;padding-bottom: 45px !important;}&#8221;][vc_column align=&#8221;text-center&#8221; offset=&#8221;vc_col-md-offset-2 vc_col-md-8&#8243;][\/vc_column][vc_column][vc_separator color=&#8221;custom&#8221; border_width=&#8221;3&#8243; accent_color=&#8221;#181b31&#8243;][vc_row_inner gap=&#8221;30&#8243;][vc_column_inner][vc_column_text] Svarbi ferment\u0173&#8230;<\/p>\n","protected":false},"author":1,"featured_media":0,"parent":7167,"menu_order":0,"comment_status":"closed","ping_status":"closed","template":"","meta":{"footnotes":""},"class_list":["post-7317","page","type-page","status-publish","hentry"],"_links":{"self":[{"href":"https:\/\/ailana.eu\/lt\/wp-json\/wp\/v2\/pages\/7317","targetHints":{"allow":["GET"]}}],"collection":[{"href":"https:\/\/ailana.eu\/lt\/wp-json\/wp\/v2\/pages"}],"about":[{"href":"https:\/\/ailana.eu\/lt\/wp-json\/wp\/v2\/types\/page"}],"author":[{"embeddable":true,"href":"https:\/\/ailana.eu\/lt\/wp-json\/wp\/v2\/users\/1"}],"replies":[{"embeddable":true,"href":"https:\/\/ailana.eu\/lt\/wp-json\/wp\/v2\/comments?post=7317"}],"version-history":[{"count":17,"href":"https:\/\/ailana.eu\/lt\/wp-json\/wp\/v2\/pages\/7317\/revisions"}],"predecessor-version":[{"id":8005,"href":"https:\/\/ailana.eu\/lt\/wp-json\/wp\/v2\/pages\/7317\/revisions\/8005"}],"up":[{"embeddable":true,"href":"https:\/\/ailana.eu\/lt\/wp-json\/wp\/v2\/pages\/7167"}],"wp:attachment":[{"href":"https:\/\/ailana.eu\/lt\/wp-json\/wp\/v2\/media?parent=7317"}],"curies":[{"name":"wp","href":"https:\/\/api.w.org\/{rel}","templated":true}]}}