{"id":7306,"date":"2020-09-06T18:25:53","date_gmt":"2020-09-06T18:25:53","guid":{"rendered":"http:\/\/ailana.eu\/new\/?page_id=7306"},"modified":"2023-06-05T10:06:16","modified_gmt":"2023-06-05T10:06:16","slug":"pieno-produktai","status":"publish","type":"page","link":"https:\/\/ailana.eu\/lt\/paslaugos\/pieno-produktai\/","title":{"rendered":"Pieno produktai"},"content":{"rendered":"<section class=\"wpb-content-wrapper\"><p>[vc_row css=&#8221;.vc_custom_1534409531541{padding-top: 45px !important;padding-bottom: 45px !important;}&#8221;][vc_column align=&#8221;text-center&#8221; offset=&#8221;vc_col-md-offset-2 vc_col-md-8&#8243;]<style>.ld_fancy_heading_69e0c0c3d7bec h6{font-size:12px;letter-spacing:0.1em;color:rgb(167, 169, 184);}.ld_fancy_heading_69e0c0c3d7bec .lqd-highlight-inner{height:0.275em;bottom:0px;}<\/style><div class=\"ld-fancy-heading text-uppercase ld_fancy_heading_69e0c0c3d7bec\">\n\t<h6 class=\"lqd-highlight-underline lqd-highlight-grow-left\" ><span class=\"ld-fh-txt\"> Paslaugos<\/span><\/h6><\/div><style>.ld_fancy_heading_69e0c0c3d836a h1{font-size:30px;line-height:1.15em;}.ld_fancy_heading_69e0c0c3d836a .lqd-highlight-inner{height:0.275em;bottom:0px;}<\/style><div class=\"ld-fancy-heading ld_fancy_heading_69e0c0c3d836a\">\n\t<h1 class=\"lqd-highlight-underline lqd-highlight-grow-left\" data-fittext=\"true\" data-fittext-options='{\"compressor\":0.65,\"maxFontSize\":\"currentFontSize\",\"minFontSize\":\"32px\"}'><span class=\"ld-fh-txt\"> Pieno produktai<\/span><\/h1><\/div><style>.ld_spacer_69e0c0c3d8407{height:12px;}<\/style>\n<div class=\"ld-empty-space ld_spacer_69e0c0c3d8407\"><span class=\"liquid_empty_space_inner\"><\/span><\/div>[\/vc_column][vc_column][vc_separator color=&#8221;custom&#8221; border_width=&#8221;3&#8243; accent_color=&#8221;#181b31&#8243;][vc_row_inner gap=&#8221;30&#8243;][vc_column_inner width=&#8221;1\/2&#8243;]<div id=\"ld_content_box_69e0c0c3d852c\" class=\"fancy-box fancy-box-case-study scheme-light ld_content_box_69e0c0c3d852c\" data-hover3d=\"true\">\n\n\t<div class=\"fancy-box-contents border-radius-5\" data-stacking-factor=\"0.5\">\n\n\t\t<div class=\"cb-img-container border-radius-5\">\n\n\t\t\t<figure class=\"fancy-box-image border-radius-5\" style=\"background-image: url(https:\/\/ailana.eu\/lt\/wp-content\/uploads\/2020\/09\/pexels-engin-akyurt-2531189.jpg);\">\n\t\t\t\t<img decoding=\"async\" width=\"1200\" height=\"800\" src=\"data:image\/svg+xml;charset=utf-8,&lt;svg xmlns%3D&#039;http%3A%2F%2Fwww.w3.org%2F2000%2Fsvg&#039; viewBox%3D&#039;0 0 1200 800&#039;%2F&gt;\" class=\"invisible ld-lazyload\" alt=\"\" srcset=\"\" sizes=\"(max-width: 1200px) 100vw, 1200px\" data-src=\"https:\/\/ailana.eu\/lt\/wp-content\/uploads\/2020\/09\/pexels-engin-akyurt-2531189.jpg\" data-srcset=\"https:\/\/ailana.eu\/lt\/wp-content\/uploads\/2020\/09\/pexels-engin-akyurt-2531189.jpg 1200w, https:\/\/ailana.eu\/lt\/wp-content\/uploads\/2020\/09\/pexels-engin-akyurt-2531189-300x200.jpg 300w, https:\/\/ailana.eu\/lt\/wp-content\/uploads\/2020\/09\/pexels-engin-akyurt-2531189-1024x683.jpg 1024w\" data-aspect=\"1.5\" \/>\t\t\t<\/figure>\n\n\t\t<\/div><!-- \/.cb-img-container -->\n\t\t<div class=\"fancy-box-header\">\n\t\t\t\n\t\t\t<span class=\"ld-cb-icon\"><i class=\"icon-arrows_circle_left\"><\/i><\/span>\t\t\t\t\t\t\n\t\t<\/div><!-- \/.fancy-box-header -->\n\n\t<\/div><!-- \/.fancy-box-contents -->\n\n\t<a href=\"#\" class=\"liquid-overlay-link\"><\/a>\n<\/div><!-- \/.fancy-box fancy-box-classes -->[\/vc_column_inner][vc_column_inner width=&#8221;1\/2&#8243;][vc_column_text]<\/p>\n<p style=\"text-align: justify;\">Pieno produktai yra seniausi \u017emonijos vartojami maisto produktai, kurie yra gaminami jau t\u016bkstan\u010dius met\u0173. \u017dmon\u0117s jau nuo seno, patys to ne\u017einodami, pieno produkt\u0173 (toki\u0173 kaip s\u016bris, jogurtas ir kt.) gamyboje naudojo fermentus. Nuo XX am\u017eiaus pieno pramon\u0117 pasikeit\u0117 neatpa\u017e\u012fstamai, ir \u0161iandien pieno produktai yra viena svarbiausi\u0173 m\u016bs\u0173 mitybos dali\u0173. Nauji atradimai biotechnologij\u0173 srityje leido sukurti \u012fvairius produktus, galin\u010dius pagerinti pieno produkt\u0173 kokyb\u0119, i\u0161eig\u0105, kvap\u0105, skon\u012f, galiojimo laik\u0105 ir konsistencij\u0105. Pasitelkdama savo turimas technologijas, \u201eAilana\u201c kuria itin specifinius ferment\u0173 produktus, skirtus jogurtams, s\u016briams ir kitiems pieno produktams, kad u\u017etikrint\u0173 geresn\u012f j\u0173 skon\u012f, aromat\u0105, i\u0161eig\u0105 ir galiojimo laik\u0105. Tokie GMO neturintys m\u016bs\u0173 produktai, kaip mikrobin\u0117s kilm\u0117s \u0161liu\u017eo fermentas, laktaz\u0117, fosfolipaz\u0117, transglutaminaz\u0117 ir organiniai konservantai (pvz., lizocimas) bei m\u016bs\u0173 si\u016blomos paslaugos i\u0161ties pasitarnaus tobulinant j\u016bs\u0173 gamybos procesus.<\/p>\n<p>[\/vc_column_text][\/vc_column_inner][\/vc_row_inner]<style>.ld_spacer_69e0c0c41978b{height:50px;}<\/style>\n<div class=\"ld-empty-space ld_spacer_69e0c0c41978b\"><span class=\"liquid_empty_space_inner\"><\/span><\/div>[vc_row_inner gap=&#8221;30&#8243;][vc_column_inner][vc_column_text]<\/p>\n<blockquote class=\"wp-block-quote\">\n<p style=\"text-align: justify;\">Mes si\u016blome fermentus \u0161velnaus skonio pieno produktams. M\u016bs\u0173 fermentai pagreitina subalansuoto skonio susidarym\u0105 \u012fvairiuose pieno produktuose, ypa\u010d s\u016briuose. S\u016brio gamybai m\u016bs\u0173 fermentai naudojami kaip koaguliantai, kurie yra ir neatsiejama gamybos dalis. Greitesnis brandinimo laikas ir ma\u017eesn\u0117 \u012ftaka aplinkai yra pagrindiniai rezultatai, kuriuos mes u\u017etikriname su m\u016bs\u0173 produktais. Prid\u0117kite m\u016bs\u0173 patikrintus pieno fermentus ir gaukite pastovaus ir m\u0117giamo skonio produktus.<\/p>\n<\/blockquote>\n<p>[\/vc_column_text][\/vc_column_inner][\/vc_row_inner][\/vc_column][\/vc_row][vc_row content_placement=&#8221;bottom&#8221; css=&#8221;.vc_custom_1532682998561{padding-top: 80px !important;padding-bottom: 110px !important;}&#8221;][vc_column enable_content_animation=&#8221;yes&#8221; ca_init_scale_x=&#8221;1&#8243; ca_init_scale_y=&#8221;1&#8243; ca_init_scale_z=&#8221;1&#8243; ca_init_opacity=&#8221;0&#8243; ca_an_scale_x=&#8221;1&#8243; ca_an_scale_y=&#8221;1&#8243; ca_an_scale_z=&#8221;1&#8243; ca_an_opacity=&#8221;1&#8243; offset=&#8221;vc_col-md-8&#8243; ca_duration=&#8221;1200&#8243; ca_delay=&#8221;150&#8243; ca_init_translate_y=&#8221;40&#8243; css=&#8221;.vc_custom_1536842469386{margin-bottom: 20px !important;}&#8221; responsive_css=&#8221;margin_bottom_medium:0px&#8221;]<style>.ld_fancy_heading_69e0c0c41987f h3{font-size:20px;line-height:1.8em;}.ld_fancy_heading_69e0c0c41987f .lqd-highlight-inner{height:0.275em;bottom:0px;}<\/style><div class=\"ld-fancy-heading ld_fancy_heading_69e0c0c41987f\">\n\t<h3 class=\"lqd-highlight-underline lqd-highlight-grow-left\" data-split-text=\"true\" data-custom-animations=\"true\" data-ca-options='{\"triggerHandler\":\"inview\",\"animationTarget\":\".lqd-lines .split-inner\",\"duration\":700,\"delay\":100,\"easing\":\"easeOutQuint\",\"direction\":\"forward\",\"initValues\":{\"scale\":1},\"animations\":{\"scale\":1}}' data-split-options='{\"type\":\"lines\"}'><span class=\"ld-fh-txt\"> \u201eAilana\u201c tiekia visas \u012fmanomas fermentacijos proces\u0173 aptarnavimo paslaugas, skirtas maisto pramonei ir \u017eem\u0117s \u016bkyje naudojamiems pa\u0161arams.<\/span><\/h3><\/div>[\/vc_column][vc_column enable_content_animation=&#8221;yes&#8221; ca_init_scale_x=&#8221;1&#8243; ca_init_scale_y=&#8221;1&#8243; ca_init_scale_z=&#8221;1&#8243; ca_init_opacity=&#8221;0&#8243; ca_an_scale_x=&#8221;1&#8243; ca_an_scale_y=&#8221;1&#8243; ca_an_scale_z=&#8221;1&#8243; ca_an_opacity=&#8221;1&#8243; align=&#8221;text-left&#8221; offset=&#8221;vc_col-md-4&#8243; responsive_align=&#8221;text-md-right&#8221; ca_duration=&#8221;1200&#8243; ca_start_delay=&#8221;200&#8243; ca_init_translate_y=&#8221;43&#8243;]<style>.ld_button_69e0c0c419fbc.btn-icon-solid .btn-icon{background:rgb(79, 218, 145);}.ld_button_69e0c0c419fbc.btn-icon-circle.btn-icon-ripple .btn-icon:before{border-color:rgb(79, 218, 145);}.ld_button_69e0c0c419fbc.btn-icon-solid:hover .btn-icon{background:rgb(52, 219, 197);}.ld_button_69e0c0c419fbc{background-color:rgb(79, 218, 145);border-color:rgb(79, 218, 145);line-height:1.111em !important;font-size:14px !important;letter-spacing:0.1em !important;box-shadow:0px 8px 15px 0px rgba(48,198,168,0.32);}.ld_button_69e0c0c419fbc:hover{background-color:rgb(52, 219, 197);border-color:rgb(52, 219, 197);}.ld_button_69e0c0c419fbc .btn-gradient-bg{background:-webkit-linear-gradient(to right, rgb(79, 218, 145) 0%, rgb(52, 219, 197) 100%);background:linear-gradient(to right, rgb(79, 218, 145) 0%, rgb(52, 219, 197) 100%);}.ld_button_69e0c0c419fbc .btn-gradient-bg-hover{background:-webkit-linear-gradient(to right, rgb(52, 219, 197) 0%, rgb(52, 219, 197) 100%);background:linear-gradient(to right, rgb(52, 219, 197) 0%, rgb(52, 219, 197) 100%);}.ld_button_69e0c0c419fbc .btn-gradient-border defs stop:first-child{stop-color:rgb(79, 218, 145);}.ld_button_69e0c0c419fbc .btn-gradient-border defs stop:last-child{stop-color:rgb(52, 219, 197);}.ld_button_69e0c0c419fbc:hover .btn-gradient-border defs stop:first-child{stop-color:rgb(52, 219, 197);}.ld_button_69e0c0c419fbc:hover .btn-gradient-border defs stop:last-child{stop-color:rgb(52, 219, 197);}<\/style><a href=\"http:\/\/ailana.eu\/lt\/paslaugos\/\" title=\"Paslaugos\" class=\"btn btn-solid text-uppercase circle btn-bordered border-thin btn-gradient ld_button_69e0c0c419fbc vc_custom_1610876305848\">\n\t<span>\n\t<span class=\"btn-gradient-bg\"><\/span>\t\n\t\t\t\t\t<span class=\"btn-txt\">VISOS PASLAUGOS<\/span>\n\t\t\t\n\t\t<span class=\"btn-gradient-bg btn-gradient-bg-hover\"><\/span>\t<svg xmlns=\"http:\/\/www.w3.org\/2000\/svg\" xmlns:xlink=\"http:\/\/www.w3.org\/1999\/xlink\" xml:space=\"preserve\" class=\"btn-gradient-border\" width=\"100%\" height=\"100%\">\n\t\t\t      <defs>\n\t\t\t        <linearGradient id=\"svg-border-69e0c0c41a4e8\" x1=\"0%\" y1=\"0%\" x2=\"100%\" y2=\"0%\">\n\t\t\t          <stop offset=\"0%\" \/>\n\t\t\t          <stop offset=\"100%\" \/>\n\t\t\t        <\/linearGradient>\n\t\t\t      <\/defs>\n\t\t\t      <rect x=\"0.5\" y=\"0.5\" rx=\"17%\" ry=\"50%\" width=\"100%\" height=\"100%\" stroke=\"url(#svg-border-69e0c0c41a4e8)\"\/>\n\t\t\t    <\/svg>\t<\/span>\n<\/a>\n<style>.ld_spacer_69e0c0c41a52a{height:20px;}<\/style>\n<div class=\"ld-empty-space ld_spacer_69e0c0c41a52a\"><span class=\"liquid_empty_space_inner\"><\/span><\/div>[\/vc_column][\/vc_row]<\/p>\n<\/section>","protected":false},"excerpt":{"rendered":"<p>[vc_row css=&#8221;.vc_custom_1534409531541{padding-top: 45px !important;padding-bottom: 45px !important;}&#8221;][vc_column align=&#8221;text-center&#8221; offset=&#8221;vc_col-md-offset-2 vc_col-md-8&#8243;][\/vc_column][vc_column][vc_separator color=&#8221;custom&#8221; border_width=&#8221;3&#8243; accent_color=&#8221;#181b31&#8243;][vc_row_inner gap=&#8221;30&#8243;][vc_column_inner width=&#8221;1\/2&#8243;][\/vc_column_inner][vc_column_inner width=&#8221;1\/2&#8243;][vc_column_text]&#8230;<\/p>\n","protected":false},"author":1,"featured_media":0,"parent":7167,"menu_order":0,"comment_status":"closed","ping_status":"closed","template":"","meta":{"footnotes":""},"class_list":["post-7306","page","type-page","status-publish","hentry"],"_links":{"self":[{"href":"https:\/\/ailana.eu\/lt\/wp-json\/wp\/v2\/pages\/7306","targetHints":{"allow":["GET"]}}],"collection":[{"href":"https:\/\/ailana.eu\/lt\/wp-json\/wp\/v2\/pages"}],"about":[{"href":"https:\/\/ailana.eu\/lt\/wp-json\/wp\/v2\/types\/page"}],"author":[{"embeddable":true,"href":"https:\/\/ailana.eu\/lt\/wp-json\/wp\/v2\/users\/1"}],"replies":[{"embeddable":true,"href":"https:\/\/ailana.eu\/lt\/wp-json\/wp\/v2\/comments?post=7306"}],"version-history":[{"count":10,"href":"https:\/\/ailana.eu\/lt\/wp-json\/wp\/v2\/pages\/7306\/revisions"}],"predecessor-version":[{"id":8001,"href":"https:\/\/ailana.eu\/lt\/wp-json\/wp\/v2\/pages\/7306\/revisions\/8001"}],"up":[{"embeddable":true,"href":"https:\/\/ailana.eu\/lt\/wp-json\/wp\/v2\/pages\/7167"}],"wp:attachment":[{"href":"https:\/\/ailana.eu\/lt\/wp-json\/wp\/v2\/media?parent=7306"}],"curies":[{"name":"wp","href":"https:\/\/api.w.org\/{rel}","templated":true}]}}