{"id":7280,"date":"2020-09-06T17:22:12","date_gmt":"2020-09-06T17:22:12","guid":{"rendered":"http:\/\/ailana.eu\/new\/?page_id=7280"},"modified":"2023-06-05T10:04:42","modified_gmt":"2023-06-05T10:04:42","slug":"alus","status":"publish","type":"page","link":"https:\/\/ailana.eu\/lt\/paslaugos\/alus\/","title":{"rendered":"Alus"},"content":{"rendered":"<section class=\"wpb-content-wrapper\"><p>[vc_row css=&#8221;.vc_custom_1534409531541{padding-top: 45px !important;padding-bottom: 45px !important;}&#8221;][vc_column align=&#8221;text-center&#8221; offset=&#8221;vc_col-md-offset-2 vc_col-md-8&#8243;]<style>.ld_fancy_heading_69ea31a9377e5 h6{font-size:12px;letter-spacing:0.1em;color:rgb(167, 169, 184);}.ld_fancy_heading_69ea31a9377e5 .lqd-highlight-inner{height:0.275em;bottom:0px;}<\/style><div class=\"ld-fancy-heading text-uppercase ld_fancy_heading_69ea31a9377e5\">\n\t<h6 class=\"lqd-highlight-underline lqd-highlight-grow-left\" ><span class=\"ld-fh-txt\"> Paslaugos<\/span><\/h6><\/div><style>.ld_fancy_heading_69ea31a938098 h1{font-size:30px;line-height:1.15em;}.ld_fancy_heading_69ea31a938098 .lqd-highlight-inner{height:0.275em;bottom:0px;}<\/style><div class=\"ld-fancy-heading ld_fancy_heading_69ea31a938098\">\n\t<h1 class=\"lqd-highlight-underline lqd-highlight-grow-left\" data-fittext=\"true\" data-fittext-options='{\"compressor\":0.65,\"maxFontSize\":\"currentFontSize\",\"minFontSize\":\"32px\"}'><span class=\"ld-fh-txt\"> Alus<\/span><\/h1><\/div><style>.ld_spacer_69ea31a938158{height:12px;}<\/style>\n<div class=\"ld-empty-space ld_spacer_69ea31a938158\"><span class=\"liquid_empty_space_inner\"><\/span><\/div>[\/vc_column][vc_column][vc_separator color=&#8221;custom&#8221; border_width=&#8221;3&#8243; accent_color=&#8221;#181b31&#8243;][vc_row_inner gap=&#8221;30&#8243;][vc_column_inner width=&#8221;1\/2&#8243;]<div id=\"ld_content_box_69ea31a938354\" class=\"fancy-box fancy-box-case-study scheme-light ld_content_box_69ea31a938354\" data-hover3d=\"true\">\n\n\t<div class=\"fancy-box-contents border-radius-5\" data-stacking-factor=\"0.5\">\n\n\t\t<div class=\"cb-img-container border-radius-5\">\n\n\t\t\t<figure class=\"fancy-box-image border-radius-5\" style=\"background-image: url(https:\/\/ailana.eu\/lt\/wp-content\/uploads\/2020\/09\/pexels-pixabay-159291.jpg);\">\n\t\t\t\t<img decoding=\"async\" width=\"1200\" height=\"800\" src=\"data:image\/svg+xml;charset=utf-8,&lt;svg xmlns%3D&#039;http%3A%2F%2Fwww.w3.org%2F2000%2Fsvg&#039; viewBox%3D&#039;0 0 1200 800&#039;%2F&gt;\" class=\"invisible ld-lazyload\" alt=\"\" srcset=\"\" sizes=\"(max-width: 1200px) 100vw, 1200px\" data-src=\"https:\/\/ailana.eu\/lt\/wp-content\/uploads\/2020\/09\/pexels-pixabay-159291.jpg\" data-srcset=\"https:\/\/ailana.eu\/lt\/wp-content\/uploads\/2020\/09\/pexels-pixabay-159291.jpg 1200w, https:\/\/ailana.eu\/lt\/wp-content\/uploads\/2020\/09\/pexels-pixabay-159291-300x200.jpg 300w, https:\/\/ailana.eu\/lt\/wp-content\/uploads\/2020\/09\/pexels-pixabay-159291-1024x683.jpg 1024w\" data-aspect=\"1.5\" \/>\t\t\t<\/figure>\n\n\t\t<\/div><!-- \/.cb-img-container -->\n\t\t<div class=\"fancy-box-header\">\n\t\t\t\n\t\t\t<span class=\"ld-cb-icon\"><i class=\"icon-arrows_circle_left\"><\/i><\/span>\t\t\t\t\t\t\n\t\t<\/div><!-- \/.fancy-box-header -->\n\n\t<\/div><!-- \/.fancy-box-contents -->\n\n\t<a href=\"#\" class=\"liquid-overlay-link\"><\/a>\n<\/div><!-- \/.fancy-box fancy-box-classes -->[\/vc_column_inner][vc_column_inner width=&#8221;1\/2&#8243;][vc_column_text]<\/p>\n<p style=\"text-align: justify;\">Tradici\u0161kai alus gaminamas mai\u0161ant susmulkint\u0105 mie\u017ei\u0173 salykl\u0105 ir kar\u0161t\u0105 vanden\u012f dideliame variniame inde, kuriame susidaro misa. \u0160is produktas dar yra \u017einomas kaip mentalas. \u012e mis\u0105 dedamas ne tik salyklas, bet ir kiti gr\u016bdai, tokie kaip kukur\u016bzai, sorgai, ry\u017eiai, mie\u017eiai arba tiesiog krakmolas. Jie yra naudojami kaip papildomi priedai alaus gamyboje. \u201eAilana\u201c si\u016blo amilazes, gliukamilazes, proteazes distiliavimui, atsi\u017evelgiant \u012f procesus ir pritaikym\u0105.<\/p>\n<p>[\/vc_column_text][vc_column_text]<\/p>\n<p style=\"text-align: justify;\">Jeigu jums reikia pagerinti alaus gamyb\u0105, kad pasiektum\u0117te auk\u0161\u010diausi\u0105 produkt\u0173 kokyb\u0119 ir suma\u017eintum\u0117te savo gamybos i\u0161laidas, geriausias sprendimas yra \u201eAilana\u201c produktai. Pasitelkdami \u012f pagalb\u0105 fermentus mes galime pad\u0117ti jums pagaminti geriausi\u0105 al\u0173. \u201eAilana\u201c gali pasi\u016blyti puikius virimo fermentus, kurie yra naudojami gr\u016bd\u0173 malime, siekiant padidinti produkto i\u0161eig\u0105, pagerinti filtravim\u0105 visuose etapuose ir pagaminti skaidriausi\u0105 al\u0173. Produkt\u0173 \u201eAilazymes\u00ae\u201c naudojimas yra geriausias aludari\u0173 sprendimas. Su mumis atrasite geriausi\u0105 aludaryst\u0117s proces\u0173 optimizavim\u0105 ir modernius sprendimus. Mes orientuojam\u0117s \u012f tinkam\u0173 pried\u0173 parinkim\u0105, alaus r\u016b\u0161\u012f ir unikal\u0173 aludaryst\u0117s proces\u0105.<\/p>\n<p>[\/vc_column_text][\/vc_column_inner][\/vc_row_inner]<style>.ld_spacer_69ea31a970c6d{height:50px;}<\/style>\n<div class=\"ld-empty-space ld_spacer_69ea31a970c6d\"><span class=\"liquid_empty_space_inner\"><\/span><\/div>[vc_row_inner gap=&#8221;30&#8243;][vc_column_inner width=&#8221;1\/2&#8243;][vc_column_text]<\/p>\n<p style=\"text-align: justify;\">Alaus gamyboje i\u0161 mie\u017ei\u0173 gr\u016bd\u0173 yra gaminamas salyklas (gr\u016bdai sudaiginami ir mirkomi kontroliuojamomis s\u0105lygomis), o gauta mas\u0117 kaitinama. \u0160is salyklas ekstrahuojamas ir gaunama misa. Ji yra virinama ir apdorojama apyniais, fermentuojama su miel\u0117mis, filtruojama ir stabilizuojama.<\/p>\n<p style=\"text-align: justify;\">Salyklo proceso tikslas &#8211; pasiekti maksimali\u0105 ferment\u0173 (ypa\u010d \u03b1-amilaz\u0117s ir \u03b2-gliukanaz\u0117s) gamyb\u0105 ir did\u017eiausi\u0105 krakmolo bei \u03b2-gliukano depolimerizacij\u0105, turint minimalius deguonies nuostolius. Tai lemia \u03b1-amilaz\u0117s, \u03b2-amilaz\u0117s, \u03b2-gliukanaz\u0117s ir ribinio dekstrinaz\u0117s ferment\u0173 veikla.<\/p>\n<p style=\"text-align: justify;\">Ksilanaz\u0117 taip pat gali b\u016bti svarbi. Mink\u0161t\u0117jimo metu siekiama sukurti maksimal\u0173 fermentuojam\u0173 cukr\u0173 kiek\u012f skystyje, kur\u012f lengva filtruoti. U\u017efiksuota \u0392-gliukano svarba ir potencialas, kuris \u012ftakoja misos ir alaus filtravimo greit\u012f ir susidarant\u012f \u03b2-gliukano galutin\u012f produkt\u0105, al\u0173. Arabinoksilano kiekio svarba ir jo \u012ftaka filtravimo grei\u010diui yra ma\u017eiau ai\u0161ki.<\/p>\n<p style=\"text-align: justify;\">\u201eAilana\u201c komanda yra pasirengusi Jums pad\u0117ti pasirenkant tinkam\u0105 produkt\u0105 ir suteikiant galimyb\u0119 sukurti unikal\u0173 produkt\u0105.<\/p>\n<p>[\/vc_column_text][\/vc_column_inner][vc_column_inner width=&#8221;1\/2&#8243;]<div id=\"ld_content_box_69ea31a970d84\" class=\"fancy-box fancy-box-case-study scheme-light ld_content_box_69ea31a970d84\" data-hover3d=\"true\">\n\n\t<div class=\"fancy-box-contents border-radius-5\" data-stacking-factor=\"0.5\">\n\n\t\t<div class=\"cb-img-container border-radius-5\">\n\n\t\t\t<figure class=\"fancy-box-image border-radius-5\" style=\"background-image: url(https:\/\/ailana.eu\/lt\/wp-content\/uploads\/2020\/09\/pexels-magda-ehlers-1301390.jpg);\">\n\t\t\t\t<img decoding=\"async\" width=\"1200\" height=\"800\" src=\"data:image\/svg+xml;charset=utf-8,&lt;svg xmlns%3D&#039;http%3A%2F%2Fwww.w3.org%2F2000%2Fsvg&#039; viewBox%3D&#039;0 0 1200 800&#039;%2F&gt;\" class=\"invisible ld-lazyload\" alt=\"\" srcset=\"\" sizes=\"(max-width: 1200px) 100vw, 1200px\" data-src=\"https:\/\/ailana.eu\/lt\/wp-content\/uploads\/2020\/09\/pexels-magda-ehlers-1301390.jpg\" data-srcset=\"https:\/\/ailana.eu\/lt\/wp-content\/uploads\/2020\/09\/pexels-magda-ehlers-1301390.jpg 1200w, https:\/\/ailana.eu\/lt\/wp-content\/uploads\/2020\/09\/pexels-magda-ehlers-1301390-300x200.jpg 300w, https:\/\/ailana.eu\/lt\/wp-content\/uploads\/2020\/09\/pexels-magda-ehlers-1301390-1024x683.jpg 1024w\" data-aspect=\"1.5\" \/>\t\t\t<\/figure>\n\n\t\t<\/div><!-- \/.cb-img-container -->\n\t\t<div class=\"fancy-box-header\">\n\t\t\t\n\t\t\t<span class=\"ld-cb-icon\"><i class=\"icon-ion-ios-arrow-dropleft\"><\/i><\/span>\t\t\t\t\t\t\n\t\t<\/div><!-- \/.fancy-box-header -->\n\n\t<\/div><!-- \/.fancy-box-contents -->\n\n\t<a href=\"#\" class=\"liquid-overlay-link\"><\/a>\n<\/div><!-- \/.fancy-box fancy-box-classes -->[\/vc_column_inner][\/vc_row_inner][\/vc_column][\/vc_row][vc_row content_placement=&#8221;bottom&#8221; css=&#8221;.vc_custom_1532682998561{padding-top: 80px !important;padding-bottom: 110px !important;}&#8221;][vc_column enable_content_animation=&#8221;yes&#8221; ca_init_scale_x=&#8221;1&#8243; ca_init_scale_y=&#8221;1&#8243; ca_init_scale_z=&#8221;1&#8243; ca_init_opacity=&#8221;0&#8243; ca_an_scale_x=&#8221;1&#8243; ca_an_scale_y=&#8221;1&#8243; ca_an_scale_z=&#8221;1&#8243; ca_an_opacity=&#8221;1&#8243; offset=&#8221;vc_col-md-8&#8243; ca_duration=&#8221;1200&#8243; ca_delay=&#8221;150&#8243; ca_init_translate_y=&#8221;40&#8243; css=&#8221;.vc_custom_1536842469386{margin-bottom: 20px !important;}&#8221; responsive_css=&#8221;margin_bottom_medium:0px&#8221;]<style>.ld_fancy_heading_69ea31a9ad7b1 h3{font-size:20px;line-height:1.8em;}.ld_fancy_heading_69ea31a9ad7b1 .lqd-highlight-inner{height:0.275em;bottom:0px;}<\/style><div class=\"ld-fancy-heading ld_fancy_heading_69ea31a9ad7b1\">\n\t<h3 class=\"lqd-highlight-underline lqd-highlight-grow-left\" data-split-text=\"true\" data-custom-animations=\"true\" data-ca-options='{\"triggerHandler\":\"inview\",\"animationTarget\":\".lqd-lines .split-inner\",\"duration\":700,\"delay\":100,\"easing\":\"easeOutQuint\",\"direction\":\"forward\",\"initValues\":{\"scale\":1},\"animations\":{\"scale\":1}}' data-split-options='{\"type\":\"lines\"}'><span class=\"ld-fh-txt\"> \u201eAilana\u201c tiekia visas \u012fmanomas fermentacijos proces\u0173 aptarnavimo paslaugas, skirtas maisto pramonei ir \u017eem\u0117s \u016bkyje naudojamiems pa\u0161arams.<\/span><\/h3><\/div>[\/vc_column][vc_column enable_content_animation=&#8221;yes&#8221; ca_init_scale_x=&#8221;1&#8243; ca_init_scale_y=&#8221;1&#8243; ca_init_scale_z=&#8221;1&#8243; ca_init_opacity=&#8221;0&#8243; ca_an_scale_x=&#8221;1&#8243; ca_an_scale_y=&#8221;1&#8243; ca_an_scale_z=&#8221;1&#8243; ca_an_opacity=&#8221;1&#8243; align=&#8221;text-left&#8221; offset=&#8221;vc_col-md-4&#8243; responsive_align=&#8221;text-md-right&#8221; ca_duration=&#8221;1200&#8243; ca_start_delay=&#8221;200&#8243; ca_init_translate_y=&#8221;43&#8243;]<style>.ld_button_69ea31a9add0c.btn-icon-solid .btn-icon{background:rgb(79, 218, 145);}.ld_button_69ea31a9add0c.btn-icon-circle.btn-icon-ripple .btn-icon:before{border-color:rgb(79, 218, 145);}.ld_button_69ea31a9add0c.btn-icon-solid:hover .btn-icon{background:rgb(52, 219, 197);}.ld_button_69ea31a9add0c{background-color:rgb(79, 218, 145);border-color:rgb(79, 218, 145);line-height:1.111em !important;font-size:14px !important;letter-spacing:0.1em !important;box-shadow:0px 8px 15px 0px rgba(48,198,168,0.32);}.ld_button_69ea31a9add0c:hover{background-color:rgb(52, 219, 197);border-color:rgb(52, 219, 197);}.ld_button_69ea31a9add0c .btn-gradient-bg{background:-webkit-linear-gradient(to right, rgb(79, 218, 145) 0%, rgb(52, 219, 197) 100%);background:linear-gradient(to right, rgb(79, 218, 145) 0%, rgb(52, 219, 197) 100%);}.ld_button_69ea31a9add0c .btn-gradient-bg-hover{background:-webkit-linear-gradient(to right, rgb(52, 219, 197) 0%, rgb(52, 219, 197) 100%);background:linear-gradient(to right, rgb(52, 219, 197) 0%, rgb(52, 219, 197) 100%);}.ld_button_69ea31a9add0c .btn-gradient-border defs stop:first-child{stop-color:rgb(79, 218, 145);}.ld_button_69ea31a9add0c .btn-gradient-border defs stop:last-child{stop-color:rgb(52, 219, 197);}.ld_button_69ea31a9add0c:hover .btn-gradient-border defs stop:first-child{stop-color:rgb(52, 219, 197);}.ld_button_69ea31a9add0c:hover .btn-gradient-border defs stop:last-child{stop-color:rgb(52, 219, 197);}<\/style><a href=\"http:\/\/ailana.eu\/lt\/paslaugos\/\" title=\"Paslaugos\" class=\"btn btn-solid text-uppercase circle btn-bordered border-thin btn-gradient ld_button_69ea31a9add0c vc_custom_1610876035752\">\n\t<span>\n\t<span class=\"btn-gradient-bg\"><\/span>\t\n\t\t\t\t\t<span class=\"btn-txt\">VISOS PASLAUGOS<\/span>\n\t\t\t\n\t\t<span class=\"btn-gradient-bg btn-gradient-bg-hover\"><\/span>\t<svg xmlns=\"http:\/\/www.w3.org\/2000\/svg\" xmlns:xlink=\"http:\/\/www.w3.org\/1999\/xlink\" xml:space=\"preserve\" class=\"btn-gradient-border\" width=\"100%\" height=\"100%\">\n\t\t\t      <defs>\n\t\t\t        <linearGradient id=\"svg-border-69ea31a9de2f2\" x1=\"0%\" y1=\"0%\" x2=\"100%\" y2=\"0%\">\n\t\t\t          <stop offset=\"0%\" \/>\n\t\t\t          <stop offset=\"100%\" \/>\n\t\t\t        <\/linearGradient>\n\t\t\t      <\/defs>\n\t\t\t      <rect x=\"0.5\" y=\"0.5\" rx=\"17%\" ry=\"50%\" width=\"100%\" height=\"100%\" stroke=\"url(#svg-border-69ea31a9de2f2)\"\/>\n\t\t\t    <\/svg>\t<\/span>\n<\/a>\n<style>.ld_spacer_69ea31a9de342{height:20px;}<\/style>\n<div class=\"ld-empty-space ld_spacer_69ea31a9de342\"><span class=\"liquid_empty_space_inner\"><\/span><\/div>[\/vc_column][\/vc_row]<\/p>\n<\/section>","protected":false},"excerpt":{"rendered":"<p>[vc_row css=&#8221;.vc_custom_1534409531541{padding-top: 45px !important;padding-bottom: 45px !important;}&#8221;][vc_column align=&#8221;text-center&#8221; offset=&#8221;vc_col-md-offset-2 vc_col-md-8&#8243;][\/vc_column][vc_column][vc_separator color=&#8221;custom&#8221; border_width=&#8221;3&#8243; accent_color=&#8221;#181b31&#8243;][vc_row_inner gap=&#8221;30&#8243;][vc_column_inner width=&#8221;1\/2&#8243;][\/vc_column_inner][vc_column_inner width=&#8221;1\/2&#8243;][vc_column_text]&#8230;<\/p>\n","protected":false},"author":1,"featured_media":0,"parent":7167,"menu_order":0,"comment_status":"closed","ping_status":"closed","template":"","meta":{"footnotes":""},"class_list":["post-7280","page","type-page","status-publish","hentry"],"_links":{"self":[{"href":"https:\/\/ailana.eu\/lt\/wp-json\/wp\/v2\/pages\/7280","targetHints":{"allow":["GET"]}}],"collection":[{"href":"https:\/\/ailana.eu\/lt\/wp-json\/wp\/v2\/pages"}],"about":[{"href":"https:\/\/ailana.eu\/lt\/wp-json\/wp\/v2\/types\/page"}],"author":[{"embeddable":true,"href":"https:\/\/ailana.eu\/lt\/wp-json\/wp\/v2\/users\/1"}],"replies":[{"embeddable":true,"href":"https:\/\/ailana.eu\/lt\/wp-json\/wp\/v2\/comments?post=7280"}],"version-history":[{"count":15,"href":"https:\/\/ailana.eu\/lt\/wp-json\/wp\/v2\/pages\/7280\/revisions"}],"predecessor-version":[{"id":8000,"href":"https:\/\/ailana.eu\/lt\/wp-json\/wp\/v2\/pages\/7280\/revisions\/8000"}],"up":[{"embeddable":true,"href":"https:\/\/ailana.eu\/lt\/wp-json\/wp\/v2\/pages\/7167"}],"wp:attachment":[{"href":"https:\/\/ailana.eu\/lt\/wp-json\/wp\/v2\/media?parent=7280"}],"curies":[{"name":"wp","href":"https:\/\/api.w.org\/{rel}","templated":true}]}}