{"id":7262,"date":"2020-09-06T16:06:39","date_gmt":"2020-09-06T16:06:39","guid":{"rendered":"http:\/\/ailana.eu\/new\/?page_id=7262"},"modified":"2023-06-05T10:08:24","modified_gmt":"2023-06-05T10:08:24","slug":"kepiniai-ir-malimas","status":"publish","type":"page","link":"https:\/\/ailana.eu\/lt\/paslaugos\/kepiniai-ir-malimas\/","title":{"rendered":"Kepiniai ir malimas"},"content":{"rendered":"<section class=\"wpb-content-wrapper\"><p>[vc_row css=&#8221;.vc_custom_1534409531541{padding-top: 45px !important;padding-bottom: 45px !important;}&#8221;][vc_column align=&#8221;text-center&#8221; offset=&#8221;vc_col-md-offset-2 vc_col-md-8&#8243;]<style>.ld_fancy_heading_69e605fe35388 h6{font-size:12px;letter-spacing:0.1em;color:rgb(167, 169, 184);}.ld_fancy_heading_69e605fe35388 .lqd-highlight-inner{height:0.275em;bottom:0px;}<\/style><div class=\"ld-fancy-heading text-uppercase ld_fancy_heading_69e605fe35388\">\n\t<h6 class=\"lqd-highlight-underline lqd-highlight-grow-left\" ><span class=\"ld-fh-txt\"> Paslaugos<\/span><\/h6><\/div><style>.ld_fancy_heading_69e605fe35f5a h1{font-size:30px;line-height:1.15em;}.ld_fancy_heading_69e605fe35f5a .lqd-highlight-inner{height:0.275em;bottom:0px;}<\/style><div class=\"ld-fancy-heading ld_fancy_heading_69e605fe35f5a\">\n\t<h1 class=\"lqd-highlight-underline lqd-highlight-grow-left\" data-fittext=\"true\" data-fittext-options='{\"compressor\":0.65,\"maxFontSize\":\"currentFontSize\",\"minFontSize\":\"32px\"}'><span class=\"ld-fh-txt\"> Kepiniai ir malimas<\/span><\/h1><\/div><style>.ld_spacer_69e605fe3600d{height:12px;}<\/style>\n<div class=\"ld-empty-space ld_spacer_69e605fe3600d\"><span class=\"liquid_empty_space_inner\"><\/span><\/div>[\/vc_column][vc_column][vc_separator color=&#8221;custom&#8221; border_width=&#8221;3&#8243; accent_color=&#8221;#181b31&#8243;][vc_row_inner gap=&#8221;30&#8243;][vc_column_inner width=&#8221;1\/2&#8243;]<div id=\"ld_content_box_69e605fe36249\" class=\"fancy-box fancy-box-case-study scheme-light ld_content_box_69e605fe36249\" data-hover3d=\"true\">\n\n\t<div class=\"fancy-box-contents border-radius-5\" data-stacking-factor=\"0.5\">\n\n\t\t<div class=\"cb-img-container border-radius-5\">\n\n\t\t\t<figure class=\"fancy-box-image border-radius-5\" style=\"background-image: url(https:\/\/ailana.eu\/lt\/wp-content\/uploads\/2020\/09\/pexels-skitterphoto-9510-1.jpg);\">\n\t\t\t\t<img decoding=\"async\" width=\"1200\" height=\"800\" src=\"data:image\/svg+xml;charset=utf-8,&lt;svg xmlns%3D&#039;http%3A%2F%2Fwww.w3.org%2F2000%2Fsvg&#039; viewBox%3D&#039;0 0 1200 800&#039;%2F&gt;\" class=\"invisible ld-lazyload\" alt=\"\" srcset=\"\" sizes=\"(max-width: 1200px) 100vw, 1200px\" data-src=\"https:\/\/ailana.eu\/lt\/wp-content\/uploads\/2020\/09\/pexels-skitterphoto-9510-1.jpg\" data-srcset=\"https:\/\/ailana.eu\/lt\/wp-content\/uploads\/2020\/09\/pexels-skitterphoto-9510-1.jpg 1200w, https:\/\/ailana.eu\/lt\/wp-content\/uploads\/2020\/09\/pexels-skitterphoto-9510-1-300x200.jpg 300w, https:\/\/ailana.eu\/lt\/wp-content\/uploads\/2020\/09\/pexels-skitterphoto-9510-1-1024x683.jpg 1024w\" data-aspect=\"1.5\" \/>\t\t\t<\/figure>\n\n\t\t<\/div><!-- \/.cb-img-container -->\n\t\t<div class=\"fancy-box-header\">\n\t\t\t\n\t\t\t<span class=\"ld-cb-icon\"><i class=\"icon-arrows_circle_left\"><\/i><\/span>\t\t\t\t\t\t\n\t\t<\/div><!-- \/.fancy-box-header -->\n\n\t<\/div><!-- \/.fancy-box-contents -->\n\n\t<a href=\"#\" class=\"liquid-overlay-link\"><\/a>\n<\/div><!-- \/.fancy-box fancy-box-classes -->[\/vc_column_inner][vc_column_inner width=&#8221;1\/2&#8243;]<style>.ld_spacer_69e605fe70c31{height:15px;}<\/style>\n<div class=\"ld-empty-space ld_spacer_69e605fe70c31\"><span class=\"liquid_empty_space_inner\"><\/span><\/div>[vc_column_text]<\/p>\n<p style=\"text-align: justify;\">D\u0117l pastar\u0173j\u0173 keleri\u0173 met\u0173 mokslini\u0173 tyrim\u0173 ir pl\u0117tros \u0161iandien \u201eAilana\u201c turi \u012fvair\u0173 ferment\u0173 asortiment\u0105 skirt\u0105 kepimo pramonei. M\u016bs\u0173 fermentai, tokie kaip amilaz\u0117, ksilanaz\u0117, proteaz\u0117s, celiulioz\u0117, sprend\u017eia problemas, susijusias su tam tikrais kepimo b\u016bdais. M\u016bs\u0173 pagrindiniai kepimo fermentus naudojantys klientai yra kepini\u0173 gerinimo pramon\u0117je ir malimo pramon\u0117je.<\/p>\n<p style=\"text-align: justify;\">Mes norime pad\u0117ti ir pl\u0117toti j\u016bs\u0173 versl\u0105. Kiekvieno kliento konfidencialumas yra puosel\u0117jamas ir laikomas did\u017eiausia nauda, ir mes manome, kad tai teikia prid\u0117tin\u0119 vert\u0119 m\u016bs\u0173 \u012fmonei.<\/p>\n<p>[\/vc_column_text][\/vc_column_inner][\/vc_row_inner][\/vc_column][\/vc_row][vc_row][vc_column][vc_column_text]<\/p>\n<p style=\"text-align: justify;\"><strong>Mes did\u017eiuojam\u0117s gal\u0117dami suteikti konfidenciali\u0105 prieig\u0105 kiekvienam klientui atskirai:<\/strong><\/p>\n<p>[\/vc_column_text]<style>.ld_spacer_69e605fe70c9e{height:20px;}<\/style>\n<div class=\"ld-empty-space ld_spacer_69e605fe70c9e\"><span class=\"liquid_empty_space_inner\"><\/span><\/div>[vc_row_inner gap=&#8221;30&#8243;][vc_column_inner width=&#8221;1\/2&#8243;][vc_column_text]<\/p>\n<ul>\n<li>Receptai, milt\u0173 mi\u0161iniai, kepykl\u0173 gerinimo priemon\u0117s<\/li>\n<li>Duonos receptai, priemai\u0161\u0173 formul\u0117s<\/li>\n<li>Konditerijos receptai, premiks\u0173 formul\u0117s<\/li>\n<li>Maisto ferment\u0173 naudojimas<\/li>\n<li>Konkurent\u0173 pavyzd\u017ei\u0173 rezultat\u0173 analiz\u0117 ir ai\u0161kinimas<\/li>\n<li>Ferment\u0173 mai\u0161ymas ir skiedimas<\/li>\n<li>Pagalba patenkinant klient\u0173 poreikius<\/li>\n<\/ul>\n<p>[\/vc_column_text][\/vc_column_inner][vc_column_inner width=&#8221;1\/2&#8243;][vc_column_text]<\/p>\n<ul>\n<li>J\u016bs\u0173 asortimento i\u0161pl\u0117timas gaminant ir kitus maisto produktus, galimas rinkos padid\u0117jimas<\/li>\n<li>Prieiga prie inovacij\u0173 centro, susieto su pagrindiniais Europos universitetais<\/li>\n<li>Nauj\u0173 gamini\u0173, toki\u0173 kaip raugo, milt\u0173, salyklo, maistig\u0173j\u0173 ingredient\u0173, k\u016brimas ir gerinimas<\/li>\n<li>Prieiga ribojama, kad b\u016bt\u0173 u\u017etikrintas greitas atsakymas<\/li>\n<\/ul>\n<p>[\/vc_column_text][\/vc_column_inner][\/vc_row_inner]<style>.ld_spacer_69e605fe70cdf{height:50px;}<\/style>\n<div class=\"ld-empty-space ld_spacer_69e605fe70cdf\"><span class=\"liquid_empty_space_inner\"><\/span><\/div>[\/vc_column][\/vc_row][vc_row enable_overlay=&#8221;yes&#8221; css=&#8221;.vc_custom_1600578068903{padding-top: 80px !important;padding-bottom: 300px !important;background-image: url(http:\/\/ailana.eu\/new\/wp-content\/uploads\/2020\/09\/test1.jpg?id=7496) !important;background-position: center !important;background-repeat: no-repeat !important;background-size: cover !important;}&#8221; overlay_bg=&#8221;rgba(0, 0, 0, 0.46)&#8221;][vc_column align=&#8221;text-center&#8221; offset=&#8221;vc_col-md-offset-3 vc_col-md-6&#8243;]<style>.ld_fancy_heading_69e605fe70d98 h2{font-size:35px;color:rgb(255, 255, 255);}.ld_fancy_heading_69e605fe70d98 .lqd-highlight-inner{height:0.275em;bottom:0px;}<\/style><div class=\"ld-fancy-heading ld_fancy_heading_69e605fe70d98\">\n\t<h2 class=\"lqd-highlight-underline lqd-highlight-grow-left\" ><span class=\"ld-fh-txt\"> Esame pasireng\u0119 prisid\u0117ti ir \u012fgyvendinti:<\/span><\/h2><\/div>[\/vc_column][\/vc_row][vc_row enable_content_animation=&#8221;yes&#8221; ca_init_scale_x=&#8221;0.5&#8243; ca_init_scale_y=&#8221;0.5&#8243; ca_init_scale_z=&#8221;1&#8243; ca_init_opacity=&#8221;0&#8243; ca_an_scale_x=&#8221;1&#8243; ca_an_scale_y=&#8221;1&#8243; ca_an_scale_z=&#8221;1&#8243; ca_an_opacity=&#8221;1&#8243; css=&#8221;.vc_custom_1532083700759{margin-top: -230px !important;}&#8221; ca_duration=&#8221;1200&#8243; ca_delay=&#8221;150&#8243; ca_init_translate_y=&#8221;20&#8243; ca_init_rotate_x=&#8221;0&#8243;][vc_column width=&#8221;1\/2&#8243; offset=&#8221;vc_col-md-3&#8243;]<style>.ld_icon_box_69e605fe7140c .iconbox-icon-container{color:rgb(255, 255, 255);margin-bottom:26px !important;border-radius:px;}.ld_icon_box_69e605fe7140c:hover .iconbox-icon-container{color:rgb(131, 11, 176);}.ld_icon_box_69e605fe7140c h3{color:rgb(255, 255, 255);margin-bottom:20px;font-size:15px;}.ld_icon_box_69e605fe7140c:hover h3{color:rgb(30, 22, 102);}.ld_icon_box_69e605fe7140c{background:rgb(37, 44, 66);}.ld_icon_box_69e605fe7140c:before{background:rgb(255, 255, 255);}.ld_icon_box_69e605fe7140c:hover, .ld_icon_box_69e605fe7140c:hover p{color:rgba(30, 22, 102, 0.548);}<\/style>\n<div class=\"iconbox iconbox-semiround iconbox-shadow iconbox-xl iconbox-filled iconbox-filled iconbox-filled-hover ld_icon_box_69e605fe7140c vc_custom_1685532494659\" id=\"ld_icon_box_69e605fe7140c\"  data-plugin-options='{\"color\":\"rgb(255, 255, 255)\",\"hoverColor\":\"rgb(131, 11, 176):rgb(29, 225, 209)\"}'  >\n\t\n\t\t<div class=\"iconbox-icon-wrap\"><span class=\"iconbox-icon-container\"><i class=\"fas fa-utensils\"><\/i><\/span><\/div><!-- \/.iconbox-icon-wrap -->\t\n\t\t\n\t\t\n\t<h3>Unikali\u0173 maisto produkt\u0173 ferment\u0173 k\u016brimas<\/h3>\t\t\t\n\t\t\n\t\n<\/div>\n[\/vc_column][vc_column width=&#8221;1\/2&#8243; offset=&#8221;vc_col-md-3&#8243;]<style>.ld_icon_box_69e605fe71a2c .iconbox-icon-container{color:rgb(255, 255, 255);margin-bottom:26px !important;border-radius:px;}.ld_icon_box_69e605fe71a2c:hover .iconbox-icon-container{color:rgb(120, 11, 238);}.ld_icon_box_69e605fe71a2c h3{color:rgb(255, 255, 255);margin-bottom:20px;font-size:15px;}.ld_icon_box_69e605fe71a2c:hover h3{color:rgb(30, 22, 102);}.ld_icon_box_69e605fe71a2c{background:rgb(37, 44, 66);}.ld_icon_box_69e605fe71a2c:before{background:rgb(255, 255, 255);}.ld_icon_box_69e605fe71a2c:hover, .ld_icon_box_69e605fe71a2c:hover p{color:rgba(30, 22, 102, 0.548);}<\/style>\n<div class=\"iconbox iconbox-semiround iconbox-shadow iconbox-xl iconbox-filled iconbox-filled iconbox-filled-hover ld_icon_box_69e605fe71a2c vc_custom_1685532504879\" id=\"ld_icon_box_69e605fe71a2c\"  data-plugin-options='{\"color\":\"rgb(255, 255, 255)\",\"hoverColor\":\"rgb(120, 11, 238):rgb(29, 225, 209)\"}'  >\n\t\n\t\t<div class=\"iconbox-icon-wrap\"><span class=\"iconbox-icon-container\"><i class=\"far fa-handshake\"><\/i><\/span><\/div><!-- \/.iconbox-icon-wrap -->\t\n\t\t\n\t\t\n\t<h3>Parama bendradarbiaujan\u010dioms \u012fmon\u0117ms nustatant j\u0173 dalyvavim\u0105 vietos rinkoje<\/h3>\t\t\t\n\t\t\n\t\n<\/div>\n[\/vc_column][vc_column width=&#8221;1\/2&#8243; offset=&#8221;vc_col-md-3&#8243;]<style>.ld_icon_box_69e605fe71f66 .iconbox-icon-container{color:rgb(255, 255, 255);margin-bottom:26px !important;border-radius:px;}.ld_icon_box_69e605fe71f66:hover .iconbox-icon-container{color:rgb(120, 11, 238);}.ld_icon_box_69e605fe71f66 h3{color:rgb(255, 255, 255);margin-bottom:20px;font-size:15px;}.ld_icon_box_69e605fe71f66:hover h3{color:rgb(30, 22, 102);}.ld_icon_box_69e605fe71f66{background:rgb(37, 44, 66);}.ld_icon_box_69e605fe71f66:before{background:rgb(255, 255, 255);}.ld_icon_box_69e605fe71f66:hover, .ld_icon_box_69e605fe71f66:hover p{color:rgba(30, 22, 102, 0.548);}<\/style>\n<div class=\"iconbox iconbox-semiround iconbox-shadow iconbox-xl iconbox-filled iconbox-filled iconbox-filled-hover ld_icon_box_69e605fe71f66 vc_custom_1685532517751\" id=\"ld_icon_box_69e605fe71f66\"  data-plugin-options='{\"color\":\"rgb(255, 255, 255)\",\"hoverColor\":\"rgb(120, 11, 238):rgb(29, 225, 209)\"}'  >\n\t\n\t\t<div class=\"iconbox-icon-wrap\"><span class=\"iconbox-icon-container\"><i class=\"fas fa-chart-bar\"><\/i><\/span><\/div><!-- \/.iconbox-icon-wrap -->\t\n\t\t\n\t\t\n\t<h3>Analitin\u0117s paslaugos ir pagalba steigiant vietines laboratorijas<\/h3>\t\t\t\n\t\t\n\t\n<\/div>\n[\/vc_column][vc_column width=&#8221;1\/2&#8243; offset=&#8221;vc_col-md-3&#8243;]<style>.ld_icon_box_69e605fe721bf .iconbox-icon-container{color:rgb(255, 255, 255);margin-bottom:26px !important;border-radius:px;}.ld_icon_box_69e605fe721bf:hover .iconbox-icon-container{color:rgb(120, 11, 238);}.ld_icon_box_69e605fe721bf h3{color:rgb(255, 255, 255);margin-bottom:20px;font-size:15px;}.ld_icon_box_69e605fe721bf:hover h3{color:rgb(30, 22, 102);}.ld_icon_box_69e605fe721bf{background:rgb(37, 44, 66);}.ld_icon_box_69e605fe721bf:before{background:rgb(255, 255, 255);}.ld_icon_box_69e605fe721bf:hover, .ld_icon_box_69e605fe721bf:hover p{color:rgba(30, 22, 102, 0.548);}<\/style>\n<div class=\"iconbox iconbox-semiround iconbox-shadow iconbox-xl iconbox-filled iconbox-filled iconbox-filled-hover ld_icon_box_69e605fe721bf vc_custom_1685532529320\" id=\"ld_icon_box_69e605fe721bf\"  data-plugin-options='{\"color\":\"rgb(255, 255, 255)\",\"hoverColor\":\"rgb(120, 11, 238):rgb(29, 225, 209)\"}'  >\n\t\n\t\t<div class=\"iconbox-icon-wrap\"><span class=\"iconbox-icon-container\"><i class=\"fas fa-memory\"><\/i><\/span><\/div><!-- \/.iconbox-icon-wrap -->\t\n\t\t\n\t\t\n\t<h3>Nauj\u0173 technologij\u0173 k\u016brimas kepykl\u0173 maisto produkt\u0173 srityje<\/h3>\t\t\t\n\t\t\n\t\n<\/div>\n[\/vc_column][\/vc_row][vc_row][vc_column][vc_column_text]<\/p>\n<blockquote class=\"wp-block-quote\"><p>\u201eAilana\u201c aptarnavimo ir technin\u0117 komanda turi ilgamet\u0119 patirt\u012f \u0161ioje srityje. Galite b\u016bti tikri, kad j\u016bs\u0173 produktai yra saugiose rankose.<\/p><\/blockquote>\n<p><!-- \/wp:quote -->[\/vc_column_text][vc_column_text]<br \/>\n[\/vc_column_text][\/vc_column][\/vc_row][vc_row content_placement=&#8221;bottom&#8221; css=&#8221;.vc_custom_1532682998561{padding-top: 80px !important;padding-bottom: 110px !important;}&#8221;][vc_column enable_content_animation=&#8221;yes&#8221; ca_init_scale_x=&#8221;1&#8243; ca_init_scale_y=&#8221;1&#8243; ca_init_scale_z=&#8221;1&#8243; ca_init_opacity=&#8221;0&#8243; ca_an_scale_x=&#8221;1&#8243; ca_an_scale_y=&#8221;1&#8243; ca_an_scale_z=&#8221;1&#8243; ca_an_opacity=&#8221;1&#8243; offset=&#8221;vc_col-md-8&#8243; ca_duration=&#8221;1200&#8243; ca_delay=&#8221;150&#8243; ca_init_translate_y=&#8221;40&#8243; css=&#8221;.vc_custom_1536842469386{margin-bottom: 20px !important;}&#8221; responsive_css=&#8221;margin_bottom_medium:0px&#8221;]<style>.ld_fancy_heading_69e605fe7229b h3{font-size:20px;line-height:1.8em;}.ld_fancy_heading_69e605fe7229b .lqd-highlight-inner{height:0.275em;bottom:0px;}<\/style><div class=\"ld-fancy-heading ld_fancy_heading_69e605fe7229b\">\n\t<h3 class=\"lqd-highlight-underline lqd-highlight-grow-left\" data-split-text=\"true\" data-custom-animations=\"true\" data-ca-options='{\"triggerHandler\":\"inview\",\"animationTarget\":\".lqd-lines .split-inner\",\"duration\":700,\"delay\":100,\"easing\":\"easeOutQuint\",\"direction\":\"forward\",\"initValues\":{\"scale\":1},\"animations\":{\"scale\":1}}' data-split-options='{\"type\":\"lines\"}'><span class=\"ld-fh-txt\"> \u201eAilana\u201c tiekia visas \u012fmanomas fermentacijos proces\u0173 aptarnavimo paslaugas, skirtas maisto pramonei ir \u017eem\u0117s \u016bkyje naudojamiems pa\u0161arams.<\/span><\/h3><\/div>[\/vc_column][vc_column enable_content_animation=&#8221;yes&#8221; ca_init_scale_x=&#8221;1&#8243; ca_init_scale_y=&#8221;1&#8243; ca_init_scale_z=&#8221;1&#8243; ca_init_opacity=&#8221;0&#8243; ca_an_scale_x=&#8221;1&#8243; ca_an_scale_y=&#8221;1&#8243; ca_an_scale_z=&#8221;1&#8243; ca_an_opacity=&#8221;1&#8243; align=&#8221;text-left&#8221; offset=&#8221;vc_col-md-4&#8243; responsive_align=&#8221;text-md-right&#8221; ca_duration=&#8221;1200&#8243; ca_start_delay=&#8221;200&#8243; ca_init_translate_y=&#8221;43&#8243;]<style>.ld_button_69e605fe7262c.btn-icon-solid .btn-icon{background:rgb(79, 218, 145);}.ld_button_69e605fe7262c.btn-icon-circle.btn-icon-ripple .btn-icon:before{border-color:rgb(79, 218, 145);}.ld_button_69e605fe7262c.btn-icon-solid:hover .btn-icon{background:rgb(52, 219, 197);}.ld_button_69e605fe7262c{background-color:rgb(79, 218, 145);border-color:rgb(79, 218, 145);line-height:1.111em !important;font-size:14px !important;letter-spacing:0.1em !important;box-shadow:0px 8px 15px 0px rgba(48,198,168,0.32);}.ld_button_69e605fe7262c:hover{background-color:rgb(52, 219, 197);border-color:rgb(52, 219, 197);}.ld_button_69e605fe7262c .btn-gradient-bg{background:-webkit-linear-gradient(to right, rgb(79, 218, 145) 0%, rgb(52, 219, 197) 100%);background:linear-gradient(to right, rgb(79, 218, 145) 0%, rgb(52, 219, 197) 100%);}.ld_button_69e605fe7262c .btn-gradient-bg-hover{background:-webkit-linear-gradient(to right, rgb(52, 219, 197) 0%, rgb(52, 219, 197) 100%);background:linear-gradient(to right, rgb(52, 219, 197) 0%, rgb(52, 219, 197) 100%);}.ld_button_69e605fe7262c .btn-gradient-border defs stop:first-child{stop-color:rgb(79, 218, 145);}.ld_button_69e605fe7262c .btn-gradient-border defs stop:last-child{stop-color:rgb(52, 219, 197);}.ld_button_69e605fe7262c:hover .btn-gradient-border defs stop:first-child{stop-color:rgb(52, 219, 197);}.ld_button_69e605fe7262c:hover .btn-gradient-border defs stop:last-child{stop-color:rgb(52, 219, 197);}<\/style><a href=\"http:\/\/ailana.eu\/lt\/paslaugos\/\" title=\"Paslaugos\" class=\"btn btn-solid text-uppercase circle btn-bordered border-thin btn-gradient ld_button_69e605fe7262c vc_custom_1610875717239\">\n\t<span>\n\t<span class=\"btn-gradient-bg\"><\/span>\t\n\t\t\t\t\t<span class=\"btn-txt\">VISOS PASLAUGOS<\/span>\n\t\t\t\n\t\t<span class=\"btn-gradient-bg btn-gradient-bg-hover\"><\/span>\t<svg xmlns=\"http:\/\/www.w3.org\/2000\/svg\" xmlns:xlink=\"http:\/\/www.w3.org\/1999\/xlink\" xml:space=\"preserve\" class=\"btn-gradient-border\" width=\"100%\" height=\"100%\">\n\t\t\t      <defs>\n\t\t\t        <linearGradient id=\"svg-border-69e605fe72d46\" x1=\"0%\" y1=\"0%\" x2=\"100%\" y2=\"0%\">\n\t\t\t          <stop offset=\"0%\" \/>\n\t\t\t          <stop offset=\"100%\" \/>\n\t\t\t        <\/linearGradient>\n\t\t\t      <\/defs>\n\t\t\t      <rect x=\"0.5\" y=\"0.5\" rx=\"17%\" ry=\"50%\" width=\"100%\" height=\"100%\" stroke=\"url(#svg-border-69e605fe72d46)\"\/>\n\t\t\t    <\/svg>\t<\/span>\n<\/a>\n<style>.ld_spacer_69e605fe72d73{height:20px;}<\/style>\n<div class=\"ld-empty-space ld_spacer_69e605fe72d73\"><span class=\"liquid_empty_space_inner\"><\/span><\/div>[\/vc_column][\/vc_row]<\/p>\n<\/section>","protected":false},"excerpt":{"rendered":"<p>[vc_row css=&#8221;.vc_custom_1534409531541{padding-top: 45px !important;padding-bottom: 45px !important;}&#8221;][vc_column align=&#8221;text-center&#8221; offset=&#8221;vc_col-md-offset-2 vc_col-md-8&#8243;][\/vc_column][vc_column][vc_separator color=&#8221;custom&#8221; border_width=&#8221;3&#8243; accent_color=&#8221;#181b31&#8243;][vc_row_inner gap=&#8221;30&#8243;][vc_column_inner width=&#8221;1\/2&#8243;][\/vc_column_inner][vc_column_inner width=&#8221;1\/2&#8243;][vc_column_text]&#8230;<\/p>\n","protected":false},"author":1,"featured_media":0,"parent":7167,"menu_order":0,"comment_status":"closed","ping_status":"closed","template":"","meta":{"footnotes":""},"class_list":["post-7262","page","type-page","status-publish","hentry"],"_links":{"self":[{"href":"https:\/\/ailana.eu\/lt\/wp-json\/wp\/v2\/pages\/7262","targetHints":{"allow":["GET"]}}],"collection":[{"href":"https:\/\/ailana.eu\/lt\/wp-json\/wp\/v2\/pages"}],"about":[{"href":"https:\/\/ailana.eu\/lt\/wp-json\/wp\/v2\/types\/page"}],"author":[{"embeddable":true,"href":"https:\/\/ailana.eu\/lt\/wp-json\/wp\/v2\/users\/1"}],"replies":[{"embeddable":true,"href":"https:\/\/ailana.eu\/lt\/wp-json\/wp\/v2\/comments?post=7262"}],"version-history":[{"count":30,"href":"https:\/\/ailana.eu\/lt\/wp-json\/wp\/v2\/pages\/7262\/revisions"}],"predecessor-version":[{"id":8002,"href":"https:\/\/ailana.eu\/lt\/wp-json\/wp\/v2\/pages\/7262\/revisions\/8002"}],"up":[{"embeddable":true,"href":"https:\/\/ailana.eu\/lt\/wp-json\/wp\/v2\/pages\/7167"}],"wp:attachment":[{"href":"https:\/\/ailana.eu\/lt\/wp-json\/wp\/v2\/media?parent=7262"}],"curies":[{"name":"wp","href":"https:\/\/api.w.org\/{rel}","templated":true}]}}