{"id":7167,"date":"2020-09-04T14:40:53","date_gmt":"2020-09-04T14:40:53","guid":{"rendered":"http:\/\/ailana.eu\/new\/?page_id=7167"},"modified":"2021-01-17T09:12:09","modified_gmt":"2021-01-17T09:12:09","slug":"paslaugos","status":"publish","type":"page","link":"https:\/\/ailana.eu\/lt\/paslaugos\/","title":{"rendered":"Paslaugos"},"content":{"rendered":"<section class=\"wpb-content-wrapper\"><p>[vc_row css=&#8221;.vc_custom_1599465525278{margin-top: 70px !important;}&#8221;][vc_column]<style>.ld_fancy_heading_69f3d59343d92 h2{color:rgb(39, 174, 96);}.ld_fancy_heading_69f3d59343d92 .lqd-highlight-inner{height:0.275em;bottom:0px;}<\/style><div class=\"ld-fancy-heading text-center ld_fancy_heading_69f3d59343d92\">\n\t<h2 class=\"lqd-highlight-underline lqd-highlight-grow-left\" ><span class=\"ld-fh-txt\"> AILANA<\/span><\/h2><\/div><style>.ld_fancy_heading_69f3d5934473c p{font-size:18px;line-height:29px;color:rgb(153, 153, 153);}.ld_fancy_heading_69f3d5934473c .lqd-highlight-inner{height:0.275em;bottom:0px;}<\/style><div class=\"ld-fancy-heading text-center ld_fancy_heading_69f3d5934473c\">\n\t<p class=\"lqd-highlight-underline lqd-highlight-grow-left\" ><span class=\"ld-fh-txt\"> <\/p>\n<p style=\"text-align: justify\">&#8220;Ailana&#8221; si\u016blo visas \u012fmanomas fermentacijos prie\u017ei\u016bros paslaugas maisto pramon\u0117s ir \u017eem\u0117s \u016bkio maisto pramon\u0117s \u012fmon\u0117ms. Pasitelkdami plat\u0173 mikrobiologini\u0173 galimybi\u0173 pasirinkim\u0105, mes be abejon\u0117s tiekiame pa\u017eangiausius maisto kokyb\u0117s GMO neturin\u010dius fermentus pramon\u0117je, j\u0173 taikymo ir vertinimo paslaugas. Mes laikom\u0117s grie\u017e\u010diausi\u0173 mokslini\u0173 standart\u0173 (nustatyt\u0173 Europos S\u0105jungos), kurie u\u017etikrina kiekvienos m\u016bs\u0173 turimos kult\u016bros grynum\u0105 ir efektyvum\u0105. Mes si\u016blome pa\u017eangiausius alaus pramon\u0117je prieinamus testavimus su paslaug\u0173 prie\u017ei\u016bros paketais, kurie atitinka alaus daryklos poreikius nepriklausomai nuo j\u0173 dyd\u017eio. Mes dirbame su savo klientais kurdami efektyvias ir prieinamas pritaikytas programas.<\/p>\n<p><\/span><\/p><\/div><style>.ld_spacer_69f3d593447f3{height:20px;}<\/style>\n<div class=\"ld-empty-space ld_spacer_69f3d593447f3\"><span class=\"liquid_empty_space_inner\"><\/span><\/div><style>.ld_fancy_heading_69f3d59344985 h6{font-size:15px;letter-spacing:0.3em;color:rgb(0, 0, 0);}.ld_fancy_heading_69f3d59344985 .ld-fh-underline{height:1px;width:100%;background:rgba(0, 0, 0, 0.147);}.ld_fancy_heading_69f3d59344985 .lqd-highlight-inner{height:0.275em;bottom:0px;}<\/style><div class=\"ld-fancy-heading text-center text-uppercase ld_fancy_heading_69f3d59344985\">\n\t<h6 class=\"lqd-highlight-underline lqd-highlight-grow-left\" ><span class=\"ld-fh-txt\"><span class=\"ld-fh-underline\"><\/span> M\u016aS\u0172 PASLAUGOS<\/span><\/h6><\/div><style>.ld_spacer_69f3d593449fd{height:60px;}<\/style>\n<div class=\"ld-empty-space ld_spacer_69f3d593449fd\"><span class=\"liquid_empty_space_inner\"><\/span><\/div>[\/vc_column][\/vc_row][vc_row gap=&#8221;20&#8243;][vc_column width=&#8221;1\/3&#8243;]\n<div id=\"ld_content_box_69f3d59344a8e\" class=\"fancy-box border-radius-3 scheme-light fancy-box-heading-md fancy-box-overlay tall ld_content_box_69f3d59344a8e\">\n\t\n\t<div class=\"cb-img-container border-radius-3\">\n\t\t<figure class=\"fancy-box-image border-radius-3\" data-responsive-bg=\"true\" data-liquid-blur=\"true\" data-blur-options='{\"imgSrc\":\"backgroundImage\",\"radius\":25,\"blurHandlerOn\":\"static\"}'><img decoding=\"async\" width=\"1200\" height=\"800\" src=\"data:image\/svg+xml;charset=utf-8,&lt;svg xmlns%3D&#039;http%3A%2F%2Fwww.w3.org%2F2000%2Fsvg&#039; viewBox%3D&#039;0 0 1200 800&#039;%2F&gt;\" class=\"invisible ld-lazyload\" alt=\"Alkoholis\" srcset=\"\" sizes=\"(max-width: 1200px) 100vw, 1200px\" data-src=\"https:\/\/ailana.eu\/lt\/wp-content\/uploads\/2020\/09\/pexels-photo-3171815.jpeg\" data-srcset=\"https:\/\/ailana.eu\/lt\/wp-content\/uploads\/2020\/09\/pexels-photo-3171815.jpeg 1200w, https:\/\/ailana.eu\/lt\/wp-content\/uploads\/2020\/09\/pexels-photo-3171815-300x200.jpeg 300w, https:\/\/ailana.eu\/lt\/wp-content\/uploads\/2020\/09\/pexels-photo-3171815-1024x683.jpeg 1024w\" data-aspect=\"1.5\" \/><\/figure>\t<\/div><!-- \/.cb-img-container -->\n\n\t<span class=\"cb-overlay\"><\/span><!-- \/.cb-overlay -->\n\n\t<div class=\"fancy-box-contents border-radius-3\">\n\t\t\n\t\t<div class=\"fancy-box-header\">\n\t\t\t\t\t\t<h3 class=\"font-weight-semibold\" >Alkoholis<\/h3>\t\t\t<p style=\"text-align: justify;\">Fermentuot\u0173 alkoholini\u0173 g\u0117rim\u0173 gamyba yra praktikuojama jau ilg\u0105 laik\u0105. M\u016bs\u0173 fermentai yra naudojami \u012fvairiuose alkoholio &#8230;<\/p>\n\t\t<\/div><!-- \/.fancy-box-header -->\n\t\t\n\t\t\n\t<\/div><!-- \/.fancy-box-contents -->\n\n\t<a href=\"http:\/\/ailana.eu\/lt\/paslaugos\/alkoholis\/\" class=\"liquid-overlay-link\"><\/a>\t\n<\/div><!-- \/.fancy-box fancy-box-classes -->[\/vc_column][vc_column width=&#8221;1\/3&#8243;]\n<div id=\"ld_content_box_69f3d5937ffe9\" class=\"fancy-box border-radius-3 scheme-light fancy-box-heading-md fancy-box-overlay shadowed tall ld_content_box_69f3d5937ffe9\">\n\t\n\t<div class=\"cb-img-container border-radius-3\">\n\t\t<figure class=\"fancy-box-image border-radius-3\" data-responsive-bg=\"true\" data-liquid-blur=\"true\" data-blur-options='{\"imgSrc\":\"backgroundImage\",\"radius\":50,\"blurHandlerOn\":\"static\"}'><img decoding=\"async\" width=\"1200\" height=\"800\" src=\"data:image\/svg+xml;charset=utf-8,&lt;svg xmlns%3D&#039;http%3A%2F%2Fwww.w3.org%2F2000%2Fsvg&#039; viewBox%3D&#039;0 0 1200 800&#039;%2F&gt;\" class=\"invisible ld-lazyload\" alt=\"Kepiniai ir malimas\" srcset=\"\" sizes=\"(max-width: 1200px) 100vw, 1200px\" data-src=\"https:\/\/ailana.eu\/lt\/wp-content\/uploads\/2020\/09\/pexels-skitterphoto-9510-1.jpg\" data-srcset=\"https:\/\/ailana.eu\/lt\/wp-content\/uploads\/2020\/09\/pexels-skitterphoto-9510-1.jpg 1200w, https:\/\/ailana.eu\/lt\/wp-content\/uploads\/2020\/09\/pexels-skitterphoto-9510-1-300x200.jpg 300w, https:\/\/ailana.eu\/lt\/wp-content\/uploads\/2020\/09\/pexels-skitterphoto-9510-1-1024x683.jpg 1024w\" data-aspect=\"1.5\" \/><\/figure>\t<\/div><!-- \/.cb-img-container -->\n\n\t<span class=\"cb-overlay\"><\/span><!-- \/.cb-overlay -->\n\n\t<div class=\"fancy-box-contents border-radius-3\">\n\t\t\n\t\t<div class=\"fancy-box-header\">\n\t\t\t\t\t\t<h3 class=\"font-weight-semibold\" >Kepiniai ir malimas<\/h3>\t\t\t<p style=\"text-align: justify;\">D\u0117l pastar\u0173j\u0173 keleri\u0173 met\u0173 mokslini\u0173 tyrim\u0173 ir pl\u0117tros \u0161iandien &#8220;Ailana&#8221; turi \u012fvair\u0173 ferment\u0173 asortiment\u0105 skirt\u0105 kepimo pramonei. &#8230;<\/p>\n\t\t<\/div><!-- \/.fancy-box-header -->\n\t\t\n\t\t\n\t<\/div><!-- \/.fancy-box-contents -->\n\n\t<a href=\"http:\/\/ailana.eu\/lt\/paslaugos\/kepiniai-ir-malimas\/\" class=\"liquid-overlay-link\"><\/a>\t\n<\/div><!-- \/.fancy-box fancy-box-classes -->[\/vc_column][vc_column width=&#8221;1\/3&#8243;]\n<div id=\"ld_content_box_69f3d593b7796\" class=\"fancy-box border-radius-3 scheme-light fancy-box-heading-md fancy-box-overlay shadowed tall ld_content_box_69f3d593b7796\">\n\t\n\t<div class=\"cb-img-container border-radius-3\">\n\t\t<figure class=\"fancy-box-image border-radius-3\" data-responsive-bg=\"true\" data-liquid-blur=\"true\" data-blur-options='{\"imgSrc\":\"backgroundImage\",\"radius\":50,\"blurHandlerOn\":\"static\"}'><img decoding=\"async\" width=\"1200\" height=\"800\" src=\"data:image\/svg+xml;charset=utf-8,&lt;svg xmlns%3D&#039;http%3A%2F%2Fwww.w3.org%2F2000%2Fsvg&#039; viewBox%3D&#039;0 0 1200 800&#039;%2F&gt;\" class=\"invisible ld-lazyload\" alt=\"Alus\" srcset=\"\" sizes=\"(max-width: 1200px) 100vw, 1200px\" data-src=\"https:\/\/ailana.eu\/lt\/wp-content\/uploads\/2020\/09\/pexels-pixabay-159291.jpg\" data-srcset=\"https:\/\/ailana.eu\/lt\/wp-content\/uploads\/2020\/09\/pexels-pixabay-159291.jpg 1200w, https:\/\/ailana.eu\/lt\/wp-content\/uploads\/2020\/09\/pexels-pixabay-159291-300x200.jpg 300w, https:\/\/ailana.eu\/lt\/wp-content\/uploads\/2020\/09\/pexels-pixabay-159291-1024x683.jpg 1024w\" data-aspect=\"1.5\" \/><\/figure>\t<\/div><!-- \/.cb-img-container -->\n\n\t<span class=\"cb-overlay\"><\/span><!-- \/.cb-overlay -->\n\n\t<div class=\"fancy-box-contents border-radius-3\">\n\t\t\n\t\t<div class=\"fancy-box-header\">\n\t\t\t\t\t\t<h3 class=\"font-weight-semibold\" >Alus<\/h3>\t\t\t<p style=\"text-align: justify;\">Tradici\u0161kai alus gaminamas mai\u0161ant susmulkint\u0105 mie\u017ei\u0173 salykl\u0105 ir kar\u0161t\u0105 vanden\u012f dideliame variniame inde, kuriame susidaro misa. &#8230;<\/p>\n\t\t<\/div><!-- \/.fancy-box-header -->\n\t\t\n\t\t\n\t<\/div><!-- \/.fancy-box-contents -->\n\n\t<a href=\"http:\/\/ailana.eu\/lt\/paslaugos\/alus\/\" class=\"liquid-overlay-link\"><\/a>\t\n<\/div><!-- \/.fancy-box fancy-box-classes -->[\/vc_column][\/vc_row][vc_row gap=&#8221;20&#8243;][vc_column width=&#8221;1\/3&#8243;]\n<div id=\"ld_content_box_69f3d593edd28\" class=\"fancy-box border-radius-3 scheme-light fancy-box-heading-md fancy-box-overlay shadowed tall ld_content_box_69f3d593edd28\">\n\t\n\t<div class=\"cb-img-container border-radius-3\">\n\t\t<figure class=\"fancy-box-image border-radius-3\" data-responsive-bg=\"true\" data-liquid-blur=\"true\" data-blur-options='{\"imgSrc\":\"backgroundImage\",\"radius\":50,\"blurHandlerOn\":\"static\"}'><img decoding=\"async\" width=\"1200\" height=\"800\" src=\"data:image\/svg+xml;charset=utf-8,&lt;svg xmlns%3D&#039;http%3A%2F%2Fwww.w3.org%2F2000%2Fsvg&#039; viewBox%3D&#039;0 0 1200 800&#039;%2F&gt;\" class=\"invisible ld-lazyload\" alt=\"Pieno produktai\" srcset=\"\" sizes=\"(max-width: 1200px) 100vw, 1200px\" data-src=\"https:\/\/ailana.eu\/lt\/wp-content\/uploads\/2020\/09\/pexels-engin-akyurt-2531189.jpg\" data-srcset=\"https:\/\/ailana.eu\/lt\/wp-content\/uploads\/2020\/09\/pexels-engin-akyurt-2531189.jpg 1200w, https:\/\/ailana.eu\/lt\/wp-content\/uploads\/2020\/09\/pexels-engin-akyurt-2531189-300x200.jpg 300w, https:\/\/ailana.eu\/lt\/wp-content\/uploads\/2020\/09\/pexels-engin-akyurt-2531189-1024x683.jpg 1024w\" data-aspect=\"1.5\" \/><\/figure>\t<\/div><!-- \/.cb-img-container -->\n\n\t<span class=\"cb-overlay\"><\/span><!-- \/.cb-overlay -->\n\n\t<div class=\"fancy-box-contents border-radius-3\">\n\t\t\n\t\t<div class=\"fancy-box-header\">\n\t\t\t\t\t\t<h3 class=\"font-weight-semibold\" >Pieno produktai<\/h3>\t\t\t<p style=\"text-align: justify;\">Pieno produktai yra seniausi \u017emonijos vartojami maisto produktai, kurie yra gaminami jau t\u016bkstan\u010dius met\u0173. \u017dmon\u0117s jau nuo seno, &#8230;<\/p>\n\t\t<\/div><!-- \/.fancy-box-header -->\n\t\t\n\t\t\n\t<\/div><!-- \/.fancy-box-contents -->\n\n\t<a href=\"http:\/\/ailana.eu\/lt\/paslaugos\/pieno-produktai\/\" class=\"liquid-overlay-link\"><\/a>\t\n<\/div><!-- \/.fancy-box fancy-box-classes -->[\/vc_column][vc_column width=&#8221;1\/3&#8243;]\n<div id=\"ld_content_box_69f3d5942ef85\" class=\"fancy-box border-radius-3 scheme-light fancy-box-heading-md fancy-box-overlay shadowed tall ld_content_box_69f3d5942ef85\">\n\t\n\t<div class=\"cb-img-container border-radius-3\">\n\t\t<figure class=\"fancy-box-image border-radius-3\" data-responsive-bg=\"true\" data-liquid-blur=\"true\" data-blur-options='{\"imgSrc\":\"backgroundImage\",\"radius\":50,\"blurHandlerOn\":\"static\"}'><img decoding=\"async\" width=\"1200\" height=\"800\" src=\"data:image\/svg+xml;charset=utf-8,&lt;svg xmlns%3D&#039;http%3A%2F%2Fwww.w3.org%2F2000%2Fsvg&#039; viewBox%3D&#039;0 0 1200 800&#039;%2F&gt;\" class=\"invisible ld-lazyload\" alt=\"Vaisi\u0173 ir dar\u017eovi\u0173 sultys\" srcset=\"\" sizes=\"(max-width: 1200px) 100vw, 1200px\" data-src=\"https:\/\/ailana.eu\/lt\/wp-content\/uploads\/2020\/09\/pexels-engin-akyurt-3252766.jpg\" data-srcset=\"https:\/\/ailana.eu\/lt\/wp-content\/uploads\/2020\/09\/pexels-engin-akyurt-3252766.jpg 1200w, https:\/\/ailana.eu\/lt\/wp-content\/uploads\/2020\/09\/pexels-engin-akyurt-3252766-300x200.jpg 300w, https:\/\/ailana.eu\/lt\/wp-content\/uploads\/2020\/09\/pexels-engin-akyurt-3252766-1024x683.jpg 1024w\" data-aspect=\"1.5\" \/><\/figure>\t<\/div><!-- \/.cb-img-container -->\n\n\t<span class=\"cb-overlay\"><\/span><!-- \/.cb-overlay -->\n\n\t<div class=\"fancy-box-contents border-radius-3\">\n\t\t\n\t\t<div class=\"fancy-box-header\">\n\t\t\t\t\t\t<h3 class=\"font-weight-semibold\" >Vaisi\u0173 ir dar\u017eovi\u0173 sultys<\/h3>\t\t\t<p style=\"text-align: justify;\">Svarbi ferment\u0173 taikymo sritis g\u0117rim\u0173 pramon\u0117je yra vaisi\u0173 ir dar\u017eovi\u0173 sul\u010di\u0173 gavyba. M\u016bs\u0173 fermentai ypa\u010d naudojami obuoli\u0173 ir kriau\u0161i\u0173 sultims &#8230;<\/p>\n\t\t<\/div><!-- \/.fancy-box-header -->\n\t\t\n\t\t\n\t<\/div><!-- \/.fancy-box-contents -->\n\n\t<a href=\"http:\/\/ailana.eu\/lt\/paslaugos\/vaisiu-ir-darzoviu-sultys\/\" class=\"liquid-overlay-link\"><\/a>\t\n<\/div><!-- \/.fancy-box fancy-box-classes -->[\/vc_column][vc_column width=&#8221;1\/3&#8243;]\n<div id=\"ld_content_box_69f3d5946c9c1\" class=\"fancy-box border-radius-3 scheme-light fancy-box-heading-md fancy-box-overlay tall ld_content_box_69f3d5946c9c1\">\n\t\n\t<div class=\"cb-img-container border-radius-3\">\n\t\t<figure class=\"fancy-box-image border-radius-3\" data-responsive-bg=\"true\" data-liquid-blur=\"true\" data-blur-options='{\"imgSrc\":\"backgroundImage\",\"radius\":50,\"blurHandlerOn\":\"static\"}'><img decoding=\"async\" width=\"1200\" height=\"800\" src=\"data:image\/svg+xml;charset=utf-8,&lt;svg xmlns%3D&#039;http%3A%2F%2Fwww.w3.org%2F2000%2Fsvg&#039; viewBox%3D&#039;0 0 1200 800&#039;%2F&gt;\" class=\"invisible ld-lazyload\" alt=\"Krakmolas i\u0161 gr\u016bd\u0173\" srcset=\"\" sizes=\"(max-width: 1200px) 100vw, 1200px\" data-src=\"https:\/\/ailana.eu\/lt\/wp-content\/uploads\/2020\/12\/Untitled-1.jpg\" data-srcset=\"https:\/\/ailana.eu\/lt\/wp-content\/uploads\/2020\/12\/Untitled-1.jpg 1200w, https:\/\/ailana.eu\/lt\/wp-content\/uploads\/2020\/12\/Untitled-1-300x200.jpg 300w, https:\/\/ailana.eu\/lt\/wp-content\/uploads\/2020\/12\/Untitled-1-1024x683.jpg 1024w\" data-aspect=\"1.5\" \/><\/figure>\t<\/div><!-- \/.cb-img-container -->\n\n\t<span class=\"cb-overlay\"><\/span><!-- \/.cb-overlay -->\n\n\t<div class=\"fancy-box-contents border-radius-3\">\n\t\t\n\t\t<div class=\"fancy-box-header\">\n\t\t\t\t\t\t<h3 class=\"font-weight-semibold\" >Krakmolas i\u0161 gr\u016bd\u0173<\/h3>\t\t\t<p style=\"text-align: justify;\">&#8220;Ailana&#8221; si\u016blo plat\u0173 alfa-amilazi\u0173 ir gliukoamilazi\u0173 asortiment\u0105, skirt\u0105 krakmolo apdorojimui atsi\u017evelngiant \u012f norim\u0105 i\u0161gauti galutin\u012f produkt\u0105. &#8230;<\/p>\n\t\t<\/div><!-- \/.fancy-box-header -->\n\t\t\n\t\t\n\t<\/div><!-- \/.fancy-box-contents -->\n\n\t<a href=\"http:\/\/ailana.eu\/lt\/paslaugos\/krakmolas-is-grudu\/\" class=\"liquid-overlay-link\"><\/a>\t\n<\/div><!-- \/.fancy-box fancy-box-classes -->[\/vc_column][\/vc_row][vc_row gap=&#8221;20&#8243; css=&#8221;.vc_custom_1600517350568{margin-bottom: 70px !important;}&#8221;][vc_column width=&#8221;1\/3&#8243;]\n<div id=\"ld_content_box_69f3d594ae9bf\" class=\"fancy-box border-radius-3 scheme-light fancy-box-heading-md fancy-box-overlay shadowed tall ld_content_box_69f3d594ae9bf\">\n\t\n\t<div class=\"cb-img-container border-radius-3\">\n\t\t<figure class=\"fancy-box-image border-radius-3\" data-responsive-bg=\"true\" data-liquid-blur=\"true\" data-blur-options='{\"imgSrc\":\"backgroundImage\",\"radius\":50,\"blurHandlerOn\":\"static\"}'><img decoding=\"async\" width=\"1200\" height=\"800\" src=\"data:image\/svg+xml;charset=utf-8,&lt;svg xmlns%3D&#039;http%3A%2F%2Fwww.w3.org%2F2000%2Fsvg&#039; viewBox%3D&#039;0 0 1200 800&#039;%2F&gt;\" class=\"invisible ld-lazyload\" alt=\"Vynas\" srcset=\"\" sizes=\"(max-width: 1200px) 100vw, 1200px\" data-src=\"https:\/\/ailana.eu\/lt\/wp-content\/uploads\/2020\/09\/pexels-burst-374774.jpg\" data-srcset=\"https:\/\/ailana.eu\/lt\/wp-content\/uploads\/2020\/09\/pexels-burst-374774.jpg 1200w, https:\/\/ailana.eu\/lt\/wp-content\/uploads\/2020\/09\/pexels-burst-374774-300x200.jpg 300w, https:\/\/ailana.eu\/lt\/wp-content\/uploads\/2020\/09\/pexels-burst-374774-1024x683.jpg 1024w\" data-aspect=\"1.5\" \/><\/figure>\t<\/div><!-- \/.cb-img-container -->\n\n\t<span class=\"cb-overlay\"><\/span><!-- \/.cb-overlay -->\n\n\t<div class=\"fancy-box-contents border-radius-3\">\n\t\t\n\t\t<div class=\"fancy-box-header\">\n\t\t\t\t\t\t<h3 class=\"font-weight-semibold\" >Vynas<\/h3>\t\t\t<p style=\"text-align: justify;\">\u012emon\u0117 &#8220;Ailana\u201c si\u016blo didel\u012f vyno gamybai skirt\u0173 ferment\u0173 asortiment\u0105, kurie pasi\u017eymi dideliu pektinaz\u0117s ir arabinanaz\u0117s, &#8230;<\/p>\n\t\t<\/div><!-- \/.fancy-box-header -->\n\t\t\n\t\t\n\t<\/div><!-- \/.fancy-box-contents -->\n\n\t<a href=\"http:\/\/ailana.eu\/lt\/paslaugos\/vynas\/\" class=\"liquid-overlay-link\"><\/a>\t\n<\/div><!-- \/.fancy-box fancy-box-classes -->[\/vc_column][vc_column width=&#8221;2\/3&#8243;]<style>.ld_content_box_69f3d594e627d{min-height:460px;}<\/style>\n<div id=\"ld_content_box_69f3d594e627d\" class=\"fancy-box border-radius-3 scheme-light fancy-box-heading-md fancy-box-overlay shadowed fancy-box-custom-height ld_content_box_69f3d594e627d\">\n\t\n\t<div class=\"cb-img-container border-radius-3\">\n\t\t<figure class=\"fancy-box-image border-radius-3\" data-responsive-bg=\"true\" data-liquid-blur=\"true\" data-blur-options='{\"imgSrc\":\"backgroundImage\",\"radius\":50,\"blurHandlerOn\":\"static\"}'><img decoding=\"async\" width=\"1200\" height=\"800\" src=\"data:image\/svg+xml;charset=utf-8,&lt;svg xmlns%3D&#039;http%3A%2F%2Fwww.w3.org%2F2000%2Fsvg&#039; viewBox%3D&#039;0 0 1200 800&#039;%2F&gt;\" class=\"invisible ld-lazyload\" alt=\"Kita\" srcset=\"\" sizes=\"(max-width: 1200px) 100vw, 1200px\" data-src=\"https:\/\/ailana.eu\/lt\/wp-content\/uploads\/2020\/09\/pexels-daria-obymaha-1683975.jpg\" data-srcset=\"https:\/\/ailana.eu\/lt\/wp-content\/uploads\/2020\/09\/pexels-daria-obymaha-1683975.jpg 1200w, https:\/\/ailana.eu\/lt\/wp-content\/uploads\/2020\/09\/pexels-daria-obymaha-1683975-300x200.jpg 300w, https:\/\/ailana.eu\/lt\/wp-content\/uploads\/2020\/09\/pexels-daria-obymaha-1683975-1024x683.jpg 1024w\" data-aspect=\"1.5\" \/><\/figure>\t<\/div><!-- \/.cb-img-container -->\n\n\t<span class=\"cb-overlay\"><\/span><!-- \/.cb-overlay -->\n\n\t<div class=\"fancy-box-contents border-radius-3\">\n\t\t\n\t\t<div class=\"fancy-box-header\">\n\t\t\t\t\t\t<h3 class=\"font-weight-semibold\" >Kita<\/h3>\t\t\t<p style=\"text-align: justify;\">Ar jums reikalinga m\u016bs\u0173 pagalba? \u201eAilanoje\u201c turime kelet\u0105 technini\u0173 komand\u0173, kurios leid\u017eia mums jud\u0117ti \u012f priek\u012f ir pad\u0117ti klientams tinkamai \u012fgyvendinti savo id\u0117jas.<br \/>\nSusisiekite su mumis, jei turite id\u0117j\u0105 arba manote, kad jums reikia pagalbos, kad paverstum\u0117te savo id\u0117j\u0105 produktu, o \u201eAilana\u201c bus \u010dia pat, kad pad\u0117t\u0173 sukurti prid\u0117tin\u0119 vert\u0119 j\u016bs\u0173 produktui.<\/p>\n\t\t<\/div><!-- \/.fancy-box-header -->\n\t\t\n\t\t\n\t<\/div><!-- \/.fancy-box-contents -->\n\n\t<a href=\"http:\/\/ailana.eu\/lt\/susisiekite-su-mumis\/\" class=\"liquid-overlay-link\"><\/a>\t\n<\/div><!-- \/.fancy-box fancy-box-classes -->[\/vc_column][\/vc_row]<\/p>\n<\/section>","protected":false},"excerpt":{"rendered":"<p>[vc_row css=&#8221;.vc_custom_1599465525278{margin-top: 70px !important;}&#8221;][vc_column][\/vc_column][\/vc_row][vc_row gap=&#8221;20&#8243;][vc_column width=&#8221;1\/3&#8243;][\/vc_column][vc_column width=&#8221;1\/3&#8243;][\/vc_column][vc_column width=&#8221;1\/3&#8243;][\/vc_column][\/vc_row][vc_row gap=&#8221;20&#8243;][vc_column width=&#8221;1\/3&#8243;][\/vc_column][vc_column width=&#8221;1\/3&#8243;][\/vc_column][vc_column width=&#8221;1\/3&#8243;][\/vc_column][\/vc_row][vc_row gap=&#8221;20&#8243; css=&#8221;.vc_custom_1600517350568{margin-bottom: 70px&#8230;<\/p>\n","protected":false},"author":1,"featured_media":0,"parent":0,"menu_order":0,"comment_status":"closed","ping_status":"closed","template":"","meta":{"footnotes":""},"class_list":["post-7167","page","type-page","status-publish","hentry"],"_links":{"self":[{"href":"https:\/\/ailana.eu\/lt\/wp-json\/wp\/v2\/pages\/7167","targetHints":{"allow":["GET"]}}],"collection":[{"href":"https:\/\/ailana.eu\/lt\/wp-json\/wp\/v2\/pages"}],"about":[{"href":"https:\/\/ailana.eu\/lt\/wp-json\/wp\/v2\/types\/page"}],"author":[{"embeddable":true,"href":"https:\/\/ailana.eu\/lt\/wp-json\/wp\/v2\/users\/1"}],"replies":[{"embeddable":true,"href":"https:\/\/ailana.eu\/lt\/wp-json\/wp\/v2\/comments?post=7167"}],"version-history":[{"count":49,"href":"https:\/\/ailana.eu\/lt\/wp-json\/wp\/v2\/pages\/7167\/revisions"}],"predecessor-version":[{"id":7786,"href":"https:\/\/ailana.eu\/lt\/wp-json\/wp\/v2\/pages\/7167\/revisions\/7786"}],"wp:attachment":[{"href":"https:\/\/ailana.eu\/lt\/wp-json\/wp\/v2\/media?parent=7167"}],"curies":[{"name":"wp","href":"https:\/\/api.w.org\/{rel}","templated":true}]}}